{"id":3072,"date":"2023-04-13T16:08:55","date_gmt":"2023-04-13T08:08:55","guid":{"rendered":"https:\/\/luxific.seowaimao.com\/?post_type=product&#038;p=3072"},"modified":"2025-04-14T15:19:57","modified_gmt":"2025-04-14T07:19:57","slug":"boxled","status":"publish","type":"product","link":"https:\/\/old.luxificlighting.com\/tr\/urun\/boxled\/","title":{"rendered":"BoxLED 20W-150W"},"content":{"rendered":"<section class=\"section\" id=\"section_2093785418\">\n\t\t<div class=\"bg section-bg fill bg-fill  bg-loaded\" >\n\n\t\t\t\n\t\t\t\n\t\t\t\n\n\t\t<\/div>\n\n\t\t\n\n\t\t<div class=\"section-content relative\">\n\t\t\t\n<div class=\"row\"  id=\"row-472090702\">\n\n\t<div id=\"col-1067309310\" class=\"col small-12 large-12\"  >\n\t\t\t\t<div class=\"col-inner\"  >\n\t\t\t\n\t\t\t\n<h2 style=\"text-align: center;\">Teknoloji \u00d6zellikleri<\/h2>\n<div style=\"overflow: auto; \" >\n<table border=\"\u201d1\u2033\" width=\"\u201d3000px\u201d\" height=\"\u201d120px\u201d\" align=\"\u201dcenter\u201d\" >\n<thead>\n<tr>\n<th>Model Ad\u0131<\/th>\n<th>LED'ler<\/th>\n<th>Power (W)<\/th>\n<th>PF<\/th>\n<th>Max. wind load area<\/th>\n<th>Pack size (mm)<\/th>\n<th>Pcs\/40HQ<\/th>\n<th>Adet\/20ft<\/th>\n<\/tr>\n<\/thead>\n<tbody>\n<tr>\n<td rowspan=\"4\">BOXLED<\/td>\n<td>16<\/td>\n<td>20-50<\/td>\n<td rowspan=\"4\">\u22650.95<\/td>\n<td rowspan=\"4\">0.21<\/td>\n<td rowspan=\"4\">420x280x610<\/td>\n<td rowspan=\"4\">1050<\/td>\n<td rowspan=\"4\">440<\/td>\n<\/tr>\n<tr>\n<td>32<\/td>\n<td>50-90<\/td>\n<\/tr>\n<tr>\n<td>48<\/td>\n<td>40-100<\/td>\n<\/tr>\n<tr>\n<td>64<\/td>\n<td>80-150<\/td>\n<\/tr>\n<\/tbody>\n<\/table>\n<\/div>\n\t\t<\/div>\n\t\t\t\t\t<\/div>\n\n\t\n<\/div>\n\t\t<\/div>\n\n\t\t\n<style>\n#section_2093785418 {\n  padding-top: 30px;\n  padding-bottom: 30px;\n}\n#section_2093785418 .ux-shape-divider--top svg {\n  height: 150px;\n  --divider-top-width: 100%;\n}\n#section_2093785418 .ux-shape-divider--bottom svg {\n  height: 150px;\n  --divider-width: 100%;\n}\n<\/style>\n\t<\/section>\n\t\n\t<section class=\"section\" id=\"section_1422234423\">\n\t\t<div class=\"bg section-bg fill bg-fill  bg-loaded\" >\n\n\t\t\t\n\t\t\t\n\t\t\t\n\n\t\t<\/div>\n\n\t\t\n\n\t\t<div class=\"section-content relative\">\n\t\t\t\n<div class=\"row\"  id=\"row-707476856\">\n\n\t<div id=\"col-1716369329\" class=\"col small-12 large-12\"  >\n\t\t\t\t<div class=\"col-inner\"  >\n\t\t\t\n\t\t\t\n<h2 style=\"text-align: center;\">Genel Bilgiler<\/h2>\n<table>\n<thead>\n<tr>\n<th>V\u00fccut:<\/th>\n<th>Paslanmaz \u00c7elik<\/th>\n<\/tr>\n<\/thead>\n<tbody>\n<tr>\n<td>Optik sistem:<\/td>\n<td>PC\/PMMA dif\u00fcz\u00f6r<\/td>\n<\/tr>\n<tr>\n<td>Bitiriyorum:<\/td>\n<td>Y\u00fczey ya\u015flanma kar\u015f\u0131t\u0131 elektrostatik spary i\u015fleme<\/td>\n<\/tr>\n<tr>\n<td>Renk s\u0131cakl\u0131\u011f\u0131:<\/td>\n<td>2200K ila 6500K<\/td>\n<\/tr>\n<tr>\n<td>\u00c7evre ortam\u0131:<\/td>\n<td>-40\u00b0 \u2103 ila +55\u00b0 \u2103<\/td>\n<\/tr>\n<tr>\n<td>Kontrol giri\u015fleri:<\/td>\n<td>DALI, 0-10V, Astro Dim, Step Dim<\/td>\n<\/tr>\n<tr>\n<td>Yal\u0131t\u0131m S\u0131n\u0131f\u0131:<\/td>\n<td>S\u0131n\u0131f I<\/td>\n<\/tr>\n<tr>\n<td>IP derecesi:<\/td>\n<td>IP66<\/td>\n<\/tr>\n<tr>\n<td>IK derecesi:<\/td>\n<td>IK09<\/td>\n<\/tr>\n<tr>\n<td>Dalgalanma Korumas\u0131:<\/td>\n<td>20KV, 20KA<\/td>\n<\/tr>\n<tr>\n<td>Se\u00e7enekler:<\/td>\n<td>Fotosel, NEMA soket, ZHAGA<\/td>\n<\/tr>\n<tr>\n<td>Sertifika:<\/td>\n<td>CE,CB,ENEC,EMC,TM21,LM79,IEC-62471<\/td>\n<\/tr>\n<\/tbody>\n<\/table>\n\t\t<\/div>\n\t\t\t\t\t<\/div>\n\n\t\n<\/div>\n\t\t<\/div>\n\n\t\t\n<style>\n#section_1422234423 {\n  padding-top: 30px;\n  padding-bottom: 30px;\n}\n#section_1422234423 .ux-shape-divider--top svg {\n  height: 150px;\n  --divider-top-width: 100%;\n}\n#section_1422234423 .ux-shape-divider--bottom svg {\n  height: 150px;\n  --divider-width: 100%;\n}\n<\/style>\n\t<\/section>\n\t\n\t<section class=\"section\" id=\"section_106873913\">\n\t\t<div class=\"bg section-bg fill bg-fill  bg-loaded\" >\n\n\t\t\t\n\t\t\t\n\t\t\t\n\n\t\t<\/div>\n\n\t\t\n\n\t\t<div class=\"section-content relative\">\n\t\t\t\n<h2 style=\"text-align: center;\">Boyutlar<\/h2>\n<div class=\"row\"  id=\"row-14228188\">\n\n\t<div id=\"col-559906859\" class=\"col medium-6 small-12 large-6\"  >\n\t\t\t\t<div class=\"col-inner\"  >\n\t\t\t\n\t\t\t\n\t<div class=\"img has-hover x md-x lg-x y md-y lg-y\" id=\"image_1639316902\">\n\t\t\t\t\t\t\t\t<div class=\"img-inner dark\" >\n\t\t\t<img loading=\"lazy\" decoding=\"async\" width=\"200\" height=\"300\" src=\"https:\/\/old.luxificlighting.com\/wp-content\/uploads\/2023\/05\/box-d1-1.jpg\" class=\"attachment-large size-large\" alt=\"\" \/>\t\t\t\t\t\t\n\t\t\t\t\t<\/div>\n\t\t\t\t\t\t\t\t\n<style>\n#image_1639316902 {\n  width: 70%;\n}\n<\/style>\n\t<\/div>\n\t\n\t\t<\/div>\n\t\t\t\t\t<\/div>\n\n\t\n\n\t<div id=\"col-967593045\" class=\"col medium-6 small-12 large-6\"  >\n\t\t\t\t<div class=\"col-inner\"  >\n\t\t\t\n\t\t\t\n\t<div class=\"img has-hover x md-x lg-x y md-y lg-y\" id=\"image_1770980695\">\n\t\t\t\t\t\t\t\t<div class=\"img-inner dark\" >\n\t\t\t<img loading=\"lazy\" decoding=\"async\" width=\"200\" height=\"300\" src=\"https:\/\/old.luxificlighting.com\/wp-content\/uploads\/2023\/05\/box-d2-1.jpg\" class=\"attachment-large size-large\" alt=\"\" \/>\t\t\t\t\t\t\n\t\t\t\t\t<\/div>\n\t\t\t\t\t\t\t\t\n<style>\n#image_1770980695 {\n  width: 70%;\n}\n<\/style>\n\t<\/div>\n\t\n\t\t<\/div>\n\t\t\t\t\t<\/div>\n\n\t\n<\/div>\n\t\t<\/div>\n\n\t\t\n<style>\n#section_106873913 {\n  padding-top: 30px;\n  padding-bottom: 30px;\n}\n#section_106873913 .ux-shape-divider--top svg {\n  height: 150px;\n  --divider-top-width: 100%;\n}\n#section_106873913 .ux-shape-divider--bottom svg {\n  height: 150px;\n  --divider-width: 100%;\n}\n<\/style>\n\t<\/section>\n\t\n\t<section class=\"section\" id=\"section_685783686\">\n\t\t<div class=\"bg section-bg fill bg-fill  bg-loaded\" >\n\n\t\t\t\n\t\t\t\n\t\t\t\n\n\t\t<\/div>\n\n\t\t\n\n\t\t<div class=\"section-content relative\">\n\t\t\t\n<div class=\"row\"  id=\"row-2069771148\">\n\n\t<div id=\"col-1955628817\" class=\"col small-12 large-12\"  >\n\t\t\t\t<div class=\"col-inner\"  >\n\t\t\t\n\t\t\t\n<h2 style=\"text-align: center;\">Optik Uygulama<\/h2>\n\t\t<\/div>\n\t\t\t\t\t<\/div>\n\n\t\n<\/div>\n<div class=\"row\"  id=\"row-191105029\">\n\n\t<div id=\"col-1012334599\" class=\"col medium-3 small-6 large-3\"  >\n\t\t\t\t<div class=\"col-inner\"  >\n\t\t\t\n\t\t\t\n\t<div class=\"img has-hover x md-x lg-x y md-y lg-y\" id=\"image_1226291087\">\n\t\t\t\t\t\t\t\t<div class=\"img-inner dark\" >\n\t\t\t<img loading=\"lazy\" decoding=\"async\" width=\"250\" height=\"260\" src=\"https:\/\/old.luxificlighting.com\/wp-content\/uploads\/2023\/05\/option1-2.jpg\" class=\"attachment-large size-large\" alt=\"\" \/>\t\t\t\t\t\t\n\t\t\t\t\t<\/div>\n\t\t\t\t\t\t\t\t\n<style>\n#image_1226291087 {\n  width: 100%;\n}\n<\/style>\n\t<\/div>\n\t\n\t\t<\/div>\n\t\t\t\t\t<\/div>\n\n\t\n\n\t<div id=\"col-1141094389\" class=\"col medium-3 small-6 large-3\"  >\n\t\t\t\t<div class=\"col-inner\"  >\n\t\t\t\n\t\t\t\n\t<div class=\"img has-hover x md-x lg-x y md-y lg-y\" id=\"image_941007077\">\n\t\t\t\t\t\t\t\t<div class=\"img-inner dark\" >\n\t\t\t<img loading=\"lazy\" decoding=\"async\" width=\"250\" height=\"260\" src=\"https:\/\/old.luxificlighting.com\/wp-content\/uploads\/2023\/05\/option2-1.jpg\" class=\"attachment-large size-large\" alt=\"\" \/>\t\t\t\t\t\t\n\t\t\t\t\t<\/div>\n\t\t\t\t\t\t\t\t\n<style>\n#image_941007077 {\n  width: 100%;\n}\n<\/style>\n\t<\/div>\n\t\n\t\t<\/div>\n\t\t\t\t\t<\/div>\n\n\t\n\n\t<div id=\"col-299188405\" class=\"col medium-3 small-6 large-3\"  >\n\t\t\t\t<div class=\"col-inner\"  >\n\t\t\t\n\t\t\t\n\t<div class=\"img has-hover x md-x lg-x y md-y lg-y\" id=\"image_1201574435\">\n\t\t\t\t\t\t\t\t<div class=\"img-inner dark\" >\n\t\t\t<img loading=\"lazy\" decoding=\"async\" width=\"250\" height=\"260\" src=\"https:\/\/old.luxificlighting.com\/wp-content\/uploads\/2023\/05\/option3-2.jpg\" class=\"attachment-large size-large\" alt=\"\" \/>\t\t\t\t\t\t\n\t\t\t\t\t<\/div>\n\t\t\t\t\t\t\t\t\n<style>\n#image_1201574435 {\n  width: 100%;\n}\n<\/style>\n\t<\/div>\n\t\n\t\t<\/div>\n\t\t\t\t\t<\/div>\n\n\t\n\n\t<div id=\"col-512555613\" class=\"col medium-3 small-6 large-3\"  >\n\t\t\t\t<div class=\"col-inner\"  >\n\t\t\t\n\t\t\t\n\t<div class=\"img has-hover x md-x lg-x y md-y lg-y\" id=\"image_553050828\">\n\t\t\t\t\t\t\t\t<div class=\"img-inner dark\" >\n\t\t\t<img loading=\"lazy\" decoding=\"async\" width=\"250\" height=\"260\" src=\"https:\/\/old.luxificlighting.com\/wp-content\/uploads\/2023\/05\/option4-2.jpg\" class=\"attachment-large size-large\" alt=\"\" \/>\t\t\t\t\t\t\n\t\t\t\t\t<\/div>\n\t\t\t\t\t\t\t\t\n<style>\n#image_553050828 {\n  width: 100%;\n}\n<\/style>\n\t<\/div>\n\t\n\t\t<\/div>\n\t\t\t\t\t<\/div>\n\n\t\n<\/div>\n\t\t<\/div>\n\n\t\t\n<style>\n#section_685783686 {\n  padding-top: 30px;\n  padding-bottom: 30px;\n}\n#section_685783686 .ux-shape-divider--top svg {\n  height: 150px;\n  --divider-top-width: 100%;\n}\n#section_685783686 .ux-shape-divider--bottom svg {\n  height: 150px;\n  --divider-width: 100%;\n}\n<\/style>\n\t<\/section>\n\t\n\t<section class=\"section\" id=\"section_1772318209\">\n\t\t<div class=\"bg section-bg fill bg-fill  bg-loaded\" >\n\n\t\t\t\n\t\t\t\n\t\t\t\n\n\t\t<\/div>\n\n\t\t\n\n\t\t<div class=\"section-content relative\">\n\t\t\t\n<div class=\"row\"  id=\"row-540140257\">\n\n\t<div id=\"col-893026551\" class=\"col small-12 large-12\"  >\n\t\t\t\t<div class=\"col-inner\"  >\n\t\t\t\n\t\t\t\n\t<div id=\"text-1835695818\" class=\"text\">\n\t\t\n<h2 style=\"text-align: center;\">Belgeler<\/h2>\n\t\t\n<style>\n#text-1835695818 {\n  text-align: center;\n}\n<\/style>\n\t<\/div>\n\t\n\t<div id=\"gap-1289980114\" class=\"gap-element clearfix\" style=\"display:block; height:auto;\">\n\t\t\n<style>\n#gap-1289980114 {\n  padding-top: 36px;\n}\n<\/style>\n\t<\/div>\n\t\n\t\t<\/div>\n\t\t\t\t\t<\/div>\n\n\t\n<\/div>\n<div class=\"row align-equal align-center\"  id=\"row-1775318997\">\n\n\t<div id=\"col-337860345\" class=\"col medium-4 small-12 large-4\"  >\n\t\t\t\t<div class=\"col-inner box-shadow-1\"  >\n\t\t\t\n\t\t\t\n<div class=\"row row-collapse align-equal align-center\"  id=\"row-1860659269\">\n\n\t<div id=\"col-813915135\" class=\"col small-12 large-12\"  >\n\t\t\t\t<div class=\"col-inner text-center dark\" style=\"background-color:rgb(20, 184, 166);\" >\n\t\t\t\n\t<div class=\"is-border\"\n\t\tstyle=\"border-color:rgb(255, 255, 255);border-width:0px 0px 10px 0px;\">\n\t<\/div>\n\t\t\t\n<p>InstructionInstall instruction<\/p>\n\t\t<\/div>\n\t\t\t\t\n<style>\n#col-813915135 > .col-inner {\n  padding: 24px 0px 24px 0px;\n  border-radius: 8px;\n}\n<\/style>\n\t<\/div>\n\n\t\n<\/div>\n<div class=\"row row-collapse\"  id=\"row-1992463453\">\n\n\t<div id=\"col-840437295\" class=\"col small-12 large-12\"  >\n\t\t\t\t<div class=\"col-inner text-center\"  >\n\t\t\t\n\t\t\t\n<a class=\"button primary is-outline is-large expand\"  >\n    <span>\u0130ndir<\/span>\n  <\/a>\n\n\t\t<\/div>\n\t\t\t\t\n<style>\n#col-840437295 > .col-inner {\n  margin: 16px 0px 16px 0px;\n}\n<\/style>\n\t<\/div>\n\n\t\n\n<style>\n#row-1992463453 > .col > .col-inner {\n  padding: 0px 30px 0px 30px;\n}\n@media (min-width:550px) {\n  #row-1992463453 > .col > .col-inner {\n    padding: 0px 20px 0px 20px;\n  }\n}\n@media (min-width:850px) {\n  #row-1992463453 > .col > .col-inner {\n    padding: 0px 40px 0px 40px;\n  }\n}\n<\/style>\n<\/div>\n\t\t<\/div>\n\t\t\t\t\n<style>\n#col-337860345 > .col-inner {\n  margin: 16px 0px 16px 0px;\n  border-radius: 10px;\n}\n<\/style>\n\t<\/div>\n\n\t\n\n\t<div id=\"col-2020318785\" class=\"col medium-4 small-12 large-4\"  >\n\t\t\t\t<div class=\"col-inner box-shadow-1\"  >\n\t\t\t\n\t\t\t\n<div class=\"row row-collapse align-equal align-center\"  id=\"row-772378715\">\n\n\t<div id=\"col-1001317320\" class=\"col small-12 large-12\"  >\n\t\t\t\t<div class=\"col-inner text-center dark\" style=\"background-color:rgb(20, 184, 166);\" >\n\t\t\t\n\t<div class=\"is-border\"\n\t\tstyle=\"border-color:rgb(255, 255, 255);border-width:0px 0px 10px 0px;\">\n\t<\/div>\n\t\t\t\n<p>CertificateCB<\/p>\n\t\t<\/div>\n\t\t\t\t\n<style>\n#col-1001317320 > .col-inner {\n  padding: 24px 0px 24px 0px;\n  border-radius: 10px;\n}\n<\/style>\n\t<\/div>\n\n\t\n<\/div>\n<div class=\"row row-collapse\"  id=\"row-3080510\">\n\n\t<div id=\"col-1620493479\" class=\"col small-12 large-12\"  >\n\t\t\t\t<div class=\"col-inner text-center\"  >\n\t\t\t\n\t\t\t\n<a class=\"button primary is-outline expand\"  >\n    <span>\u0130ndir<\/span>\n  <\/a>\n\n\t\t<\/div>\n\t\t\t\t\n<style>\n#col-1620493479 > .col-inner {\n  margin: 16px 0px 0px 0px;\n}\n<\/style>\n\t<\/div>\n\n\t\n\n<style>\n#row-3080510 > .col > .col-inner {\n  padding: 0px 30px 0px 30px;\n}\n@media (min-width:550px) {\n  #row-3080510 > .col > .col-inner {\n    padding: 0px 20px 0px 20px;\n  }\n}\n@media (min-width:850px) {\n  #row-3080510 > .col > .col-inner {\n    padding: 0px 40px 0px 40px;\n  }\n}\n<\/style>\n<\/div>\n\t\t<\/div>\n\t\t\t\t\n<style>\n#col-2020318785 > .col-inner {\n  margin: 16px 0px 16px 0px;\n  border-radius: 8px;\n}\n<\/style>\n\t<\/div>\n\n\t\n\n\t<div id=\"col-852120032\" class=\"col medium-4 small-12 large-4\"  >\n\t\t\t\t<div class=\"col-inner box-shadow-1\"  >\n\t\t\t\n\t\t\t\n<div class=\"row row-collapse align-equal align-center\"  id=\"row-1751339290\">\n\n\t<div id=\"col-524791478\" class=\"col small-12 large-12\"  >\n\t\t\t\t<div class=\"col-inner text-center dark\" style=\"background-color:#14b8a6;\" >\n\t\t\t\n\t<div class=\"is-border\"\n\t\tstyle=\"border-color:rgb(255, 255, 255);border-width:0px 0px 10px 0px;\">\n\t<\/div>\n\t\t\t\n<p>CertificateENEC<\/p>\n\t\t<\/div>\n\t\t\t\t\n<style>\n#col-524791478 > .col-inner {\n  padding: 24px 0px 24px 0px;\n  border-radius: 8px;\n}\n<\/style>\n\t<\/div>\n\n\t\n<\/div>\n<div class=\"row row-collapse\"  id=\"row-945816789\">\n\n\t<div id=\"col-1859276345\" class=\"col small-12 large-12\"  >\n\t\t\t\t<div class=\"col-inner text-center\"  >\n\t\t\t\n\t\t\t\n<a class=\"button primary is-outline is-large expand\"  >\n    <span>\u0130ndir<\/span>\n  <\/a>\n\n\t\t<\/div>\n\t\t\t\t\n<style>\n#col-1859276345 > .col-inner {\n  margin: 16px 0px 0px 0px;\n}\n<\/style>\n\t<\/div>\n\n\t\n\n<style>\n#row-945816789 > .col > .col-inner {\n  padding: 0px 30px 0px 30px;\n}\n@media (min-width:550px) {\n  #row-945816789 > .col > .col-inner {\n    padding: 0px 20px 0px 20px;\n  }\n}\n@media (min-width:850px) {\n  #row-945816789 > .col > .col-inner {\n    padding: 0px 40px 0px 40px;\n  }\n}\n<\/style>\n<\/div>\n\t\t<\/div>\n\t\t\t\t\n<style>\n#col-852120032 > .col-inner {\n  margin: 16px 0px 16px 0px;\n  border-radius: 10px;\n}\n<\/style>\n\t<\/div>\n\n\t\n\n<style>\n#row-1775318997 > .col > .col-inner {\n  background-color: rgb(255,255,255);\n}\n<\/style>\n<\/div>\n\t\t<\/div>\n\n\t\t\n<style>\n#section_1772318209 {\n  padding-top: 48px;\n  padding-bottom: 48px;\n}\n#section_1772318209 .ux-shape-divider--top svg {\n  height: 150px;\n  --divider-top-width: 100%;\n}\n#section_1772318209 .ux-shape-divider--bottom svg {\n  height: 150px;\n  --divider-width: 100%;\n}\n<\/style>\n\t<\/section>\n\t\n\t<section class=\"section dark\" id=\"section_807778393\">\n\t\t<div class=\"bg section-bg fill bg-fill  bg-loaded\" >\n\n\t\t\t\n\t\t\t\n\t\t\t\n\n\t\t<\/div>\n\n\t\t\n\n\t\t<div class=\"section-content relative\">\n\t\t\t\n\n<div class=\"row row-small align-center\"  id=\"row-420284446\">\n\n\n\t<div id=\"col-1761049212\" class=\"col small-12 large-12\"  >\n\t\t\t\t<div class=\"col-inner text-center dark\" style=\"background-color:rgb(250, 250, 249);\" >\n\t\t\t\n\t\t\t\n\n\t<div id=\"text-4006231162\" class=\"text\">\n\t\t\n\n<h3>H\u0131zl\u0131 Sorgulama<\/h3>\n<p>\u00dcr\u00fcnler hakk\u0131nda daha fazla bilgi i\u00e7in l\u00fctfen bizimle ileti\u015fime ge\u00e7in!<\/p>\n\t\t\n<style>\n#text-4006231162 {\n  color: rgb(23, 23, 23);\n}\n#text-4006231162 > * {\n  color: rgb(23, 23, 23);\n}\n<\/style>\n\t<\/div>\n\t\n<a href=\"#is-pop\" target=\"_self\" class=\"button primary\"  style=\"border-radius:8px;padding:4px 49px 4px 48px;\">\n    <span>\u0130leti\u015fime ge\u00e7<\/span>\n  <\/a>\n\n\n\n\t\t<\/div>\n\t\t\t\t\n<style>\n#col-1761049212 > .col-inner {\n  padding: 36px 0px 36px 0px;\n  border-radius: 16px;\n}\n<\/style>\n\t<\/div>\n\n\t\n\n<\/div>\n\n\t\t<\/div>\n\n\t\t\n<style>\n#section_807778393 {\n  padding-top: 30px;\n  padding-bottom: 30px;\n  background-color: rgb(255,255,255);\n}\n#section_807778393 .ux-shape-divider--top svg {\n  height: 150px;\n  --divider-top-width: 100%;\n}\n#section_807778393 .ux-shape-divider--bottom svg {\n  height: 150px;\n  --divider-width: 100%;\n}\n<\/style>\n\t<\/section>","protected":false},"excerpt":{"rendered":"<p>The BoxLED is a robust and versatile LED street light designed to meet the demands of modern urban and industrial environments. With a power range of 20W to 150W, this model delivers exceptional brightness and energy efficiency, making it ideal for highways, major roadways, large parking lots, and industrial zones. Its sleek, modular design combines durability with advanced lighting technology, ensuring reliable performance in even the most challenging conditions.<\/p>","protected":false},"featured_media":4852,"comment_status":"closed","ping_status":"closed","template":"","meta":[],"product_brand":[],"product_cat":[60],"product_tag":[],"class_list":{"0":"post-3072","1":"product","2":"type-product","3":"status-publish","4":"has-post-thumbnail","6":"product_cat-led-street-light","8":"first","9":"instock","10":"shipping-taxable","11":"product-type-simple"},"yoast_head":"<!-- This site is optimized with the Yoast SEO plugin v25.3 - https:\/\/yoast.com\/wordpress\/plugins\/seo\/ -->\n<title>BoxLed outdoor street light<\/title>\n<meta name=\"description\" content=\"Box LED street lights provide a durable and efficient lighting solution for outdoor areas. Upgrade your lighting today with our box LED street lights.\" \/>\n<meta name=\"robots\" content=\"noindex, follow, max-snippet:-1, max-image-preview:large, max-video-preview:-1\" \/>\n<meta property=\"og:locale\" content=\"tr_TR\" \/>\n<meta property=\"og:type\" content=\"article\" \/>\n<meta property=\"og:title\" content=\"BoxLed outdoor street light\" \/>\n<meta property=\"og:description\" content=\"Box LED street lights provide a durable and efficient lighting solution for outdoor areas. Upgrade your lighting today with our box LED street lights.\" \/>\n<meta property=\"og:url\" content=\"https:\/\/old.luxificlighting.com\/tr\/urun\/boxled\/\" \/>\n<meta property=\"og:site_name\" content=\"LUXIFIC\" \/>\n<meta property=\"article:modified_time\" content=\"2025-04-14T07:19:57+00:00\" \/>\n<meta property=\"og:image\" content=\"https:\/\/old.luxificlighting.com\/wp-content\/uploads\/2023\/11\/Boxled.webp\" \/>\n\t<meta property=\"og:image:width\" content=\"800\" \/>\n\t<meta property=\"og:image:height\" content=\"600\" \/>\n\t<meta property=\"og:image:type\" content=\"image\/webp\" \/>\n<meta name=\"twitter:card\" content=\"summary_large_image\" \/>\n<meta name=\"twitter:label1\" content=\"Tahmini okuma s\u00fcresi\" \/>\n\t<meta name=\"twitter:data1\" content=\"2 dakika\" \/>\n<script type=\"application\/ld+json\" class=\"yoast-schema-graph\">{\"@context\":\"https:\/\/schema.org\",\"@graph\":[{\"@type\":\"WebPage\",\"@id\":\"https:\/\/old.luxificlighting.com\/product\/boxled\/\",\"url\":\"https:\/\/old.luxificlighting.com\/product\/boxled\/\",\"name\":\"BoxLed outdoor street light\",\"isPartOf\":{\"@id\":\"https:\/\/old.luxificlighting.com\/#website\"},\"primaryImageOfPage\":{\"@id\":\"https:\/\/old.luxificlighting.com\/product\/boxled\/#primaryimage\"},\"image\":{\"@id\":\"https:\/\/old.luxificlighting.com\/product\/boxled\/#primaryimage\"},\"thumbnailUrl\":\"https:\/\/old.luxificlighting.com\/wp-content\/uploads\/2023\/11\/Boxled.webp\",\"datePublished\":\"2023-04-13T08:08:55+00:00\",\"dateModified\":\"2025-04-14T07:19:57+00:00\",\"description\":\"Box LED street lights provide a durable and efficient lighting solution for outdoor areas. Upgrade your lighting today with our box LED street lights.\",\"breadcrumb\":{\"@id\":\"https:\/\/old.luxificlighting.com\/product\/boxled\/#breadcrumb\"},\"inLanguage\":\"tr\",\"potentialAction\":[{\"@type\":\"ReadAction\",\"target\":[\"https:\/\/old.luxificlighting.com\/product\/boxled\/\"]}]},{\"@type\":\"ImageObject\",\"inLanguage\":\"tr\",\"@id\":\"https:\/\/old.luxificlighting.com\/product\/boxled\/#primaryimage\",\"url\":\"https:\/\/old.luxificlighting.com\/wp-content\/uploads\/2023\/11\/Boxled.webp\",\"contentUrl\":\"https:\/\/old.luxificlighting.com\/wp-content\/uploads\/2023\/11\/Boxled.webp\",\"width\":800,\"height\":600},{\"@type\":\"BreadcrumbList\",\"@id\":\"https:\/\/old.luxificlighting.com\/product\/boxled\/#breadcrumb\",\"itemListElement\":[{\"@type\":\"ListItem\",\"position\":1,\"name\":\"Home\",\"item\":\"https:\/\/old.luxificlighting.com\/\"},{\"@type\":\"ListItem\",\"position\":2,\"name\":\"Products\",\"item\":\"https:\/\/old.luxificlighting.com\/products\/\"},{\"@type\":\"ListItem\",\"position\":3,\"name\":\"BoxLED 20W-150W\"}]},{\"@type\":\"WebSite\",\"@id\":\"https:\/\/old.luxificlighting.com\/#website\",\"url\":\"https:\/\/old.luxificlighting.com\/\",\"name\":\"LUXIFIC\",\"description\":\"\",\"potentialAction\":[{\"@type\":\"SearchAction\",\"target\":{\"@type\":\"EntryPoint\",\"urlTemplate\":\"https:\/\/old.luxificlighting.com\/?s={search_term_string}\"},\"query-input\":{\"@type\":\"PropertyValueSpecification\",\"valueRequired\":true,\"valueName\":\"search_term_string\"}}],\"inLanguage\":\"tr\"}]}<\/script>\n<!-- \/ Yoast SEO plugin. -->","yoast_head_json":{"title":"BoxLed d\u0131\u015f mekan sokak lambas\u0131","description":"Kutu LED sokak lambalar\u0131, d\u0131\u015f mekanlar i\u00e7in dayan\u0131kl\u0131 ve verimli bir ayd\u0131nlatma \u00e7\u00f6z\u00fcm\u00fc sa\u011flar. Kutu LED sokak lambalar\u0131m\u0131zla ayd\u0131nlatman\u0131z\u0131 bug\u00fcn y\u00fckseltin.","robots":{"index":"noindex","follow":"follow","max-snippet":"max-snippet:-1","max-image-preview":"max-image-preview:large","max-video-preview":"max-video-preview:-1"},"og_locale":"tr_TR","og_type":"article","og_title":"BoxLed outdoor street light","og_description":"Box LED street lights provide a durable and efficient lighting solution for outdoor areas. Upgrade your lighting today with our box LED street lights.","og_url":"https:\/\/old.luxificlighting.com\/tr\/urun\/boxled\/","og_site_name":"LUXIFIC","article_modified_time":"2025-04-14T07:19:57+00:00","og_image":[{"width":800,"height":600,"url":"https:\/\/old.luxificlighting.com\/wp-content\/uploads\/2023\/11\/Boxled.webp","type":"image\/webp"}],"twitter_card":"summary_large_image","twitter_misc":{"Tahmini okuma s\u00fcresi":"2 dakika"},"schema":{"@context":"https:\/\/schema.org","@graph":[{"@type":"WebPage","@id":"https:\/\/old.luxificlighting.com\/product\/boxled\/","url":"https:\/\/old.luxificlighting.com\/product\/boxled\/","name":"BoxLed d\u0131\u015f mekan sokak lambas\u0131","isPartOf":{"@id":"https:\/\/old.luxificlighting.com\/#website"},"primaryImageOfPage":{"@id":"https:\/\/old.luxificlighting.com\/product\/boxled\/#primaryimage"},"image":{"@id":"https:\/\/old.luxificlighting.com\/product\/boxled\/#primaryimage"},"thumbnailUrl":"https:\/\/old.luxificlighting.com\/wp-content\/uploads\/2023\/11\/Boxled.webp","datePublished":"2023-04-13T08:08:55+00:00","dateModified":"2025-04-14T07:19:57+00:00","description":"Kutu LED sokak lambalar\u0131, d\u0131\u015f mekanlar i\u00e7in dayan\u0131kl\u0131 ve verimli bir ayd\u0131nlatma \u00e7\u00f6z\u00fcm\u00fc sa\u011flar. Kutu LED sokak lambalar\u0131m\u0131zla ayd\u0131nlatman\u0131z\u0131 bug\u00fcn y\u00fckseltin.","breadcrumb":{"@id":"https:\/\/old.luxificlighting.com\/product\/boxled\/#breadcrumb"},"inLanguage":"tr","potentialAction":[{"@type":"ReadAction","target":["https:\/\/old.luxificlighting.com\/product\/boxled\/"]}]},{"@type":"ImageObject","inLanguage":"tr","@id":"https:\/\/old.luxificlighting.com\/product\/boxled\/#primaryimage","url":"https:\/\/old.luxificlighting.com\/wp-content\/uploads\/2023\/11\/Boxled.webp","contentUrl":"https:\/\/old.luxificlighting.com\/wp-content\/uploads\/2023\/11\/Boxled.webp","width":800,"height":600},{"@type":"BreadcrumbList","@id":"https:\/\/old.luxificlighting.com\/product\/boxled\/#breadcrumb","itemListElement":[{"@type":"ListItem","position":1,"name":"Home","item":"https:\/\/old.luxificlighting.com\/"},{"@type":"ListItem","position":2,"name":"Products","item":"https:\/\/old.luxificlighting.com\/products\/"},{"@type":"ListItem","position":3,"name":"BoxLED 20W-150W"}]},{"@type":"WebSite","@id":"https:\/\/old.luxificlighting.com\/#website","url":"https:\/\/old.luxificlighting.com\/","name":"L\u00dcKS","description":"","potentialAction":[{"@type":"SearchAction","target":{"@type":"EntryPoint","urlTemplate":"https:\/\/old.luxificlighting.com\/?s={search_term_string}"},"query-input":{"@type":"PropertyValueSpecification","valueRequired":true,"valueName":"search_term_string"}}],"inLanguage":"tr"}]}},"_links":{"self":[{"href":"https:\/\/old.luxificlighting.com\/tr\/wp-json\/wp\/v2\/product\/3072","targetHints":{"allow":["GET"]}}],"collection":[{"href":"https:\/\/old.luxificlighting.com\/tr\/wp-json\/wp\/v2\/product"}],"about":[{"href":"https:\/\/old.luxificlighting.com\/tr\/wp-json\/wp\/v2\/types\/product"}],"replies":[{"embeddable":true,"href":"https:\/\/old.luxificlighting.com\/tr\/wp-json\/wp\/v2\/comments?post=3072"}],"wp:featuredmedia":[{"embeddable":true,"href":"https:\/\/old.luxificlighting.com\/tr\/wp-json\/wp\/v2\/media\/4852"}],"wp:attachment":[{"href":"https:\/\/old.luxificlighting.com\/tr\/wp-json\/wp\/v2\/media?parent=3072"}],"wp:term":[{"taxonomy":"product_brand","embeddable":true,"href":"https:\/\/old.luxificlighting.com\/tr\/wp-json\/wp\/v2\/product_brand?post=3072"},{"taxonomy":"product_cat","embeddable":true,"href":"https:\/\/old.luxificlighting.com\/tr\/wp-json\/wp\/v2\/product_cat?post=3072"},{"taxonomy":"product_tag","embeddable":true,"href":"https:\/\/old.luxificlighting.com\/tr\/wp-json\/wp\/v2\/product_tag?post=3072"}],"curies":[{"name":"wp","href":"https:\/\/api.w.org\/{rel}","templated":true}]}}