{"id":4517,"date":"2023-09-05T09:35:52","date_gmt":"2023-09-05T01:35:52","guid":{"rendered":"https:\/\/old.luxificlighting.com\/?page_id=4517"},"modified":"2025-06-13T17:11:28","modified_gmt":"2025-06-13T09:11:28","slug":"faqs","status":"publish","type":"page","link":"https:\/\/old.luxificlighting.com\/tr\/faqs\/","title":{"rendered":"SSS"},"content":{"rendered":"<div class=\"banner has-hover\" id=\"banner-368659740\">\n          <div class=\"banner-inner fill\">\n        <div class=\"banner-bg fill\" >\n            <div class=\"bg fill bg-fill\"><\/div>\n                        <div class=\"overlay\"><\/div>            \n                    <\/div>\n\t\t\n        <div class=\"banner-layers container\">\n            <div class=\"fill banner-link\"><\/div>            \n\n   <div id=\"text-box-407781973\" class=\"text-box banner-layer x50 md-x5 lg-x10 y50 md-y20 lg-y50 res-text\">\n                                <div class=\"text-box-content text dark\">\n              \n              <div class=\"text-inner text-center\">\n                  \n\n\n              <\/div>\n           <\/div>\n                            \n<style>\n#text-box-407781973 {\n  width: 100%;\n}\n#text-box-407781973 .text-box-content {\n  font-size: 100%;\n}\n@media (min-width:550px) {\n  #text-box-407781973 {\n    width: 40%;\n  }\n}\n@media (min-width:850px) {\n  #text-box-407781973 {\n    width: 32%;\n  }\n}\n<\/style>\n    <\/div>\n \n\n        <\/div>\n      <\/div>\n\n            \n<style>\n#banner-368659740 {\n  padding-top: 160px;\n  background-color: rgb(255,255,255);\n}\n#banner-368659740 .bg.bg-loaded {\n  background-image: url(https:\/\/old.luxificlighting.com\/wp-content\/uploads\/2023\/09\/faq-bg.webp);\n}\n#banner-368659740 .overlay {\n  background-color: rgba(0,0,0,.5);\n}\n#banner-368659740 .bg {\n  background-position: 50%20%;\n}\n#banner-368659740 .ux-shape-divider--top svg {\n  height: 150px;\n  --divider-top-width: 100%;\n}\n#banner-368659740 .ux-shape-divider--bottom svg {\n  height: 150px;\n  --divider-width: 100%;\n}\n@media (min-width:550px) {\n  #banner-368659740 {\n    padding-top: 240px;\n  }\n}\n@media (min-width:850px) {\n  #banner-368659740 {\n    padding-top: 240px;\n  }\n}\n<\/style>\n  <\/div>\n\n\n\t<section class=\"section\" id=\"section_781598305\">\n\t\t<div class=\"bg section-bg fill bg-fill  bg-loaded\" >\n\n\t\t\t\n\t\t\t\n\t\t\t\n\n\t\t<\/div>\n\n\t\t\n\n\t\t<div class=\"section-content relative\">\n\t\t\t\n\n<div class=\"row align-center\"  id=\"row-1036238405\">\n\n\n\t<div id=\"col-435007473\" class=\"col medium-12 small-12 large-10\"  >\n\t\t\t\t<div class=\"col-inner text-center\"  >\n\t\t\t\n\t\t\t\n\n\t<div id=\"text-3197036707\" class=\"text\">\n\t\t\n\n<h2><strong>Yard\u0131mc\u0131 olabilir miyim?<\/strong><\/h2>\n\t\t\n<style>\n#text-3197036707 {\n  text-align: center;\n}\n@media (min-width:550px) {\n  #text-3197036707 {\n    text-align: left;\n  }\n}\n<\/style>\n\t<\/div>\n\t\n\t<div id=\"text-3998989156\" class=\"text\">\n\t\t\n\n<p>\u0130\u015fte \u00fcr\u00fcnlerimiz ve hizmetlerimiz hakk\u0131nda s\u0131k\u00e7a sorulan sorulara k\u0131sa yan\u0131tlar.<\/p>\n\t\t\n<style>\n#text-3998989156 {\n  text-align: left;\n}\n<\/style>\n\t<\/div>\n\t\n\n\t\t<\/div>\n\t\t\t\t\t<\/div>\n\n\t\n\n<\/div>\n<div class=\"row align-center\"  id=\"row-1651488727\">\n\n\n\t<div id=\"col-2026570376\" class=\"col medium-12 small-12 large-10\"  >\n\t\t\t\t<div class=\"col-inner\"  >\n\t\t\t\n\t\t\t\n\n<div class=\"accordion\" rel=\"\">\n\n<div class=\"accordion-item\"><a href=\"#\" class=\"accordion-title plain\"><button class=\"toggle\" aria-label=\"Toggle\"><i class=\"icon-angle-down\"><\/i><\/button><span>LED sokak lambas\u0131, \u0131\u015f\u0131k kayna\u011f\u0131 olarak LED teknolojisini kullanan ve genellikle \u015fehir sokaklar\u0131n\u0131, yollar\u0131 ve kamusal alanlar\u0131 ayd\u0131nlatmak i\u00e7in kullan\u0131lan bir ayd\u0131nlatma cihaz\u0131d\u0131r.<\/span><\/a><div class=\"accordion-inner\">\n\n<p>Biz 17 y\u0131ll\u0131k \u00fcretim tecr\u00fcbesi ile bir fabrika, d\u00fcnya \u00e7ap\u0131nda baz\u0131 m\u00fc\u015fteriler i\u00e7in OEM konum.<\/p>\n\n<\/div><\/div>\n<div class=\"accordion-item\"><a href=\"#\" class=\"accordion-title plain\"><button class=\"toggle\" aria-label=\"Toggle\"><i class=\"icon-angle-down\"><\/i><\/button><span>Neden LED sokak lambalar\u0131n\u0131 tercih etmeliyim?<\/span><\/a><div class=\"accordion-inner\">\n\n<p>LED sokak lambalar\u0131 y\u00fcksek enerji verimlili\u011fi, uzun kullan\u0131m \u00f6mr\u00fc, d\u00fc\u015f\u00fck bak\u0131m maliyetleri ve m\u00fckemmel ayd\u0131nlatma performans\u0131 sunarak enerji tasarrufuna, emisyonlar\u0131n azalt\u0131lmas\u0131na ve s\u00fcrd\u00fcr\u00fclebilir kentsel ayd\u0131nlatmaya katk\u0131da bulunur.<\/p>\n\n<\/div><\/div>\n<div class=\"accordion-item\"><a href=\"#\" class=\"accordion-title plain\"><button class=\"toggle\" aria-label=\"Toggle\"><i class=\"icon-angle-down\"><\/i><\/button><span>Mevcut farkl\u0131 LED sokak lambas\u0131 t\u00fcrleri ve stilleri nelerdir?<\/span><\/a><div class=\"accordion-inner\">\n\n<p>Farkl\u0131 konumlar\u0131n ve ihtiya\u00e7lar\u0131n gereksinimlerini kar\u015f\u0131lamak i\u00e7in farkl\u0131 wattlar, tasar\u0131mlar ve renk s\u0131cakl\u0131klar\u0131 dahil olmak \u00fczere \u00e7e\u015fitli LED sokak lambas\u0131 t\u00fcrleri ve stilleri sunuyoruz.<\/p>\n\n<\/div><\/div>\n<div class=\"accordion-item\"><a href=\"#\" class=\"accordion-title plain\"><button class=\"toggle\" aria-label=\"Toggle\"><i class=\"icon-angle-down\"><\/i><\/button><span>\u0130htiya\u00e7lar\u0131m i\u00e7in do\u011fru LED sokak lambas\u0131n\u0131 nas\u0131l se\u00e7erim?<\/span><\/a><div class=\"accordion-inner\">\n\n<p>Uygun LED sokak lambas\u0131n\u0131n se\u00e7ilmesi ayd\u0131nlatma gereksinimlerine, alan b\u00fcy\u00fckl\u00fc\u011f\u00fcne ve b\u00fct\u00e7eye ba\u011fl\u0131d\u0131r. Sat\u0131\u015f ekibimiz, do\u011fru se\u00e7imi yapman\u0131za yard\u0131mc\u0131 olmak i\u00e7in profesyonel tavsiyelerde bulunabilir.<\/p>\n\n<\/div><\/div>\n<div class=\"accordion-item\"><a href=\"#\" class=\"accordion-title plain\"><button class=\"toggle\" aria-label=\"Toggle\"><i class=\"icon-angle-down\"><\/i><\/button><span>LED sokak lambalar\u0131 \u015fehir ayd\u0131nlatma standartlar\u0131n\u0131 kar\u015f\u0131l\u0131yor mu?<\/span><\/a><div class=\"accordion-inner\">\n\n<p>Evet, LED sokak lambalar\u0131m\u0131z uluslararas\u0131 ve yerel \u015fehir ayd\u0131nlatma standartlar\u0131na uygundur ve kentsel ortamlarda g\u00fcvenlik ve performans sa\u011flar.<\/p>\n\n<\/div><\/div>\n<div class=\"accordion-item\"><a href=\"#\" class=\"accordion-title plain\"><button class=\"toggle\" aria-label=\"Toggle\"><i class=\"icon-angle-down\"><\/i><\/button><span>LED sokak lambalar\u0131n\u0131n kullan\u0131m \u00f6mr\u00fc ne kadard\u0131r?<\/span><\/a><div class=\"accordion-inner\">\n\n<p>Tipik olarak, LED sokak lambalar\u0131 on binlerce saatlik bir \u00f6mre sahip olabilir ve tam kullan\u0131m \u00f6mr\u00fc kullan\u0131ma ve \u00e7evresel fakt\u00f6rlere ba\u011fl\u0131d\u0131r. D\u00fczenli bak\u0131m \u00f6m\u00fcrlerini uzatabilir.<\/p>\n\n<\/div><\/div>\n<div class=\"accordion-item\"><a href=\"#\" class=\"accordion-title plain\"><button class=\"toggle\" aria-label=\"Toggle\"><i class=\"icon-angle-down\"><\/i><\/button><span>LED sokak lambalar\u0131 enerji tasarruflu mu?<\/span><\/a><div class=\"accordion-inner\">\n\n<p>Evet, LED sokak lambalar\u0131 geleneksel ayd\u0131nlatma y\u00f6ntemlerine k\u0131yasla \u00f6nemli \u00f6l\u00e7\u00fcde daha enerji verimlidir, bu da \u00f6nemli \u00f6l\u00e7\u00fcde enerji tasarrufu ve elektrik faturalar\u0131nda azalma sa\u011flar.<\/p>\n\n<\/div><\/div>\n<div class=\"accordion-item\"><a href=\"#\" class=\"accordion-title plain\"><button class=\"toggle\" aria-label=\"Toggle\"><i class=\"icon-angle-down\"><\/i><\/button><span>LED sokak lambalar\u0131n\u0131n kurulumunu ve bak\u0131m\u0131n\u0131 nas\u0131l yapar\u0131m?<\/span><\/a><div class=\"accordion-inner\">\n\n<p>LED sokak lambalar\u0131n\u0131z\u0131n d\u00fczg\u00fcn \u00e7al\u0131\u015fmas\u0131n\u0131 sa\u011flamak i\u00e7in kurulum k\u0131lavuzlar\u0131 ve bak\u0131m \u00f6nerileri sunuyoruz. Profesyonel bir elektrik\u00e7inin kurulumu ger\u00e7ekle\u015ftirmesi ve armat\u00fcrleri temizlemek ve elektrik ba\u011flant\u0131lar\u0131n\u0131 incelemek i\u00e7in d\u00fczenli kontroller yapmas\u0131 tavsiye edilir.<\/p>\n\n<\/div><\/div>\n<div class=\"accordion-item\"><a href=\"#\" class=\"accordion-title plain\"><button class=\"toggle\" aria-label=\"Toggle\"><i class=\"icon-angle-down\"><\/i><\/button><span>\u00d6zel LED sokak lambas\u0131 \u00e7\u00f6z\u00fcmleri sunuyor musunuz?<\/span><\/a><div class=\"accordion-inner\">\n\n<p>Evet, belirli proje ve tasar\u0131m gereksinimlerini kar\u015f\u0131lamak i\u00e7in \u00f6zel LED sokak lambas\u0131 \u00e7\u00f6z\u00fcmleri sa\u011flayabiliriz. Daha fazla bilgi i\u00e7in l\u00fctfen sat\u0131\u015f ekibimizle ileti\u015fime ge\u00e7in.<\/p>\n\n<\/div><\/div>\n\n<\/div>\n\n\t\t<\/div>\n\t\t\t\t\t<\/div>\n\n\t\n\n<\/div>\n\n\t\t<\/div>\n\n\t\t\n<style>\n#section_781598305 {\n  padding-top: 36px;\n  padding-bottom: 36px;\n}\n#section_781598305 .ux-shape-divider--top svg {\n  height: 150px;\n  --divider-top-width: 100%;\n}\n#section_781598305 .ux-shape-divider--bottom svg {\n  height: 150px;\n  --divider-width: 100%;\n}\n@media (min-width:550px) {\n  #section_781598305 {\n    padding-top: 48px;\n    padding-bottom: 48px;\n  }\n}\n@media (min-width:850px) {\n  #section_781598305 {\n    padding-top: 60px;\n    padding-bottom: 60px;\n  }\n}\n<\/style>\n\t<\/section>\n\t\n\t<section class=\"section\" id=\"section_422681273\">\n\t\t<div class=\"bg section-bg fill bg-fill  bg-loaded\" >\n\n\t\t\t\n\t\t\t\n\t\t\t\n\n\t\t<\/div>\n\n\t\t\n\n\t\t<div class=\"section-content relative\">\n\t\t\t\n\n<div class=\"row\"  id=\"row-1152477117\">\n\n\n\t<div id=\"col-322304039\" class=\"col small-12 large-12\"  >\n\t\t\t\t<div class=\"col-inner text-center dark\" style=\"background-color:rgb(0,0,0);\" >\n\t\t\t\n\t\t\t\n\n<h2>Hala Sorunuz Var m\u0131?<\/h2>\n<p>Yukar\u0131daki SSS b\u00f6l\u00fcm\u00fcnden yard\u0131m alamazsan\u0131z, bizimle ileti\u015fime ge\u00e7ebilirsiniz ve en k\u0131sa s\u00fcrede yan\u0131t verece\u011fiz.<\/p>\n<a href=\"#is-pop\" target=\"_self\" class=\"button primary is-large\"  style=\"border-radius:99px;\">\n    <span>Teknik Dan\u0131\u015fmanl\u0131k<\/span>\n  <\/a>\n\n\n\n\t\t<\/div>\n\t\t\t\t\n<style>\n#col-322304039 > .col-inner {\n  padding: 40px 40px 40px 40px;\n}\n<\/style>\n\t<\/div>\n\n\t\n\n<\/div>\n\n\t\t<\/div>\n\n\t\t\n<style>\n#section_422681273 {\n  padding-top: 36px;\n  padding-bottom: 36px;\n}\n#section_422681273 .ux-shape-divider--top svg {\n  height: 150px;\n  --divider-top-width: 100%;\n}\n#section_422681273 .ux-shape-divider--bottom svg {\n  height: 150px;\n  --divider-width: 100%;\n}\n<\/style>\n\t<\/section>","protected":false},"excerpt":{"rendered":"","protected":false},"author":15,"featured_media":0,"parent":0,"menu_order":0,"comment_status":"closed","ping_status":"closed","template":"page-blank.php","meta":{"footnotes":""},"class_list":["post-4517","page","type-page","status-publish","hentry"],"yoast_head":"<!-- This site is optimized with the Yoast SEO plugin v25.3 - https:\/\/yoast.com\/wordpress\/plugins\/seo\/ -->\n<title>FAQs - LUXIFIC<\/title>\n<meta name=\"robots\" content=\"noindex, follow, max-snippet:-1, max-image-preview:large, max-video-preview:-1\" \/>\n<meta property=\"og:locale\" content=\"tr_TR\" \/>\n<meta property=\"og:type\" content=\"article\" \/>\n<meta property=\"og:title\" content=\"FAQs - LUXIFIC\" \/>\n<meta property=\"og:url\" content=\"https:\/\/old.luxificlighting.com\/tr\/faqs\/\" \/>\n<meta property=\"og:site_name\" content=\"LUXIFIC\" \/>\n<meta property=\"article:modified_time\" content=\"2025-06-13T09:11:28+00:00\" \/>\n<meta name=\"twitter:card\" content=\"summary_large_image\" \/>\n<script type=\"application\/ld+json\" class=\"yoast-schema-graph\">{\"@context\":\"https:\/\/schema.org\",\"@graph\":[{\"@type\":\"WebPage\",\"@id\":\"https:\/\/old.luxificlighting.com\/faqs\/\",\"url\":\"https:\/\/old.luxificlighting.com\/faqs\/\",\"name\":\"FAQs - LUXIFIC\",\"isPartOf\":{\"@id\":\"https:\/\/old.luxificlighting.com\/#website\"},\"datePublished\":\"2023-09-05T01:35:52+00:00\",\"dateModified\":\"2025-06-13T09:11:28+00:00\",\"breadcrumb\":{\"@id\":\"https:\/\/old.luxificlighting.com\/faqs\/#breadcrumb\"},\"inLanguage\":\"tr\",\"potentialAction\":[{\"@type\":\"ReadAction\",\"target\":[\"https:\/\/old.luxificlighting.com\/faqs\/\"]}]},{\"@type\":\"BreadcrumbList\",\"@id\":\"https:\/\/old.luxificlighting.com\/faqs\/#breadcrumb\",\"itemListElement\":[{\"@type\":\"ListItem\",\"position\":1,\"name\":\"Home\",\"item\":\"https:\/\/old.luxificlighting.com\/\"},{\"@type\":\"ListItem\",\"position\":2,\"name\":\"FAQs\"}]},{\"@type\":\"WebSite\",\"@id\":\"https:\/\/old.luxificlighting.com\/#website\",\"url\":\"https:\/\/old.luxificlighting.com\/\",\"name\":\"LUXIFIC\",\"description\":\"\",\"potentialAction\":[{\"@type\":\"SearchAction\",\"target\":{\"@type\":\"EntryPoint\",\"urlTemplate\":\"https:\/\/old.luxificlighting.com\/?s={search_term_string}\"},\"query-input\":{\"@type\":\"PropertyValueSpecification\",\"valueRequired\":true,\"valueName\":\"search_term_string\"}}],\"inLanguage\":\"tr\"}]}<\/script>\n<!-- \/ Yoast SEO plugin. -->","yoast_head_json":{"title":"SSS - LUXIFIC","robots":{"index":"noindex","follow":"follow","max-snippet":"max-snippet:-1","max-image-preview":"max-image-preview:large","max-video-preview":"max-video-preview:-1"},"og_locale":"tr_TR","og_type":"article","og_title":"FAQs - LUXIFIC","og_url":"https:\/\/old.luxificlighting.com\/tr\/faqs\/","og_site_name":"LUXIFIC","article_modified_time":"2025-06-13T09:11:28+00:00","twitter_card":"summary_large_image","schema":{"@context":"https:\/\/schema.org","@graph":[{"@type":"WebPage","@id":"https:\/\/old.luxificlighting.com\/faqs\/","url":"https:\/\/old.luxificlighting.com\/faqs\/","name":"SSS - LUXIFIC","isPartOf":{"@id":"https:\/\/old.luxificlighting.com\/#website"},"datePublished":"2023-09-05T01:35:52+00:00","dateModified":"2025-06-13T09:11:28+00:00","breadcrumb":{"@id":"https:\/\/old.luxificlighting.com\/faqs\/#breadcrumb"},"inLanguage":"tr","potentialAction":[{"@type":"ReadAction","target":["https:\/\/old.luxificlighting.com\/faqs\/"]}]},{"@type":"BreadcrumbList","@id":"https:\/\/old.luxificlighting.com\/faqs\/#breadcrumb","itemListElement":[{"@type":"ListItem","position":1,"name":"Home","item":"https:\/\/old.luxificlighting.com\/"},{"@type":"ListItem","position":2,"name":"FAQs"}]},{"@type":"WebSite","@id":"https:\/\/old.luxificlighting.com\/#website","url":"https:\/\/old.luxificlighting.com\/","name":"L\u00dcKS","description":"","potentialAction":[{"@type":"SearchAction","target":{"@type":"EntryPoint","urlTemplate":"https:\/\/old.luxificlighting.com\/?s={search_term_string}"},"query-input":{"@type":"PropertyValueSpecification","valueRequired":true,"valueName":"search_term_string"}}],"inLanguage":"tr"}]}},"_links":{"self":[{"href":"https:\/\/old.luxificlighting.com\/tr\/wp-json\/wp\/v2\/pages\/4517","targetHints":{"allow":["GET"]}}],"collection":[{"href":"https:\/\/old.luxificlighting.com\/tr\/wp-json\/wp\/v2\/pages"}],"about":[{"href":"https:\/\/old.luxificlighting.com\/tr\/wp-json\/wp\/v2\/types\/page"}],"author":[{"embeddable":true,"href":"https:\/\/old.luxificlighting.com\/tr\/wp-json\/wp\/v2\/users\/15"}],"replies":[{"embeddable":true,"href":"https:\/\/old.luxificlighting.com\/tr\/wp-json\/wp\/v2\/comments?post=4517"}],"version-history":[{"count":21,"href":"https:\/\/old.luxificlighting.com\/tr\/wp-json\/wp\/v2\/pages\/4517\/revisions"}],"predecessor-version":[{"id":6156,"href":"https:\/\/old.luxificlighting.com\/tr\/wp-json\/wp\/v2\/pages\/4517\/revisions\/6156"}],"wp:attachment":[{"href":"https:\/\/old.luxificlighting.com\/tr\/wp-json\/wp\/v2\/media?parent=4517"}],"curies":[{"name":"wp","href":"https:\/\/api.w.org\/{rel}","templated":true}]}}