{"id":3070,"date":"2023-04-13T15:29:00","date_gmt":"2023-04-13T07:29:00","guid":{"rendered":"https:\/\/luxific.seowaimao.com\/?post_type=product&#038;p=3070"},"modified":"2025-04-14T15:33:28","modified_gmt":"2025-04-14T07:33:28","slug":"vega-3f","status":"publish","type":"product","link":"https:\/\/old.luxificlighting.com\/pt\/produto\/vega-3f\/","title":{"rendered":"VEGA 3F 110W-220W"},"content":{"rendered":"<section class=\"section\" id=\"section_1438560933\">\n\t\t<div class=\"bg section-bg fill bg-fill  bg-loaded\" >\n\n\t\t\t\n\t\t\t\n\t\t\t\n\n\t\t<\/div>\n\n\t\t\n\n\t\t<div class=\"section-content relative\">\n\t\t\t\n<div class=\"row\"  id=\"row-72972771\">\n\n\t<div id=\"col-293475942\" class=\"col small-12 large-12\"  >\n\t\t\t\t<div class=\"col-inner\"  >\n\t\t\t\n\t\t\t\n<h2 style=\"text-align: center;\">Especifica\u00e7\u00f5es de tecnologia<\/h2>\n<div style=\"overflow: auto; \" >\n<table border=\"\u201d1\u2033\" width=\"\u201d3000px\u201d\" height=\"\u201d120px\u201d\" align=\"\u201dcenter\u201d\" >\n<thead>\n<tr>\n<th>nome do modelo<\/th>\n<th>LEDs<\/th>\n<th>Poder<br \/>(C)<\/th>\n<th>Fator de pot\u00eancia,PF<\/th>\n<th>\u00c1rea m\u00e1xima de carga de vento, SCd, m2<\/th>\n<th>Altura de instala\u00e7\u00e3o (m)<\/th>\n<\/tr>\n<\/thead>\n<tbody>\n<tr>\n<td rowspan=\"4\">VEGA 3F<\/td>\n<td>48<\/td>\n<td>110-130<\/td>\n<td>\uff1e0.95<\/td>\n<td>0.22<\/td>\n<td>10<\/td>\n<\/tr>\n<tr>\n<td>64<\/td>\n<td>130-150<\/td>\n<td>\uff1e0.95<\/td>\n<td>0.22<\/td>\n<td>12<\/td>\n<\/tr>\n<tr>\n<td>80<\/td>\n<td>150-180<\/td>\n<td>\uff1e0.95<\/td>\n<td>0.22<\/td>\n<td>14<\/td>\n<\/tr>\n<tr>\n<td>120<\/td>\n<td>180-220<\/td>\n<td>\uff1e0.95<\/td>\n<td>0.22<\/td>\n<td>16<\/td>\n<\/tr>\n<\/tbody>\n<\/table>\n<\/div>\n\t\t<\/div>\n\t\t\t\t\t<\/div>\n\n\t\n<\/div>\n\t\t<\/div>\n\n\t\t\n<style>\n#section_1438560933 {\n  padding-top: 30px;\n  padding-bottom: 30px;\n}\n#section_1438560933 .ux-shape-divider--top svg {\n  height: 150px;\n  --divider-top-width: 100%;\n}\n#section_1438560933 .ux-shape-divider--bottom svg {\n  height: 150px;\n  --divider-width: 100%;\n}\n<\/style>\n\t<\/section>\n\t\n\t<section class=\"section\" id=\"section_64705648\">\n\t\t<div class=\"bg section-bg fill bg-fill  bg-loaded\" >\n\n\t\t\t\n\t\t\t\n\t\t\t\n\n\t\t<\/div>\n\n\t\t\n\n\t\t<div class=\"section-content relative\">\n\t\t\t\n<div class=\"row\"  id=\"row-1735201744\">\n\n\t<div id=\"col-215019174\" class=\"col small-12 large-12\"  >\n\t\t\t\t<div class=\"col-inner\"  >\n\t\t\t\n\t\t\t\n<h2 style=\"text-align: center;\">Informa\u00e7\u00f5es gerais<\/h2>\n<table width=\"430\">\n<tbody>\n<tr>\n<td width=\"185\">Tens\u00e3o, V<\/td>\n<td width=\"245\">200- 240<\/td>\n<\/tr>\n<tr>\n<td width=\"185\">Frequ\u00eancia,Hz<\/td>\n<td width=\"245\">50\/60<\/td>\n<\/tr>\n<tr>\n<td width=\"185\">Corpo:<\/td>\n<td width=\"245\">Die -Cast ALum\u00ednio<\/td>\n<\/tr>\n<tr>\n<td width=\"185\">Sistema \u00f3ptico:<\/td>\n<td width=\"245\">Refletor em alum\u00ednio anodizado e difusor em PC\/PMMA<\/td>\n<\/tr>\n<tr>\n<td width=\"185\">El\u00e9trico:<\/td>\n<td width=\"245\">Conector liga\/desliga r\u00e1pido quando aberto.<\/td>\n<\/tr>\n<tr>\n<td width=\"185\">Acabamento:<\/td>\n<td width=\"245\">Processamento de pulveriza\u00e7\u00e3o eletrost\u00e1tica antienvelhecimento de superf\u00edcie.<\/td>\n<\/tr>\n<tr>\n<td width=\"185\">Temperatura de cor:<\/td>\n<td width=\"245\">2200K a 6500K<\/td>\n<\/tr>\n<tr>\n<td width=\"185\">Ambiente Ambiental:<\/td>\n<td width=\"245\">&#039;-40\u00b0C a +55\u00b0C<\/td>\n<\/tr>\n<tr>\n<td width=\"185\">Entradas de controle: El\u00e9trica<\/td>\n<td width=\"245\">DALI, 0-10V, Astro Dim, Step Dim<\/td>\n<\/tr>\n<tr>\n<td width=\"185\">aula :<\/td>\n<td width=\"245\">Classe I\/II<\/td>\n<\/tr>\n<tr>\n<td width=\"185\">Classifica\u00e7\u00e3o IP:<\/td>\n<td width=\"245\">IP66<\/td>\n<\/tr>\n<tr>\n<td width=\"185\">Classifica\u00e7\u00e3o IK:<\/td>\n<td width=\"245\">IK09<\/td>\n<\/tr>\n<tr>\n<td width=\"185\">Prote\u00e7\u00e3o contra surtos:<\/td>\n<td width=\"245\">10KV, 10KA<\/td>\n<\/tr>\n<tr>\n<td width=\"185\">Op\u00e7\u00f5es:<\/td>\n<td width=\"245\">Fotoc\u00e9lula, soquete NEMA, Zhaga<\/td>\n<\/tr>\n<tr>\n<td width=\"185\">Certifica\u00e7\u00e3o:<\/td>\n<td width=\"245\">Marca\u00e7\u00e3o,CB,ENEC,EMC.TM21,LM791EC-62471<\/td>\n<\/tr>\n<\/tbody>\n<\/table>\n\t\t<\/div>\n\t\t\t\t\t<\/div>\n\n\t\n<\/div>\n\t\t<\/div>\n\n\t\t\n<style>\n#section_64705648 {\n  padding-top: 30px;\n  padding-bottom: 30px;\n}\n#section_64705648 .ux-shape-divider--top svg {\n  height: 150px;\n  --divider-top-width: 100%;\n}\n#section_64705648 .ux-shape-divider--bottom svg {\n  height: 150px;\n  --divider-width: 100%;\n}\n<\/style>\n\t<\/section>\n\t\n\n\n\t<section class=\"section\" id=\"section_20576187\">\n\t\t<div class=\"bg section-bg fill bg-fill  bg-loaded\" >\n\n\t\t\t\n\t\t\t\n\t\t\t\n\n\t\t<\/div>\n\n\t\t\n\n\t\t<div class=\"section-content relative\">\n\t\t\t\n<div class=\"row\"  id=\"row-1733081543\">\n\n\t<div id=\"col-83411455\" class=\"col small-12 large-12\"  >\n\t\t\t\t<div class=\"col-inner\"  >\n\t\t\t\n\t\t\t\n<h2 style=\"text-align: center;\">Aplica\u00e7\u00e3o \u00f3ptica<\/h2>\n\t\t<\/div>\n\t\t\t\t\t<\/div>\n\n\t\n<\/div>\n<div class=\"row\"  id=\"row-165735893\">\n\n\t<div id=\"col-1875139053\" class=\"col small-6 large-12\"  >\n\t\t\t\t<div class=\"col-inner\"  >\n\t\t\t\n\t\t\t\n\t<div class=\"img has-hover x md-x lg-x y md-y lg-y\" id=\"image_1425398065\">\n\t\t\t\t\t\t\t\t<div class=\"img-inner image-cover dark\" style=\"padding-top:75%;\">\n\t\t\t<img loading=\"lazy\" decoding=\"async\" width=\"1000\" height=\"750\" src=\"https:\/\/old.luxificlighting.com\/wp-content\/uploads\/2024\/05\/vega_f_led_flood_light_optical_application.webp\" class=\"attachment-original size-original\" alt=\"vega f led flood light optical application\" srcset=\"https:\/\/old.luxificlighting.com\/wp-content\/uploads\/2024\/05\/vega_f_led_flood_light_optical_application.webp 1000w, https:\/\/old.luxificlighting.com\/wp-content\/uploads\/2024\/05\/vega_f_led_flood_light_optical_application-300x225.webp 300w, https:\/\/old.luxificlighting.com\/wp-content\/uploads\/2024\/05\/vega_f_led_flood_light_optical_application-768x576.webp 768w, https:\/\/old.luxificlighting.com\/wp-content\/uploads\/2024\/05\/vega_f_led_flood_light_optical_application-16x12.webp 16w, https:\/\/old.luxificlighting.com\/wp-content\/uploads\/2024\/05\/vega_f_led_flood_light_optical_application-500x375.webp 500w, https:\/\/old.luxificlighting.com\/wp-content\/uploads\/2024\/05\/vega_f_led_flood_light_optical_application-800x600.webp 800w\" sizes=\"auto, (max-width: 1000px) 100vw, 1000px\" \/>\t\t\t\t\t\t\n\t\t\t\t\t<\/div>\n\t\t\t\t\t\t\t\t\n<style>\n#image_1425398065 {\n  width: 100%;\n}\n<\/style>\n\t<\/div>\n\t\n\t\t<\/div>\n\t\t\t\t\t<\/div>\n\n\t\n<\/div>\n\t\t<\/div>\n\n\t\t\n<style>\n#section_20576187 {\n  padding-top: 30px;\n  padding-bottom: 30px;\n}\n#section_20576187 .ux-shape-divider--top svg {\n  height: 150px;\n  --divider-top-width: 100%;\n}\n#section_20576187 .ux-shape-divider--bottom svg {\n  height: 150px;\n  --divider-width: 100%;\n}\n<\/style>\n\t<\/section>\n\t\n\t<section class=\"section\" id=\"section_1467909577\">\n\t\t<div class=\"bg section-bg fill bg-fill  bg-loaded\" >\n\n\t\t\t\n\t\t\t\n\t\t\t\n\n\t\t<\/div>\n\n\t\t\n\n\t\t<div class=\"section-content relative\">\n\t\t\t\n<div class=\"row\"  id=\"row-1671540788\">\n\n\t<div id=\"col-138393237\" class=\"col small-12 large-12\"  >\n\t\t\t\t<div class=\"col-inner\"  >\n\t\t\t\n\t\t\t\n\t<div id=\"text-2587833576\" class=\"text\">\n\t\t\n<h2>Documenta\u00e7\u00f5es<\/h2>\n\t\t\n<style>\n#text-2587833576 {\n  text-align: center;\n}\n<\/style>\n\t<\/div>\n\t\n\t<div id=\"gap-94314373\" class=\"gap-element clearfix\" style=\"display:block; height:auto;\">\n\t\t\n<style>\n#gap-94314373 {\n  padding-top: 36px;\n}\n<\/style>\n\t<\/div>\n\t\n\t\t<\/div>\n\t\t\t\t\t<\/div>\n\n\t\n<\/div>\n<div class=\"row align-equal align-center\"  id=\"row-1766133192\">\n\n\t<div id=\"col-715056562\" class=\"col medium-4 small-12 large-4\"  >\n\t\t\t\t<div class=\"col-inner box-shadow-1\"  >\n\t\t\t\n\t\t\t\n<div class=\"row row-collapse align-equal align-center\"  id=\"row-208577839\">\n\n\t<div id=\"col-1661824452\" class=\"col small-12 large-12\"  >\n\t\t\t\t<div class=\"col-inner text-center dark\" style=\"background-color:rgb(20, 184, 166);\" >\n\t\t\t\n\t<div class=\"is-border\"\n\t\tstyle=\"border-color:rgb(255, 255, 255);border-width:0px 0px 10px 0px;\">\n\t<\/div>\n\t\t\t\n<p>Instru\u00e7\u00e3o<\/p>\n<p>Instru\u00e7\u00f5es de instala\u00e7\u00e3o<\/p>\n\t\t<\/div>\n\t\t\t\t\n<style>\n#col-1661824452 > .col-inner {\n  padding: 24px 0px 24px 0px;\n  border-radius: 8px;\n}\n<\/style>\n\t<\/div>\n\n\t\n<\/div>\n<div class=\"row row-collapse\"  id=\"row-1429243366\">\n\n\t<div id=\"col-1422019732\" class=\"col small-12 large-12\"  >\n\t\t\t\t<div class=\"col-inner text-center\"  >\n\t\t\t\n\t\t\t\n<a class=\"button primary is-outline is-large expand\"  >\n    <span>Download<\/span>\n  <\/a>\n\n\t\t<\/div>\n\t\t\t\t\n<style>\n#col-1422019732 > .col-inner {\n  margin: 16px 0px 16px 0px;\n}\n<\/style>\n\t<\/div>\n\n\t\n\n<style>\n#row-1429243366 > .col > .col-inner {\n  padding: 0px 30px 0px 30px;\n}\n@media (min-width:550px) {\n  #row-1429243366 > .col > .col-inner {\n    padding: 0px 20px 0px 20px;\n  }\n}\n@media (min-width:850px) {\n  #row-1429243366 > .col > .col-inner {\n    padding: 0px 40px 0px 40px;\n  }\n}\n<\/style>\n<\/div>\n\t\t<\/div>\n\t\t\t\t\n<style>\n#col-715056562 > .col-inner {\n  margin: 16px 0px 16px 0px;\n  border-radius: 10px;\n}\n<\/style>\n\t<\/div>\n\n\t\n\n\t<div id=\"col-1022035976\" class=\"col medium-4 small-12 large-4\"  >\n\t\t\t\t<div class=\"col-inner box-shadow-1\"  >\n\t\t\t\n\t\t\t\n<div class=\"row row-collapse align-equal align-center\"  id=\"row-2025296913\">\n\n\t<div id=\"col-1814691835\" class=\"col small-12 large-12\"  >\n\t\t\t\t<div class=\"col-inner text-center dark\" style=\"background-color:rgb(20, 184, 166);\" >\n\t\t\t\n\t<div class=\"is-border\"\n\t\tstyle=\"border-color:rgb(255, 255, 255);border-width:0px 0px 10px 0px;\">\n\t<\/div>\n\t\t\t\n<p>Certificado<\/p>\n<p>CB<\/p>\n\t\t<\/div>\n\t\t\t\t\n<style>\n#col-1814691835 > .col-inner {\n  padding: 24px 0px 24px 0px;\n  border-radius: 10px;\n}\n<\/style>\n\t<\/div>\n\n\t\n<\/div>\n<div class=\"row row-collapse\"  id=\"row-31866762\">\n\n\t<div id=\"col-1041561270\" class=\"col small-12 large-12\"  >\n\t\t\t\t<div class=\"col-inner text-center\"  >\n\t\t\t\n\t\t\t\n<a class=\"button primary is-outline expand\"  >\n    <span>Download<\/span>\n  <\/a>\n\n\t\t<\/div>\n\t\t\t\t\n<style>\n#col-1041561270 > .col-inner {\n  margin: 16px 0px 0px 0px;\n}\n<\/style>\n\t<\/div>\n\n\t\n\n<style>\n#row-31866762 > .col > .col-inner {\n  padding: 0px 30px 0px 30px;\n}\n@media (min-width:550px) {\n  #row-31866762 > .col > .col-inner {\n    padding: 0px 20px 0px 20px;\n  }\n}\n@media (min-width:850px) {\n  #row-31866762 > .col > .col-inner {\n    padding: 0px 40px 0px 40px;\n  }\n}\n<\/style>\n<\/div>\n\t\t<\/div>\n\t\t\t\t\n<style>\n#col-1022035976 > .col-inner {\n  margin: 16px 0px 16px 0px;\n  border-radius: 8px;\n}\n<\/style>\n\t<\/div>\n\n\t\n\n\t<div id=\"col-930890329\" class=\"col medium-4 small-12 large-4\"  >\n\t\t\t\t<div class=\"col-inner box-shadow-1\"  >\n\t\t\t\n\t\t\t\n<div class=\"row row-collapse align-equal align-center\"  id=\"row-1402819186\">\n\n\t<div id=\"col-930621085\" class=\"col small-12 large-12\"  >\n\t\t\t\t<div class=\"col-inner text-center dark\" style=\"background-color:#14b8a6;\" >\n\t\t\t\n\t<div class=\"is-border\"\n\t\tstyle=\"border-color:rgb(255, 255, 255);border-width:0px 0px 10px 0px;\">\n\t<\/div>\n\t\t\t\n<p>Certificado<\/p>\n<p>ENEC<\/p>\n\t\t<\/div>\n\t\t\t\t\n<style>\n#col-930621085 > .col-inner {\n  padding: 24px 0px 24px 0px;\n  border-radius: 8px;\n}\n<\/style>\n\t<\/div>\n\n\t\n<\/div>\n<div class=\"row row-collapse\"  id=\"row-1432045363\">\n\n\t<div id=\"col-2087413086\" class=\"col small-12 large-12\"  >\n\t\t\t\t<div class=\"col-inner text-center\"  >\n\t\t\t\n\t\t\t\n<a class=\"button primary is-outline is-large expand\"  >\n    <span>Download<\/span>\n  <\/a>\n\n\t\t<\/div>\n\t\t\t\t\n<style>\n#col-2087413086 > .col-inner {\n  margin: 16px 0px 0px 0px;\n}\n<\/style>\n\t<\/div>\n\n\t\n\n<style>\n#row-1432045363 > .col > .col-inner {\n  padding: 0px 30px 0px 30px;\n}\n@media (min-width:550px) {\n  #row-1432045363 > .col > .col-inner {\n    padding: 0px 20px 0px 20px;\n  }\n}\n@media (min-width:850px) {\n  #row-1432045363 > .col > .col-inner {\n    padding: 0px 40px 0px 40px;\n  }\n}\n<\/style>\n<\/div>\n\t\t<\/div>\n\t\t\t\t\n<style>\n#col-930890329 > .col-inner {\n  margin: 16px 0px 16px 0px;\n  border-radius: 10px;\n}\n<\/style>\n\t<\/div>\n\n\t\n\n<style>\n#row-1766133192 > .col > .col-inner {\n  background-color: rgb(255,255,255);\n}\n<\/style>\n<\/div>\n\t\t<\/div>\n\n\t\t\n<style>\n#section_1467909577 {\n  padding-top: 48px;\n  padding-bottom: 48px;\n}\n#section_1467909577 .ux-shape-divider--top svg {\n  height: 150px;\n  --divider-top-width: 100%;\n}\n#section_1467909577 .ux-shape-divider--bottom svg {\n  height: 150px;\n  --divider-width: 100%;\n}\n<\/style>\n\t<\/section>\n\t\n\t<section class=\"section dark\" id=\"section_801155101\">\n\t\t<div class=\"bg section-bg fill bg-fill  bg-loaded\" >\n\n\t\t\t\n\t\t\t\n\t\t\t\n\n\t\t<\/div>\n\n\t\t\n\n\t\t<div class=\"section-content relative\">\n\t\t\t\n\n<div class=\"row row-small align-center\"  id=\"row-514037203\">\n\n\n\t<div id=\"col-1525046296\" class=\"col small-12 large-12\"  >\n\t\t\t\t<div class=\"col-inner text-center dark\" style=\"background-color:rgb(250, 250, 249);\" >\n\t\t\t\n\t\t\t\n\n\t<div id=\"text-1686664880\" class=\"text\">\n\t\t\n\n<h3>Consulta r\u00e1pida<\/h3>\n<p>Entre em contato conosco para mais informa\u00e7\u00f5es sobre produtos!<\/p>\n\t\t\n<style>\n#text-1686664880 {\n  color: rgb(23, 23, 23);\n}\n#text-1686664880 > * {\n  color: rgb(23, 23, 23);\n}\n<\/style>\n\t<\/div>\n\t\n<a href=\"#is-pop\" target=\"_self\" class=\"button primary\"  style=\"border-radius:8px;padding:4px 49px 4px 48px;\">\n    <span>V\u00e1 para contato<\/span>\n  <\/a>\n\n\n\n\t\t<\/div>\n\t\t\t\t\n<style>\n#col-1525046296 > .col-inner {\n  padding: 36px 0px 36px 0px;\n  border-radius: 16px;\n}\n<\/style>\n\t<\/div>\n\n\t\n\n<\/div>\n\n\t\t<\/div>\n\n\t\t\n<style>\n#section_801155101 {\n  padding-top: 30px;\n  padding-bottom: 30px;\n  background-color: rgb(255,255,255);\n}\n#section_801155101 .ux-shape-divider--top svg {\n  height: 150px;\n  --divider-top-width: 100%;\n}\n#section_801155101 .ux-shape-divider--bottom svg {\n  height: 150px;\n  --divider-width: 100%;\n}\n<\/style>\n\t<\/section>","protected":false},"excerpt":{"rendered":"<p>The VEGA 3F is an exceptionally powerful LED flood light tailored for tough applications. It is suited for use in industrial buildings, warehouses, wide-ranging sports fields, and public areas because of its power level range of 110W to 220W. This model is the best in broad-beamed light and coverage; therefore, available even in large and open spaces, it renders maximum visibility. While its durable construction and unexcelled heat dissipation features enable it to be harnessed in extreme surroundings, the energy-saving LEDs further lessen operational costs. The VEGA 3F is the trustworthy solution for comprehensive projects requiring large-scale lighting.<\/p>","protected":false},"featured_media":3233,"comment_status":"closed","ping_status":"closed","template":"","meta":[],"product_brand":[],"product_cat":[62],"product_tag":[],"class_list":{"0":"post-3070","1":"product","2":"type-product","3":"status-publish","4":"has-post-thumbnail","6":"product_cat-led-flood-light","8":"first","9":"instock","10":"shipping-taxable","11":"product-type-simple"},"yoast_head":"<!-- This site is optimized with the Yoast SEO plugin v25.3 - https:\/\/yoast.com\/wordpress\/plugins\/seo\/ -->\n<title>110W-180W backyard flood light<\/title>\n<meta name=\"description\" content=\"VEGA 3F LED flood light make your outdoor space safer and more secure. It provides maximum visibility. Shop now and protect your property!\" \/>\n<meta name=\"robots\" content=\"noindex, follow, max-snippet:-1, max-image-preview:large, max-video-preview:-1\" \/>\n<meta property=\"og:locale\" content=\"pt_PT\" \/>\n<meta property=\"og:type\" content=\"article\" \/>\n<meta property=\"og:title\" content=\"110W-180W backyard flood light\" \/>\n<meta property=\"og:description\" content=\"VEGA 3F LED flood light make your outdoor space safer and more secure. It provides maximum visibility. Shop now and protect your property!\" \/>\n<meta property=\"og:url\" content=\"https:\/\/old.luxificlighting.com\/pt\/produto\/vega-3f\/\" \/>\n<meta property=\"og:site_name\" content=\"LUXIFIC\" \/>\n<meta property=\"article:modified_time\" content=\"2025-04-14T07:33:28+00:00\" \/>\n<meta property=\"og:image\" content=\"https:\/\/old.luxificlighting.com\/wp-content\/uploads\/2023\/04\/VEGA-3F-1.png\" \/>\n\t<meta property=\"og:image:width\" content=\"800\" \/>\n\t<meta property=\"og:image:height\" content=\"600\" \/>\n\t<meta property=\"og:image:type\" content=\"image\/png\" \/>\n<meta name=\"twitter:card\" content=\"summary_large_image\" \/>\n<meta name=\"twitter:label1\" content=\"Tempo estimado de leitura\" \/>\n\t<meta name=\"twitter:data1\" content=\"3 minutos\" \/>\n<script type=\"application\/ld+json\" class=\"yoast-schema-graph\">{\"@context\":\"https:\/\/schema.org\",\"@graph\":[{\"@type\":\"WebPage\",\"@id\":\"https:\/\/old.luxificlighting.com\/product\/vega-3f\/\",\"url\":\"https:\/\/old.luxificlighting.com\/product\/vega-3f\/\",\"name\":\"110W-180W backyard flood light\",\"isPartOf\":{\"@id\":\"https:\/\/old.luxificlighting.com\/#website\"},\"primaryImageOfPage\":{\"@id\":\"https:\/\/old.luxificlighting.com\/product\/vega-3f\/#primaryimage\"},\"image\":{\"@id\":\"https:\/\/old.luxificlighting.com\/product\/vega-3f\/#primaryimage\"},\"thumbnailUrl\":\"https:\/\/old.luxificlighting.com\/wp-content\/uploads\/2023\/04\/VEGA-3F-1.png\",\"datePublished\":\"2023-04-13T07:29:00+00:00\",\"dateModified\":\"2025-04-14T07:33:28+00:00\",\"description\":\"VEGA 3F LED flood light make your outdoor space safer and more secure. It provides maximum visibility. Shop now and protect your property!\",\"breadcrumb\":{\"@id\":\"https:\/\/old.luxificlighting.com\/product\/vega-3f\/#breadcrumb\"},\"inLanguage\":\"pt-PT\",\"potentialAction\":[{\"@type\":\"ReadAction\",\"target\":[\"https:\/\/old.luxificlighting.com\/product\/vega-3f\/\"]}]},{\"@type\":\"ImageObject\",\"inLanguage\":\"pt-PT\",\"@id\":\"https:\/\/old.luxificlighting.com\/product\/vega-3f\/#primaryimage\",\"url\":\"https:\/\/old.luxificlighting.com\/wp-content\/uploads\/2023\/04\/VEGA-3F-1.png\",\"contentUrl\":\"https:\/\/old.luxificlighting.com\/wp-content\/uploads\/2023\/04\/VEGA-3F-1.png\",\"width\":800,\"height\":600},{\"@type\":\"BreadcrumbList\",\"@id\":\"https:\/\/old.luxificlighting.com\/product\/vega-3f\/#breadcrumb\",\"itemListElement\":[{\"@type\":\"ListItem\",\"position\":1,\"name\":\"Home\",\"item\":\"https:\/\/old.luxificlighting.com\/\"},{\"@type\":\"ListItem\",\"position\":2,\"name\":\"Products\",\"item\":\"https:\/\/old.luxificlighting.com\/products\/\"},{\"@type\":\"ListItem\",\"position\":3,\"name\":\"VEGA 3F 110W-220W\"}]},{\"@type\":\"WebSite\",\"@id\":\"https:\/\/old.luxificlighting.com\/#website\",\"url\":\"https:\/\/old.luxificlighting.com\/\",\"name\":\"LUXIFIC\",\"description\":\"\",\"potentialAction\":[{\"@type\":\"SearchAction\",\"target\":{\"@type\":\"EntryPoint\",\"urlTemplate\":\"https:\/\/old.luxificlighting.com\/?s={search_term_string}\"},\"query-input\":{\"@type\":\"PropertyValueSpecification\",\"valueRequired\":true,\"valueName\":\"search_term_string\"}}],\"inLanguage\":\"pt-PT\"}]}<\/script>\n<!-- \/ Yoast SEO plugin. -->","yoast_head_json":{"title":"Holofote para quintal 110W-180W","description":"O projetor LED VEGA 3F torna o seu espa\u00e7o exterior mais seguro e protegido. Proporciona uma visibilidade m\u00e1xima. Compre agora e proteja a sua propriedade!","robots":{"index":"noindex","follow":"follow","max-snippet":"max-snippet:-1","max-image-preview":"max-image-preview:large","max-video-preview":"max-video-preview:-1"},"og_locale":"pt_PT","og_type":"article","og_title":"110W-180W backyard flood light","og_description":"VEGA 3F LED flood light make your outdoor space safer and more secure. It provides maximum visibility. Shop now and protect your property!","og_url":"https:\/\/old.luxificlighting.com\/pt\/produto\/vega-3f\/","og_site_name":"LUXIFIC","article_modified_time":"2025-04-14T07:33:28+00:00","og_image":[{"width":800,"height":600,"url":"https:\/\/old.luxificlighting.com\/wp-content\/uploads\/2023\/04\/VEGA-3F-1.png","type":"image\/png"}],"twitter_card":"summary_large_image","twitter_misc":{"Tempo estimado de leitura":"3 minutos"},"schema":{"@context":"https:\/\/schema.org","@graph":[{"@type":"WebPage","@id":"https:\/\/old.luxificlighting.com\/product\/vega-3f\/","url":"https:\/\/old.luxificlighting.com\/product\/vega-3f\/","name":"Holofote para quintal 110W-180W","isPartOf":{"@id":"https:\/\/old.luxificlighting.com\/#website"},"primaryImageOfPage":{"@id":"https:\/\/old.luxificlighting.com\/product\/vega-3f\/#primaryimage"},"image":{"@id":"https:\/\/old.luxificlighting.com\/product\/vega-3f\/#primaryimage"},"thumbnailUrl":"https:\/\/old.luxificlighting.com\/wp-content\/uploads\/2023\/04\/VEGA-3F-1.png","datePublished":"2023-04-13T07:29:00+00:00","dateModified":"2025-04-14T07:33:28+00:00","description":"O projetor LED VEGA 3F torna o seu espa\u00e7o exterior mais seguro e protegido. Proporciona uma visibilidade m\u00e1xima. Compre agora e proteja a sua propriedade!","breadcrumb":{"@id":"https:\/\/old.luxificlighting.com\/product\/vega-3f\/#breadcrumb"},"inLanguage":"pt-PT","potentialAction":[{"@type":"ReadAction","target":["https:\/\/old.luxificlighting.com\/product\/vega-3f\/"]}]},{"@type":"ImageObject","inLanguage":"pt-PT","@id":"https:\/\/old.luxificlighting.com\/product\/vega-3f\/#primaryimage","url":"https:\/\/old.luxificlighting.com\/wp-content\/uploads\/2023\/04\/VEGA-3F-1.png","contentUrl":"https:\/\/old.luxificlighting.com\/wp-content\/uploads\/2023\/04\/VEGA-3F-1.png","width":800,"height":600},{"@type":"BreadcrumbList","@id":"https:\/\/old.luxificlighting.com\/product\/vega-3f\/#breadcrumb","itemListElement":[{"@type":"ListItem","position":1,"name":"Home","item":"https:\/\/old.luxificlighting.com\/"},{"@type":"ListItem","position":2,"name":"Products","item":"https:\/\/old.luxificlighting.com\/products\/"},{"@type":"ListItem","position":3,"name":"VEGA 3F 110W-220W"}]},{"@type":"WebSite","@id":"https:\/\/old.luxificlighting.com\/#website","url":"https:\/\/old.luxificlighting.com\/","name":"LUX\u00cdFICO","description":"","potentialAction":[{"@type":"SearchAction","target":{"@type":"EntryPoint","urlTemplate":"https:\/\/old.luxificlighting.com\/?s={search_term_string}"},"query-input":{"@type":"PropertyValueSpecification","valueRequired":true,"valueName":"search_term_string"}}],"inLanguage":"pt-PT"}]}},"_links":{"self":[{"href":"https:\/\/old.luxificlighting.com\/pt\/wp-json\/wp\/v2\/product\/3070","targetHints":{"allow":["GET"]}}],"collection":[{"href":"https:\/\/old.luxificlighting.com\/pt\/wp-json\/wp\/v2\/product"}],"about":[{"href":"https:\/\/old.luxificlighting.com\/pt\/wp-json\/wp\/v2\/types\/product"}],"replies":[{"embeddable":true,"href":"https:\/\/old.luxificlighting.com\/pt\/wp-json\/wp\/v2\/comments?post=3070"}],"wp:featuredmedia":[{"embeddable":true,"href":"https:\/\/old.luxificlighting.com\/pt\/wp-json\/wp\/v2\/media\/3233"}],"wp:attachment":[{"href":"https:\/\/old.luxificlighting.com\/pt\/wp-json\/wp\/v2\/media?parent=3070"}],"wp:term":[{"taxonomy":"product_brand","embeddable":true,"href":"https:\/\/old.luxificlighting.com\/pt\/wp-json\/wp\/v2\/product_brand?post=3070"},{"taxonomy":"product_cat","embeddable":true,"href":"https:\/\/old.luxificlighting.com\/pt\/wp-json\/wp\/v2\/product_cat?post=3070"},{"taxonomy":"product_tag","embeddable":true,"href":"https:\/\/old.luxificlighting.com\/pt\/wp-json\/wp\/v2\/product_tag?post=3070"}],"curies":[{"name":"wp","href":"https:\/\/api.w.org\/{rel}","templated":true}]}}