{"id":3069,"date":"2023-04-13T15:28:41","date_gmt":"2023-04-13T07:28:41","guid":{"rendered":"https:\/\/luxific.seowaimao.com\/?post_type=product&#038;p=3069"},"modified":"2025-04-14T15:36:15","modified_gmt":"2025-04-14T07:36:15","slug":"vega-2f","status":"publish","type":"product","link":"https:\/\/old.luxificlighting.com\/pt\/produto\/vega-2f\/","title":{"rendered":"VEGA 2F 30W-150W"},"content":{"rendered":"<section class=\"section\" id=\"section_1844447068\">\n\t\t<div class=\"bg section-bg fill bg-fill  bg-loaded\" >\n\n\t\t\t\n\t\t\t\n\t\t\t\n\n\t\t<\/div>\n\n\t\t\n\n\t\t<div class=\"section-content relative\">\n\t\t\t\n<div class=\"row\"  id=\"row-528516471\">\n\n\t<div id=\"col-1167018705\" class=\"col small-12 large-12\"  >\n\t\t\t\t<div class=\"col-inner\"  >\n\t\t\t\n\t\t\t\n<h2 style=\"text-align: center;\">Especifica\u00e7\u00f5es de tecnologia<\/h2>\n<div style=\"overflow: auto; \" >\n<table border=\"\u201d1\u2033\" width=\"\u201d3000px\u201d\" height=\"\u201d120px\u201d\" align=\"\u201dcenter\u201d\" >\n<thead>\n<tr>\n<th>nome do modelo<\/th>\n<th>LEDs<\/th>\n<th>Poder<br \/>(C)<\/th>\n<th>Fator de pot\u00eancia,PF<\/th>\n<th>\u00c1rea m\u00e1xima de carga de vento, SCd, m2<\/th>\n<th>Altura de instala\u00e7\u00e3o (m)<\/th>\n<\/tr>\n<\/thead>\n<tbody>\n<tr>\n<td rowspan=\"4\">VEGA 2F<\/td>\n<td>16<\/td>\n<td>30-40<\/td>\n<td>\uff1e0.95<\/td>\n<td>0.15<\/td>\n<td>6<\/td>\n<\/tr>\n<tr>\n<td>32<\/td>\n<td>40-70<\/td>\n<td>\uff1e0.95<\/td>\n<td>0.15<\/td>\n<td>8<\/td>\n<\/tr>\n<tr>\n<td>48<\/td>\n<td>70-120<\/td>\n<td>\uff1e0.95<\/td>\n<td>0.15<\/td>\n<td>10<\/td>\n<\/tr>\n<tr>\n<td>72<\/td>\n<td>120-150<\/td>\n<td>\uff1e0.95<\/td>\n<td>0.15<\/td>\n<td>12<\/td>\n<\/tr>\n<\/tbody>\n<\/table>\n<\/div>\n\t\t<\/div>\n\t\t\t\t\t<\/div>\n\n\t\n<\/div>\n\t\t<\/div>\n\n\t\t\n<style>\n#section_1844447068 {\n  padding-top: 30px;\n  padding-bottom: 30px;\n}\n#section_1844447068 .ux-shape-divider--top svg {\n  height: 150px;\n  --divider-top-width: 100%;\n}\n#section_1844447068 .ux-shape-divider--bottom svg {\n  height: 150px;\n  --divider-width: 100%;\n}\n<\/style>\n\t<\/section>\n\t\n\t<section class=\"section\" id=\"section_252413397\">\n\t\t<div class=\"bg section-bg fill bg-fill  bg-loaded\" >\n\n\t\t\t\n\t\t\t\n\t\t\t\n\n\t\t<\/div>\n\n\t\t\n\n\t\t<div class=\"section-content relative\">\n\t\t\t\n<div class=\"row\"  id=\"row-1994818044\">\n\n\t<div id=\"col-1423478688\" class=\"col small-12 large-12\"  >\n\t\t\t\t<div class=\"col-inner\"  >\n\t\t\t\n\t\t\t\n<h2 style=\"text-align: center;\">Informa\u00e7\u00f5es gerais<\/h2>\n<table width=\"430\">\n<tbody>\n<tr>\n<td width=\"185\">Tens\u00e3o, V<\/td>\n<td width=\"245\">200- 240<\/td>\n<\/tr>\n<tr>\n<td width=\"185\">Frequ\u00eancia,Hz<\/td>\n<td width=\"245\">50\/60<\/td>\n<\/tr>\n<tr>\n<td width=\"185\">Corpo:<\/td>\n<td width=\"245\">Die -Cast ALum\u00ednio<\/td>\n<\/tr>\n<tr>\n<td width=\"185\">Sistema \u00f3ptico:<\/td>\n<td width=\"245\">Refletor em alum\u00ednio anodizado e difusor em PC\/PMMA<\/td>\n<\/tr>\n<tr>\n<td width=\"185\">El\u00e9trico:<\/td>\n<td width=\"245\">Conector liga\/desliga r\u00e1pido quando aberto.<\/td>\n<\/tr>\n<tr>\n<td width=\"185\">Acabamento:<\/td>\n<td width=\"245\">Processamento de pulveriza\u00e7\u00e3o eletrost\u00e1tica antienvelhecimento de superf\u00edcie.<\/td>\n<\/tr>\n<tr>\n<td width=\"185\">Temperatura de cor:<\/td>\n<td width=\"245\">2200K a 6500K<\/td>\n<\/tr>\n<tr>\n<td width=\"185\">Ambiente Ambiental:<\/td>\n<td width=\"245\">&#039;-40\u00b0C a +55\u00b0C<\/td>\n<\/tr>\n<tr>\n<td width=\"185\">Entradas de controle: El\u00e9trica<\/td>\n<td width=\"245\">DALI, 0-10V, Astro Dim, Step Dim<\/td>\n<\/tr>\n<tr>\n<td width=\"185\">aula :<\/td>\n<td width=\"245\">Classe I\/II<\/td>\n<\/tr>\n<tr>\n<td width=\"185\">Classifica\u00e7\u00e3o IP:<\/td>\n<td width=\"245\">IP66<\/td>\n<\/tr>\n<tr>\n<td width=\"185\">Classifica\u00e7\u00e3o IK:<\/td>\n<td width=\"245\">IK09<\/td>\n<\/tr>\n<tr>\n<td width=\"185\">Prote\u00e7\u00e3o contra surtos:<\/td>\n<td width=\"245\">10KV, 10KA<\/td>\n<\/tr>\n<tr>\n<td width=\"185\">Op\u00e7\u00f5es:<\/td>\n<td width=\"245\">Fotoc\u00e9lula, soquete NEMA, Zhaga<\/td>\n<\/tr>\n<tr>\n<td width=\"185\">Certifica\u00e7\u00e3o:<\/td>\n<td width=\"245\">Marca\u00e7\u00e3o,CB,ENEC,EMC.TM21,LM791EC-62471<\/td>\n<\/tr>\n<\/tbody>\n<\/table>\n\t\t<\/div>\n\t\t\t\t\t<\/div>\n\n\t\n<\/div>\n\t\t<\/div>\n\n\t\t\n<style>\n#section_252413397 {\n  padding-top: 30px;\n  padding-bottom: 30px;\n}\n#section_252413397 .ux-shape-divider--top svg {\n  height: 150px;\n  --divider-top-width: 100%;\n}\n#section_252413397 .ux-shape-divider--bottom svg {\n  height: 150px;\n  --divider-width: 100%;\n}\n<\/style>\n\t<\/section>\n\t\n\n\n\t<section class=\"section\" id=\"section_620519056\">\n\t\t<div class=\"bg section-bg fill bg-fill  bg-loaded\" >\n\n\t\t\t\n\t\t\t\n\t\t\t\n\n\t\t<\/div>\n\n\t\t\n\n\t\t<div class=\"section-content relative\">\n\t\t\t\n<div class=\"row\"  id=\"row-945158654\">\n\n\t<div id=\"col-1668671780\" class=\"col small-12 large-12\"  >\n\t\t\t\t<div class=\"col-inner\"  >\n\t\t\t\n\t\t\t\n<h2 style=\"text-align: center;\">Aplica\u00e7\u00e3o \u00f3ptica<\/h2>\n\t\t<\/div>\n\t\t\t\t\t<\/div>\n\n\t\n<\/div>\n<div class=\"row\"  id=\"row-420549991\">\n\n\t<div id=\"col-365101818\" class=\"col small-6 large-12\"  >\n\t\t\t\t<div class=\"col-inner\"  >\n\t\t\t\n\t\t\t\n\t<div class=\"img has-hover x md-x lg-x y md-y lg-y\" id=\"image_1143239698\">\n\t\t\t\t\t\t\t\t<div class=\"img-inner image-cover dark\" style=\"padding-top:75%;\">\n\t\t\t<img loading=\"lazy\" decoding=\"async\" width=\"1000\" height=\"750\" src=\"https:\/\/old.luxificlighting.com\/wp-content\/uploads\/2024\/05\/vega_f_led_flood_light_optical_application.webp\" class=\"attachment-large size-large\" alt=\"vega f led flood light optical application\" srcset=\"https:\/\/old.luxificlighting.com\/wp-content\/uploads\/2024\/05\/vega_f_led_flood_light_optical_application.webp 1000w, https:\/\/old.luxificlighting.com\/wp-content\/uploads\/2024\/05\/vega_f_led_flood_light_optical_application-300x225.webp 300w, https:\/\/old.luxificlighting.com\/wp-content\/uploads\/2024\/05\/vega_f_led_flood_light_optical_application-768x576.webp 768w, https:\/\/old.luxificlighting.com\/wp-content\/uploads\/2024\/05\/vega_f_led_flood_light_optical_application-16x12.webp 16w, https:\/\/old.luxificlighting.com\/wp-content\/uploads\/2024\/05\/vega_f_led_flood_light_optical_application-500x375.webp 500w, https:\/\/old.luxificlighting.com\/wp-content\/uploads\/2024\/05\/vega_f_led_flood_light_optical_application-800x600.webp 800w\" sizes=\"auto, (max-width: 1000px) 100vw, 1000px\" \/>\t\t\t\t\t\t\n\t\t\t\t\t<\/div>\n\t\t\t\t\t\t\t\t\n<style>\n#image_1143239698 {\n  width: 100%;\n}\n<\/style>\n\t<\/div>\n\t\n\t\t<\/div>\n\t\t\t\t\t<\/div>\n\n\t\n<\/div>\n\t\t<\/div>\n\n\t\t\n<style>\n#section_620519056 {\n  padding-top: 30px;\n  padding-bottom: 30px;\n}\n#section_620519056 .ux-shape-divider--top svg {\n  height: 150px;\n  --divider-top-width: 100%;\n}\n#section_620519056 .ux-shape-divider--bottom svg {\n  height: 150px;\n  --divider-width: 100%;\n}\n<\/style>\n\t<\/section>\n\t\n\t<section class=\"section\" id=\"section_1108152981\">\n\t\t<div class=\"bg section-bg fill bg-fill  bg-loaded\" >\n\n\t\t\t\n\t\t\t\n\t\t\t\n\n\t\t<\/div>\n\n\t\t\n\n\t\t<div class=\"section-content relative\">\n\t\t\t\n<div class=\"row\"  id=\"row-1723292931\">\n\n\t<div id=\"col-976906978\" class=\"col small-12 large-12\"  >\n\t\t\t\t<div class=\"col-inner\"  >\n\t\t\t\n\t\t\t\n\t<div id=\"text-1374533593\" class=\"text\">\n\t\t\n<h2 style=\"text-align: center;\">Documenta\u00e7\u00f5es<\/h2>\n\t\t\n<style>\n#text-1374533593 {\n  text-align: center;\n}\n<\/style>\n\t<\/div>\n\t\n\t<div id=\"gap-1103026646\" class=\"gap-element clearfix\" style=\"display:block; height:auto;\">\n\t\t\n<style>\n#gap-1103026646 {\n  padding-top: 36px;\n}\n<\/style>\n\t<\/div>\n\t\n\t\t<\/div>\n\t\t\t\t\t<\/div>\n\n\t\n<\/div>\n<div class=\"row align-equal align-center\"  id=\"row-1615496002\">\n\n\t<div id=\"col-1142029686\" class=\"col medium-4 small-12 large-4\"  >\n\t\t\t\t<div class=\"col-inner box-shadow-1\"  >\n\t\t\t\n\t\t\t\n<div class=\"row row-collapse align-equal align-center\"  id=\"row-1459462659\">\n\n\t<div id=\"col-1508267286\" class=\"col small-12 large-12\"  >\n\t\t\t\t<div class=\"col-inner text-center dark\" style=\"background-color:rgb(20, 184, 166);\" >\n\t\t\t\n\t<div class=\"is-border\"\n\t\tstyle=\"border-color:rgb(255, 255, 255);border-width:0px 0px 10px 0px;\">\n\t<\/div>\n\t\t\t\n<p>Instru\u00e7\u00e3o<\/p>\n<p>Instru\u00e7\u00f5es de instala\u00e7\u00e3o<\/p>\n\t\t<\/div>\n\t\t\t\t\n<style>\n#col-1508267286 > .col-inner {\n  padding: 24px 0px 24px 0px;\n  border-radius: 8px;\n}\n<\/style>\n\t<\/div>\n\n\t\n<\/div>\n<div class=\"row row-collapse\"  id=\"row-981788936\">\n\n\t<div id=\"col-57296280\" class=\"col small-12 large-12\"  >\n\t\t\t\t<div class=\"col-inner text-center\"  >\n\t\t\t\n\t\t\t\n<a class=\"button primary is-outline is-large expand\"  >\n    <span>Download<\/span>\n  <\/a>\n\n\t\t<\/div>\n\t\t\t\t\n<style>\n#col-57296280 > .col-inner {\n  margin: 16px 0px 16px 0px;\n}\n<\/style>\n\t<\/div>\n\n\t\n\n<style>\n#row-981788936 > .col > .col-inner {\n  padding: 0px 30px 0px 30px;\n}\n@media (min-width:550px) {\n  #row-981788936 > .col > .col-inner {\n    padding: 0px 20px 0px 20px;\n  }\n}\n@media (min-width:850px) {\n  #row-981788936 > .col > .col-inner {\n    padding: 0px 40px 0px 40px;\n  }\n}\n<\/style>\n<\/div>\n\t\t<\/div>\n\t\t\t\t\n<style>\n#col-1142029686 > .col-inner {\n  margin: 16px 0px 16px 0px;\n  border-radius: 10px;\n}\n<\/style>\n\t<\/div>\n\n\t\n\n\t<div id=\"col-976900421\" class=\"col medium-4 small-12 large-4\"  >\n\t\t\t\t<div class=\"col-inner box-shadow-1\"  >\n\t\t\t\n\t\t\t\n<div class=\"row row-collapse align-equal align-center\"  id=\"row-1833563425\">\n\n\t<div id=\"col-1125166345\" class=\"col small-12 large-12\"  >\n\t\t\t\t<div class=\"col-inner text-center dark\" style=\"background-color:rgb(20, 184, 166);\" >\n\t\t\t\n\t<div class=\"is-border\"\n\t\tstyle=\"border-color:rgb(255, 255, 255);border-width:0px 0px 10px 0px;\">\n\t<\/div>\n\t\t\t\n<p>Certificado<\/p>\n<p>CB<\/p>\n\t\t<\/div>\n\t\t\t\t\n<style>\n#col-1125166345 > .col-inner {\n  padding: 24px 0px 24px 0px;\n  border-radius: 10px;\n}\n<\/style>\n\t<\/div>\n\n\t\n<\/div>\n<div class=\"row row-collapse\"  id=\"row-1897913948\">\n\n\t<div id=\"col-1971910834\" class=\"col small-12 large-12\"  >\n\t\t\t\t<div class=\"col-inner text-center\"  >\n\t\t\t\n\t\t\t\n<a class=\"button primary is-outline expand\"  >\n    <span>Download<\/span>\n  <\/a>\n\n\t\t<\/div>\n\t\t\t\t\n<style>\n#col-1971910834 > .col-inner {\n  margin: 16px 0px 0px 0px;\n}\n<\/style>\n\t<\/div>\n\n\t\n\n<style>\n#row-1897913948 > .col > .col-inner {\n  padding: 0px 30px 0px 30px;\n}\n@media (min-width:550px) {\n  #row-1897913948 > .col > .col-inner {\n    padding: 0px 20px 0px 20px;\n  }\n}\n@media (min-width:850px) {\n  #row-1897913948 > .col > .col-inner {\n    padding: 0px 40px 0px 40px;\n  }\n}\n<\/style>\n<\/div>\n\t\t<\/div>\n\t\t\t\t\n<style>\n#col-976900421 > .col-inner {\n  margin: 16px 0px 16px 0px;\n  border-radius: 8px;\n}\n<\/style>\n\t<\/div>\n\n\t\n\n\t<div id=\"col-1305188681\" class=\"col medium-4 small-12 large-4\"  >\n\t\t\t\t<div class=\"col-inner box-shadow-1\"  >\n\t\t\t\n\t\t\t\n<div class=\"row row-collapse align-equal align-center\"  id=\"row-1995312089\">\n\n\t<div id=\"col-332413586\" class=\"col small-12 large-12\"  >\n\t\t\t\t<div class=\"col-inner text-center dark\" style=\"background-color:#14b8a6;\" >\n\t\t\t\n\t<div class=\"is-border\"\n\t\tstyle=\"border-color:rgb(255, 255, 255);border-width:0px 0px 10px 0px;\">\n\t<\/div>\n\t\t\t\n<p>Certificado<\/p>\n<p>ENEC<\/p>\n\t\t<\/div>\n\t\t\t\t\n<style>\n#col-332413586 > .col-inner {\n  padding: 24px 0px 24px 0px;\n  border-radius: 8px;\n}\n<\/style>\n\t<\/div>\n\n\t\n<\/div>\n<div class=\"row row-collapse\"  id=\"row-191352837\">\n\n\t<div id=\"col-2031042551\" class=\"col small-12 large-12\"  >\n\t\t\t\t<div class=\"col-inner text-center\"  >\n\t\t\t\n\t\t\t\n<a class=\"button primary is-outline is-large expand\"  >\n    <span>Download<\/span>\n  <\/a>\n\n\t\t<\/div>\n\t\t\t\t\n<style>\n#col-2031042551 > .col-inner {\n  margin: 16px 0px 0px 0px;\n}\n<\/style>\n\t<\/div>\n\n\t\n\n<style>\n#row-191352837 > .col > .col-inner {\n  padding: 0px 30px 0px 30px;\n}\n@media (min-width:550px) {\n  #row-191352837 > .col > .col-inner {\n    padding: 0px 20px 0px 20px;\n  }\n}\n@media (min-width:850px) {\n  #row-191352837 > .col > .col-inner {\n    padding: 0px 40px 0px 40px;\n  }\n}\n<\/style>\n<\/div>\n\t\t<\/div>\n\t\t\t\t\n<style>\n#col-1305188681 > .col-inner {\n  margin: 16px 0px 16px 0px;\n  border-radius: 10px;\n}\n<\/style>\n\t<\/div>\n\n\t\n\n<style>\n#row-1615496002 > .col > .col-inner {\n  background-color: rgb(255,255,255);\n}\n<\/style>\n<\/div>\n\t\t<\/div>\n\n\t\t\n<style>\n#section_1108152981 {\n  padding-top: 48px;\n  padding-bottom: 48px;\n}\n#section_1108152981 .ux-shape-divider--top svg {\n  height: 150px;\n  --divider-top-width: 100%;\n}\n#section_1108152981 .ux-shape-divider--bottom svg {\n  height: 150px;\n  --divider-width: 100%;\n}\n<\/style>\n\t<\/section>\n\t\n\t<section class=\"section dark\" id=\"section_1388171780\">\n\t\t<div class=\"bg section-bg fill bg-fill  bg-loaded\" >\n\n\t\t\t\n\t\t\t\n\t\t\t\n\n\t\t<\/div>\n\n\t\t\n\n\t\t<div class=\"section-content relative\">\n\t\t\t\n\n<div class=\"row row-small align-center\"  id=\"row-743866187\">\n\n\n\t<div id=\"col-1409389004\" class=\"col small-12 large-12\"  >\n\t\t\t\t<div class=\"col-inner text-center dark\" style=\"background-color:rgb(250, 250, 249);\" >\n\t\t\t\n\t\t\t\n\n\t<div id=\"text-1329352403\" class=\"text\">\n\t\t\n\n<h3>Consulta r\u00e1pida<\/h3>\n<p>Entre em contato conosco para mais informa\u00e7\u00f5es sobre produtos!<\/p>\n\t\t\n<style>\n#text-1329352403 {\n  color: rgb(23, 23, 23);\n}\n#text-1329352403 > * {\n  color: rgb(23, 23, 23);\n}\n<\/style>\n\t<\/div>\n\t\n<a href=\"#is-pop\" target=\"_self\" class=\"button primary\"  style=\"border-radius:8px;padding:4px 49px 4px 48px;\">\n    <span>V\u00e1 para contato<\/span>\n  <\/a>\n\n\n\n\t\t<\/div>\n\t\t\t\t\n<style>\n#col-1409389004 > .col-inner {\n  padding: 36px 0px 36px 0px;\n  border-radius: 16px;\n}\n<\/style>\n\t<\/div>\n\n\t\n\n<\/div>\n\n\t\t<\/div>\n\n\t\t\n<style>\n#section_1388171780 {\n  padding-top: 30px;\n  padding-bottom: 30px;\n  background-color: rgb(255,255,255);\n}\n#section_1388171780 .ux-shape-divider--top svg {\n  height: 150px;\n  --divider-top-width: 100%;\n}\n#section_1388171780 .ux-shape-divider--bottom svg {\n  height: 150px;\n  --divider-width: 100%;\n}\n<\/style>\n\t<\/section>","protected":false},"excerpt":{"rendered":"<p>The VEGA 2F is an all-encompassing LED flood light that can be utilized in medium to larger-sized spaces. It works perfectly for parking lots, building curtains, sporting courts, and outdoor event venues due to its power range of 30W to 150W. This model integrates high output energy efficiency with superb lumen output, resulting in sharp, broad lighting while reducing energy use. Its outstanding construction and unique thermal control management firmly guarantee effective functioning in extreme climatic regions. The VEGA 2F is an economically friendly option to increase security and safety measures in public and recreational places.<\/p>","protected":false},"featured_media":3228,"comment_status":"closed","ping_status":"closed","template":"","meta":[],"product_brand":[],"product_cat":[62],"product_tag":[],"class_list":{"0":"post-3069","1":"product","2":"type-product","3":"status-publish","4":"has-post-thumbnail","6":"product_cat-led-flood-light","8":"first","9":"instock","10":"shipping-taxable","11":"product-type-simple"},"yoast_head":"<!-- This site is optimized with the Yoast SEO plugin v25.3 - https:\/\/yoast.com\/wordpress\/plugins\/seo\/ -->\n<title>VEGE 2F-Exterior Flood Lights<\/title>\n<meta name=\"description\" content=\"VEGE 2F LED flood lights, our industrial-grade fixtures are designed to withstand heavy use and provide superior lighting for any job. Shop now.\" \/>\n<meta name=\"robots\" content=\"noindex, follow, max-snippet:-1, max-image-preview:large, max-video-preview:-1\" \/>\n<meta property=\"og:locale\" content=\"pt_PT\" \/>\n<meta property=\"og:type\" content=\"article\" \/>\n<meta property=\"og:title\" content=\"VEGE 2F-Exterior Flood Lights\" \/>\n<meta property=\"og:description\" content=\"VEGE 2F LED flood lights, our industrial-grade fixtures are designed to withstand heavy use and provide superior lighting for any job. Shop now.\" \/>\n<meta property=\"og:url\" content=\"https:\/\/old.luxificlighting.com\/pt\/produto\/vega-2f\/\" \/>\n<meta property=\"og:site_name\" content=\"LUXIFIC\" \/>\n<meta property=\"article:modified_time\" content=\"2025-04-14T07:36:15+00:00\" \/>\n<meta property=\"og:image\" content=\"https:\/\/old.luxificlighting.com\/wp-content\/uploads\/2023\/04\/VEGA-2F-1.png\" \/>\n\t<meta property=\"og:image:width\" content=\"800\" \/>\n\t<meta property=\"og:image:height\" content=\"600\" \/>\n\t<meta property=\"og:image:type\" content=\"image\/png\" \/>\n<meta name=\"twitter:card\" content=\"summary_large_image\" \/>\n<meta name=\"twitter:label1\" content=\"Tempo estimado de leitura\" \/>\n\t<meta name=\"twitter:data1\" content=\"3 minutos\" \/>\n<script type=\"application\/ld+json\" class=\"yoast-schema-graph\">{\"@context\":\"https:\/\/schema.org\",\"@graph\":[{\"@type\":\"WebPage\",\"@id\":\"https:\/\/old.luxificlighting.com\/product\/vega-2f\/\",\"url\":\"https:\/\/old.luxificlighting.com\/product\/vega-2f\/\",\"name\":\"VEGE 2F-Exterior Flood Lights\",\"isPartOf\":{\"@id\":\"https:\/\/old.luxificlighting.com\/#website\"},\"primaryImageOfPage\":{\"@id\":\"https:\/\/old.luxificlighting.com\/product\/vega-2f\/#primaryimage\"},\"image\":{\"@id\":\"https:\/\/old.luxificlighting.com\/product\/vega-2f\/#primaryimage\"},\"thumbnailUrl\":\"https:\/\/old.luxificlighting.com\/wp-content\/uploads\/2023\/04\/VEGA-2F-1.png\",\"datePublished\":\"2023-04-13T07:28:41+00:00\",\"dateModified\":\"2025-04-14T07:36:15+00:00\",\"description\":\"VEGE 2F LED flood lights, our industrial-grade fixtures are designed to withstand heavy use and provide superior lighting for any job. Shop now.\",\"breadcrumb\":{\"@id\":\"https:\/\/old.luxificlighting.com\/product\/vega-2f\/#breadcrumb\"},\"inLanguage\":\"pt-PT\",\"potentialAction\":[{\"@type\":\"ReadAction\",\"target\":[\"https:\/\/old.luxificlighting.com\/product\/vega-2f\/\"]}]},{\"@type\":\"ImageObject\",\"inLanguage\":\"pt-PT\",\"@id\":\"https:\/\/old.luxificlighting.com\/product\/vega-2f\/#primaryimage\",\"url\":\"https:\/\/old.luxificlighting.com\/wp-content\/uploads\/2023\/04\/VEGA-2F-1.png\",\"contentUrl\":\"https:\/\/old.luxificlighting.com\/wp-content\/uploads\/2023\/04\/VEGA-2F-1.png\",\"width\":800,\"height\":600},{\"@type\":\"BreadcrumbList\",\"@id\":\"https:\/\/old.luxificlighting.com\/product\/vega-2f\/#breadcrumb\",\"itemListElement\":[{\"@type\":\"ListItem\",\"position\":1,\"name\":\"Home\",\"item\":\"https:\/\/old.luxificlighting.com\/\"},{\"@type\":\"ListItem\",\"position\":2,\"name\":\"Products\",\"item\":\"https:\/\/old.luxificlighting.com\/products\/\"},{\"@type\":\"ListItem\",\"position\":3,\"name\":\"VEGA 2F 30W-150W\"}]},{\"@type\":\"WebSite\",\"@id\":\"https:\/\/old.luxificlighting.com\/#website\",\"url\":\"https:\/\/old.luxificlighting.com\/\",\"name\":\"LUXIFIC\",\"description\":\"\",\"potentialAction\":[{\"@type\":\"SearchAction\",\"target\":{\"@type\":\"EntryPoint\",\"urlTemplate\":\"https:\/\/old.luxificlighting.com\/?s={search_term_string}\"},\"query-input\":{\"@type\":\"PropertyValueSpecification\",\"valueRequired\":true,\"valueName\":\"search_term_string\"}}],\"inLanguage\":\"pt-PT\"}]}<\/script>\n<!-- \/ Yoast SEO plugin. -->","yoast_head_json":{"title":"VEGE 2F-Luzes de inunda\u00e7\u00e3o exteriores","description":"Os projectores LED VEGE 2F, as nossas lumin\u00e1rias de n\u00edvel industrial s\u00e3o concebidas para suportar uma utiliza\u00e7\u00e3o intensiva e proporcionar uma ilumina\u00e7\u00e3o superior para qualquer trabalho. Compre agora.","robots":{"index":"noindex","follow":"follow","max-snippet":"max-snippet:-1","max-image-preview":"max-image-preview:large","max-video-preview":"max-video-preview:-1"},"og_locale":"pt_PT","og_type":"article","og_title":"VEGE 2F-Exterior Flood Lights","og_description":"VEGE 2F LED flood lights, our industrial-grade fixtures are designed to withstand heavy use and provide superior lighting for any job. Shop now.","og_url":"https:\/\/old.luxificlighting.com\/pt\/produto\/vega-2f\/","og_site_name":"LUXIFIC","article_modified_time":"2025-04-14T07:36:15+00:00","og_image":[{"width":800,"height":600,"url":"https:\/\/old.luxificlighting.com\/wp-content\/uploads\/2023\/04\/VEGA-2F-1.png","type":"image\/png"}],"twitter_card":"summary_large_image","twitter_misc":{"Tempo estimado de leitura":"3 minutos"},"schema":{"@context":"https:\/\/schema.org","@graph":[{"@type":"WebPage","@id":"https:\/\/old.luxificlighting.com\/product\/vega-2f\/","url":"https:\/\/old.luxificlighting.com\/product\/vega-2f\/","name":"VEGE 2F-Luzes de inunda\u00e7\u00e3o exteriores","isPartOf":{"@id":"https:\/\/old.luxificlighting.com\/#website"},"primaryImageOfPage":{"@id":"https:\/\/old.luxificlighting.com\/product\/vega-2f\/#primaryimage"},"image":{"@id":"https:\/\/old.luxificlighting.com\/product\/vega-2f\/#primaryimage"},"thumbnailUrl":"https:\/\/old.luxificlighting.com\/wp-content\/uploads\/2023\/04\/VEGA-2F-1.png","datePublished":"2023-04-13T07:28:41+00:00","dateModified":"2025-04-14T07:36:15+00:00","description":"Os projectores LED VEGE 2F, as nossas lumin\u00e1rias de n\u00edvel industrial s\u00e3o concebidas para suportar uma utiliza\u00e7\u00e3o intensiva e proporcionar uma ilumina\u00e7\u00e3o superior para qualquer trabalho. Compre agora.","breadcrumb":{"@id":"https:\/\/old.luxificlighting.com\/product\/vega-2f\/#breadcrumb"},"inLanguage":"pt-PT","potentialAction":[{"@type":"ReadAction","target":["https:\/\/old.luxificlighting.com\/product\/vega-2f\/"]}]},{"@type":"ImageObject","inLanguage":"pt-PT","@id":"https:\/\/old.luxificlighting.com\/product\/vega-2f\/#primaryimage","url":"https:\/\/old.luxificlighting.com\/wp-content\/uploads\/2023\/04\/VEGA-2F-1.png","contentUrl":"https:\/\/old.luxificlighting.com\/wp-content\/uploads\/2023\/04\/VEGA-2F-1.png","width":800,"height":600},{"@type":"BreadcrumbList","@id":"https:\/\/old.luxificlighting.com\/product\/vega-2f\/#breadcrumb","itemListElement":[{"@type":"ListItem","position":1,"name":"Home","item":"https:\/\/old.luxificlighting.com\/"},{"@type":"ListItem","position":2,"name":"Products","item":"https:\/\/old.luxificlighting.com\/products\/"},{"@type":"ListItem","position":3,"name":"VEGA 2F 30W-150W"}]},{"@type":"WebSite","@id":"https:\/\/old.luxificlighting.com\/#website","url":"https:\/\/old.luxificlighting.com\/","name":"LUX\u00cdFICO","description":"","potentialAction":[{"@type":"SearchAction","target":{"@type":"EntryPoint","urlTemplate":"https:\/\/old.luxificlighting.com\/?s={search_term_string}"},"query-input":{"@type":"PropertyValueSpecification","valueRequired":true,"valueName":"search_term_string"}}],"inLanguage":"pt-PT"}]}},"_links":{"self":[{"href":"https:\/\/old.luxificlighting.com\/pt\/wp-json\/wp\/v2\/product\/3069","targetHints":{"allow":["GET"]}}],"collection":[{"href":"https:\/\/old.luxificlighting.com\/pt\/wp-json\/wp\/v2\/product"}],"about":[{"href":"https:\/\/old.luxificlighting.com\/pt\/wp-json\/wp\/v2\/types\/product"}],"replies":[{"embeddable":true,"href":"https:\/\/old.luxificlighting.com\/pt\/wp-json\/wp\/v2\/comments?post=3069"}],"wp:featuredmedia":[{"embeddable":true,"href":"https:\/\/old.luxificlighting.com\/pt\/wp-json\/wp\/v2\/media\/3228"}],"wp:attachment":[{"href":"https:\/\/old.luxificlighting.com\/pt\/wp-json\/wp\/v2\/media?parent=3069"}],"wp:term":[{"taxonomy":"product_brand","embeddable":true,"href":"https:\/\/old.luxificlighting.com\/pt\/wp-json\/wp\/v2\/product_brand?post=3069"},{"taxonomy":"product_cat","embeddable":true,"href":"https:\/\/old.luxificlighting.com\/pt\/wp-json\/wp\/v2\/product_cat?post=3069"},{"taxonomy":"product_tag","embeddable":true,"href":"https:\/\/old.luxificlighting.com\/pt\/wp-json\/wp\/v2\/product_tag?post=3069"}],"curies":[{"name":"wp","href":"https:\/\/api.w.org\/{rel}","templated":true}]}}