{"id":4517,"date":"2023-09-05T09:35:52","date_gmt":"2023-09-05T01:35:52","guid":{"rendered":"https:\/\/old.luxificlighting.com\/?page_id=4517"},"modified":"2025-06-13T17:11:28","modified_gmt":"2025-06-13T09:11:28","slug":"faqs","status":"publish","type":"page","link":"https:\/\/old.luxificlighting.com\/pt\/faqs\/","title":{"rendered":"Perguntas frequentes"},"content":{"rendered":"<div class=\"banner has-hover\" id=\"banner-1401190171\">\n          <div class=\"banner-inner fill\">\n        <div class=\"banner-bg fill\" >\n            <div class=\"bg fill bg-fill\"><\/div>\n                        <div class=\"overlay\"><\/div>            \n                    <\/div>\n\t\t\n        <div class=\"banner-layers container\">\n            <div class=\"fill banner-link\"><\/div>            \n\n   <div id=\"text-box-251862984\" class=\"text-box banner-layer x50 md-x5 lg-x10 y50 md-y20 lg-y50 res-text\">\n                                <div class=\"text-box-content text dark\">\n              \n              <div class=\"text-inner text-center\">\n                  \n\n\n              <\/div>\n           <\/div>\n                            \n<style>\n#text-box-251862984 {\n  width: 100%;\n}\n#text-box-251862984 .text-box-content {\n  font-size: 100%;\n}\n@media (min-width:550px) {\n  #text-box-251862984 {\n    width: 40%;\n  }\n}\n@media (min-width:850px) {\n  #text-box-251862984 {\n    width: 32%;\n  }\n}\n<\/style>\n    <\/div>\n \n\n        <\/div>\n      <\/div>\n\n            \n<style>\n#banner-1401190171 {\n  padding-top: 160px;\n  background-color: rgb(255,255,255);\n}\n#banner-1401190171 .bg.bg-loaded {\n  background-image: url(https:\/\/old.luxificlighting.com\/wp-content\/uploads\/2023\/09\/faq-bg.webp);\n}\n#banner-1401190171 .overlay {\n  background-color: rgba(0,0,0,.5);\n}\n#banner-1401190171 .bg {\n  background-position: 50%20%;\n}\n#banner-1401190171 .ux-shape-divider--top svg {\n  height: 150px;\n  --divider-top-width: 100%;\n}\n#banner-1401190171 .ux-shape-divider--bottom svg {\n  height: 150px;\n  --divider-width: 100%;\n}\n@media (min-width:550px) {\n  #banner-1401190171 {\n    padding-top: 240px;\n  }\n}\n@media (min-width:850px) {\n  #banner-1401190171 {\n    padding-top: 240px;\n  }\n}\n<\/style>\n  <\/div>\n\n\n\t<section class=\"section\" id=\"section_548826573\">\n\t\t<div class=\"bg section-bg fill bg-fill  bg-loaded\" >\n\n\t\t\t\n\t\t\t\n\t\t\t\n\n\t\t<\/div>\n\n\t\t\n\n\t\t<div class=\"section-content relative\">\n\t\t\t\n\n<div class=\"row align-center\"  id=\"row-704801117\">\n\n\n\t<div id=\"col-206040570\" class=\"col medium-12 small-12 large-10\"  >\n\t\t\t\t<div class=\"col-inner text-center\"  >\n\t\t\t\n\t\t\t\n\n\t<div id=\"text-3799615525\" class=\"text\">\n\t\t\n\n<h2><strong>Posso ajudar-vos?<\/strong><\/h2>\n\t\t\n<style>\n#text-3799615525 {\n  text-align: center;\n}\n@media (min-width:550px) {\n  #text-3799615525 {\n    text-align: left;\n  }\n}\n<\/style>\n\t<\/div>\n\t\n\t<div id=\"text-605000504\" class=\"text\">\n\t\t\n\n<p>Aqui est\u00e3o respostas curtas a perguntas frequentes sobre os nossos produtos e servi\u00e7os.<\/p>\n\t\t\n<style>\n#text-605000504 {\n  text-align: left;\n}\n<\/style>\n\t<\/div>\n\t\n\n\t\t<\/div>\n\t\t\t\t\t<\/div>\n\n\t\n\n<\/div>\n<div class=\"row align-center\"  id=\"row-736481846\">\n\n\n\t<div id=\"col-2064442435\" class=\"col medium-12 small-12 large-10\"  >\n\t\t\t\t<div class=\"col-inner\"  >\n\t\t\t\n\t\t\t\n\n<div class=\"accordion\" rel=\"\">\n\n<div class=\"accordion-item\"><a href=\"#\" class=\"accordion-title plain\"><button class=\"toggle\" aria-label=\"Alternar\"><i class=\"icon-angle-down\"><\/i><\/button><span>Um candeeiro de rua LED \u00e9 um dispositivo de ilumina\u00e7\u00e3o que utiliza a tecnologia LED como fonte de luz, normalmente utilizado para iluminar ruas, estradas e \u00e1reas p\u00fablicas da cidade.<\/span><\/a><div class=\"accordion-inner\">\n\n<p>Somos uma f\u00e1brica com 17 anos de experi\u00eancia de produ\u00e7\u00e3o, OEM para alguns clientes em todo o mundo.<\/p>\n\n<\/div><\/div>\n<div class=\"accordion-item\"><a href=\"#\" class=\"accordion-title plain\"><button class=\"toggle\" aria-label=\"Alternar\"><i class=\"icon-angle-down\"><\/i><\/button><span>Por que raz\u00e3o devo escolher candeeiros de ilumina\u00e7\u00e3o p\u00fablica LED?<\/span><\/a><div class=\"accordion-inner\">\n\n<p>Os postes de ilumina\u00e7\u00e3o p\u00fablica LED oferecem uma elevada efici\u00eancia energ\u00e9tica, uma longa vida \u00fatil, baixos custos de manuten\u00e7\u00e3o e um excelente desempenho de ilumina\u00e7\u00e3o, contribuindo para a poupan\u00e7a de energia, a redu\u00e7\u00e3o das emiss\u00f5es e uma ilumina\u00e7\u00e3o urbana sustent\u00e1vel.<\/p>\n\n<\/div><\/div>\n<div class=\"accordion-item\"><a href=\"#\" class=\"accordion-title plain\"><button class=\"toggle\" aria-label=\"Alternar\"><i class=\"icon-angle-down\"><\/i><\/button><span>Quais s\u00e3o os diferentes tipos e estilos de candeeiros de ilumina\u00e7\u00e3o p\u00fablica LED dispon\u00edveis?<\/span><\/a><div class=\"accordion-inner\">\n\n<p>Oferecemos uma variedade de tipos e estilos de candeeiros de rua LED, incluindo diferentes pot\u00eancias, designs e temperaturas de cor para satisfazer os requisitos de diferentes locais e necessidades.<\/p>\n\n<\/div><\/div>\n<div class=\"accordion-item\"><a href=\"#\" class=\"accordion-title plain\"><button class=\"toggle\" aria-label=\"Alternar\"><i class=\"icon-angle-down\"><\/i><\/button><span>Como \u00e9 que escolho o candeeiro de ilumina\u00e7\u00e3o p\u00fablica LED adequado \u00e0s minhas necessidades?<\/span><\/a><div class=\"accordion-inner\">\n\n<p>A escolha do candeeiro de ilumina\u00e7\u00e3o p\u00fablica LED adequado depende dos requisitos de ilumina\u00e7\u00e3o, da dimens\u00e3o da \u00e1rea e do or\u00e7amento. A nossa equipa de vendas pode fornecer aconselhamento profissional para o ajudar a fazer a escolha certa.<\/p>\n\n<\/div><\/div>\n<div class=\"accordion-item\"><a href=\"#\" class=\"accordion-title plain\"><button class=\"toggle\" aria-label=\"Alternar\"><i class=\"icon-angle-down\"><\/i><\/button><span>Os candeeiros de rua LED cumprem as normas de ilumina\u00e7\u00e3o da cidade?<\/span><\/a><div class=\"accordion-inner\">\n\n<p>Sim, os nossos candeeiros de rua LED cumprem as normas internacionais e locais de ilumina\u00e7\u00e3o urbana, garantindo a sua seguran\u00e7a e desempenho em ambientes urbanos.<\/p>\n\n<\/div><\/div>\n<div class=\"accordion-item\"><a href=\"#\" class=\"accordion-title plain\"><button class=\"toggle\" aria-label=\"Alternar\"><i class=\"icon-angle-down\"><\/i><\/button><span>Qual \u00e9 o tempo de vida \u00fatil dos candeeiros de ilumina\u00e7\u00e3o p\u00fablica LED?<\/span><\/a><div class=\"accordion-inner\">\n\n<p>Normalmente, os postes de ilumina\u00e7\u00e3o p\u00fablica LED podem ter uma vida \u00fatil de dezenas de milhares de horas, sendo que a vida \u00fatil exacta depende da utiliza\u00e7\u00e3o e de factores ambientais. A manuten\u00e7\u00e3o regular pode prolongar a sua vida \u00fatil.<\/p>\n\n<\/div><\/div>\n<div class=\"accordion-item\"><a href=\"#\" class=\"accordion-title plain\"><button class=\"toggle\" aria-label=\"Alternar\"><i class=\"icon-angle-down\"><\/i><\/button><span>Os candeeiros de rua LED s\u00e3o energeticamente eficientes?<\/span><\/a><div class=\"accordion-inner\">\n\n<p>Sim, os candeeiros de rua LED s\u00e3o significativamente mais eficientes em termos energ\u00e9ticos em compara\u00e7\u00e3o com os m\u00e9todos de ilumina\u00e7\u00e3o tradicionais, o que resulta em poupan\u00e7as de energia significativas e na redu\u00e7\u00e3o das facturas de eletricidade.<\/p>\n\n<\/div><\/div>\n<div class=\"accordion-item\"><a href=\"#\" class=\"accordion-title plain\"><button class=\"toggle\" aria-label=\"Alternar\"><i class=\"icon-angle-down\"><\/i><\/button><span>Como \u00e9 que instalo e fa\u00e7o a manuten\u00e7\u00e3o de postes de ilumina\u00e7\u00e3o p\u00fablica LED?<\/span><\/a><div class=\"accordion-inner\">\n\n<p>Fornecemos guias de instala\u00e7\u00e3o e recomenda\u00e7\u00f5es de manuten\u00e7\u00e3o para garantir o funcionamento correto dos seus candeeiros de rua LED. \u00c9 aconselh\u00e1vel que a instala\u00e7\u00e3o seja feita por um eletricista profissional e que sejam efectuadas verifica\u00e7\u00f5es regulares para limpar as lumin\u00e1rias e inspecionar as liga\u00e7\u00f5es el\u00e9ctricas.<\/p>\n\n<\/div><\/div>\n<div class=\"accordion-item\"><a href=\"#\" class=\"accordion-title plain\"><button class=\"toggle\" aria-label=\"Alternar\"><i class=\"icon-angle-down\"><\/i><\/button><span>Oferecem solu\u00e7\u00f5es personalizadas de ilumina\u00e7\u00e3o p\u00fablica LED?<\/span><\/a><div class=\"accordion-inner\">\n\n<p>Sim, podemos fornecer solu\u00e7\u00f5es personalizadas de ilumina\u00e7\u00e3o p\u00fablica LED para satisfazer requisitos espec\u00edficos de projeto e design. Contacte a nossa equipa de vendas para obter mais informa\u00e7\u00f5es.<\/p>\n\n<\/div><\/div>\n\n<\/div>\n\n\t\t<\/div>\n\t\t\t\t\t<\/div>\n\n\t\n\n<\/div>\n\n\t\t<\/div>\n\n\t\t\n<style>\n#section_548826573 {\n  padding-top: 36px;\n  padding-bottom: 36px;\n}\n#section_548826573 .ux-shape-divider--top svg {\n  height: 150px;\n  --divider-top-width: 100%;\n}\n#section_548826573 .ux-shape-divider--bottom svg {\n  height: 150px;\n  --divider-width: 100%;\n}\n@media (min-width:550px) {\n  #section_548826573 {\n    padding-top: 48px;\n    padding-bottom: 48px;\n  }\n}\n@media (min-width:850px) {\n  #section_548826573 {\n    padding-top: 60px;\n    padding-bottom: 60px;\n  }\n}\n<\/style>\n\t<\/section>\n\t\n\t<section class=\"section\" id=\"section_1241145468\">\n\t\t<div class=\"bg section-bg fill bg-fill  bg-loaded\" >\n\n\t\t\t\n\t\t\t\n\t\t\t\n\n\t\t<\/div>\n\n\t\t\n\n\t\t<div class=\"section-content relative\">\n\t\t\t\n\n<div class=\"row\"  id=\"row-1771426380\">\n\n\n\t<div id=\"col-1809736396\" class=\"col small-12 large-12\"  >\n\t\t\t\t<div class=\"col-inner text-center dark\" style=\"background-color:rgb(0,0,0);\" >\n\t\t\t\n\t\t\t\n\n<h2>Ainda tem alguma pergunta?<\/h2>\n<p>Se n\u00e3o conseguir obter ajuda atrav\u00e9s das FAQ acima, pode contactar-nos e responderemos prontamente.<\/p>\n<a href=\"#is-pop\" target=\"_self\" class=\"button primary is-large\"  style=\"border-radius:99px;\">\n    <span>Consultoria t\u00e9cnica<\/span>\n  <\/a>\n\n\n\n\t\t<\/div>\n\t\t\t\t\n<style>\n#col-1809736396 > .col-inner {\n  padding: 40px 40px 40px 40px;\n}\n<\/style>\n\t<\/div>\n\n\t\n\n<\/div>\n\n\t\t<\/div>\n\n\t\t\n<style>\n#section_1241145468 {\n  padding-top: 36px;\n  padding-bottom: 36px;\n}\n#section_1241145468 .ux-shape-divider--top svg {\n  height: 150px;\n  --divider-top-width: 100%;\n}\n#section_1241145468 .ux-shape-divider--bottom svg {\n  height: 150px;\n  --divider-width: 100%;\n}\n<\/style>\n\t<\/section>","protected":false},"excerpt":{"rendered":"","protected":false},"author":15,"featured_media":0,"parent":0,"menu_order":0,"comment_status":"closed","ping_status":"closed","template":"page-blank.php","meta":{"footnotes":""},"class_list":["post-4517","page","type-page","status-publish","hentry"],"yoast_head":"<!-- This site is optimized with the Yoast SEO plugin v25.3 - https:\/\/yoast.com\/wordpress\/plugins\/seo\/ -->\n<title>FAQs - LUXIFIC<\/title>\n<meta name=\"robots\" content=\"noindex, follow, max-snippet:-1, max-image-preview:large, max-video-preview:-1\" \/>\n<meta property=\"og:locale\" content=\"pt_PT\" \/>\n<meta property=\"og:type\" content=\"article\" \/>\n<meta property=\"og:title\" content=\"FAQs - LUXIFIC\" \/>\n<meta property=\"og:url\" content=\"https:\/\/old.luxificlighting.com\/pt\/faqs\/\" \/>\n<meta property=\"og:site_name\" content=\"LUXIFIC\" \/>\n<meta property=\"article:modified_time\" content=\"2025-06-13T09:11:28+00:00\" \/>\n<meta name=\"twitter:card\" content=\"summary_large_image\" \/>\n<script type=\"application\/ld+json\" class=\"yoast-schema-graph\">{\"@context\":\"https:\/\/schema.org\",\"@graph\":[{\"@type\":\"WebPage\",\"@id\":\"https:\/\/old.luxificlighting.com\/faqs\/\",\"url\":\"https:\/\/old.luxificlighting.com\/faqs\/\",\"name\":\"FAQs - LUXIFIC\",\"isPartOf\":{\"@id\":\"https:\/\/old.luxificlighting.com\/#website\"},\"datePublished\":\"2023-09-05T01:35:52+00:00\",\"dateModified\":\"2025-06-13T09:11:28+00:00\",\"breadcrumb\":{\"@id\":\"https:\/\/old.luxificlighting.com\/faqs\/#breadcrumb\"},\"inLanguage\":\"pt-PT\",\"potentialAction\":[{\"@type\":\"ReadAction\",\"target\":[\"https:\/\/old.luxificlighting.com\/faqs\/\"]}]},{\"@type\":\"BreadcrumbList\",\"@id\":\"https:\/\/old.luxificlighting.com\/faqs\/#breadcrumb\",\"itemListElement\":[{\"@type\":\"ListItem\",\"position\":1,\"name\":\"Home\",\"item\":\"https:\/\/old.luxificlighting.com\/\"},{\"@type\":\"ListItem\",\"position\":2,\"name\":\"FAQs\"}]},{\"@type\":\"WebSite\",\"@id\":\"https:\/\/old.luxificlighting.com\/#website\",\"url\":\"https:\/\/old.luxificlighting.com\/\",\"name\":\"LUXIFIC\",\"description\":\"\",\"potentialAction\":[{\"@type\":\"SearchAction\",\"target\":{\"@type\":\"EntryPoint\",\"urlTemplate\":\"https:\/\/old.luxificlighting.com\/?s={search_term_string}\"},\"query-input\":{\"@type\":\"PropertyValueSpecification\",\"valueRequired\":true,\"valueName\":\"search_term_string\"}}],\"inLanguage\":\"pt-PT\"}]}<\/script>\n<!-- \/ Yoast SEO plugin. -->","yoast_head_json":{"title":"FAQs - LUXIFIC","robots":{"index":"noindex","follow":"follow","max-snippet":"max-snippet:-1","max-image-preview":"max-image-preview:large","max-video-preview":"max-video-preview:-1"},"og_locale":"pt_PT","og_type":"article","og_title":"FAQs - LUXIFIC","og_url":"https:\/\/old.luxificlighting.com\/pt\/faqs\/","og_site_name":"LUXIFIC","article_modified_time":"2025-06-13T09:11:28+00:00","twitter_card":"summary_large_image","schema":{"@context":"https:\/\/schema.org","@graph":[{"@type":"WebPage","@id":"https:\/\/old.luxificlighting.com\/faqs\/","url":"https:\/\/old.luxificlighting.com\/faqs\/","name":"FAQs - LUXIFIC","isPartOf":{"@id":"https:\/\/old.luxificlighting.com\/#website"},"datePublished":"2023-09-05T01:35:52+00:00","dateModified":"2025-06-13T09:11:28+00:00","breadcrumb":{"@id":"https:\/\/old.luxificlighting.com\/faqs\/#breadcrumb"},"inLanguage":"pt-PT","potentialAction":[{"@type":"ReadAction","target":["https:\/\/old.luxificlighting.com\/faqs\/"]}]},{"@type":"BreadcrumbList","@id":"https:\/\/old.luxificlighting.com\/faqs\/#breadcrumb","itemListElement":[{"@type":"ListItem","position":1,"name":"Home","item":"https:\/\/old.luxificlighting.com\/"},{"@type":"ListItem","position":2,"name":"FAQs"}]},{"@type":"WebSite","@id":"https:\/\/old.luxificlighting.com\/#website","url":"https:\/\/old.luxificlighting.com\/","name":"LUX\u00cdFICO","description":"","potentialAction":[{"@type":"SearchAction","target":{"@type":"EntryPoint","urlTemplate":"https:\/\/old.luxificlighting.com\/?s={search_term_string}"},"query-input":{"@type":"PropertyValueSpecification","valueRequired":true,"valueName":"search_term_string"}}],"inLanguage":"pt-PT"}]}},"_links":{"self":[{"href":"https:\/\/old.luxificlighting.com\/pt\/wp-json\/wp\/v2\/pages\/4517","targetHints":{"allow":["GET"]}}],"collection":[{"href":"https:\/\/old.luxificlighting.com\/pt\/wp-json\/wp\/v2\/pages"}],"about":[{"href":"https:\/\/old.luxificlighting.com\/pt\/wp-json\/wp\/v2\/types\/page"}],"author":[{"embeddable":true,"href":"https:\/\/old.luxificlighting.com\/pt\/wp-json\/wp\/v2\/users\/15"}],"replies":[{"embeddable":true,"href":"https:\/\/old.luxificlighting.com\/pt\/wp-json\/wp\/v2\/comments?post=4517"}],"version-history":[{"count":21,"href":"https:\/\/old.luxificlighting.com\/pt\/wp-json\/wp\/v2\/pages\/4517\/revisions"}],"predecessor-version":[{"id":6156,"href":"https:\/\/old.luxificlighting.com\/pt\/wp-json\/wp\/v2\/pages\/4517\/revisions\/6156"}],"wp:attachment":[{"href":"https:\/\/old.luxificlighting.com\/pt\/wp-json\/wp\/v2\/media?parent=4517"}],"curies":[{"name":"wp","href":"https:\/\/api.w.org\/{rel}","templated":true}]}}