{"id":3071,"date":"2023-04-13T15:29:37","date_gmt":"2023-04-13T07:29:37","guid":{"rendered":"https:\/\/luxific.seowaimao.com\/?post_type=product&#038;p=3071"},"modified":"2025-04-14T15:29:44","modified_gmt":"2025-04-14T07:29:44","slug":"vega-4f","status":"publish","type":"product","link":"https:\/\/old.luxificlighting.com\/fr\/produit\/vega-4f\/","title":{"rendered":"VEGA 4F 150W-400W"},"content":{"rendered":"<section class=\"section\" id=\"section_532764052\">\n\t\t<div class=\"bg section-bg fill bg-fill  bg-loaded\" >\n\n\t\t\t\n\t\t\t\n\t\t\t\n\n\t\t<\/div>\n\n\t\t\n\n\t\t<div class=\"section-content relative\">\n\t\t\t\n<div class=\"row\"  id=\"row-624611305\">\n\n\t<div id=\"col-1029463893\" class=\"col small-12 large-12\"  >\n\t\t\t\t<div class=\"col-inner\"  >\n\t\t\t\n\t\t\t\n<h2 style=\"text-align: center;\">Sp\u00e9cifications technologiques<\/h2>\n<div style=\"overflow: auto; \" >\n<table border=\"\u201d1\u2033\" width=\"\u201d3000px\u201d\" height=\"\u201d120px\u201d\" align=\"\u201dcenter\u201d\" >\n<thead>\n<tr>\n<th rowspan=\"2\">nom du mod\u00e8le<\/th>\n<th rowspan=\"2\">LED<\/th>\n<th rowspan=\"2\">Power (W)<\/th>\n<th rowspan=\"2\">Power factor, PF<\/th>\n<th rowspan=\"2\">Max. wind load area, SCd, m\u00b2<\/th>\n<th rowspan=\"2\">Installation height (m)<\/th>\n<\/tr>\n<\/thead>\n<tbody>\n<tr>\n<td rowspan=\"4\">VEGA 4F<\/td>\n<td>80<\/td>\n<td>150-180<\/td>\n<td>\uff1e0.95<\/td>\n<td>0.32<\/td>\n<td>12<\/td>\n<\/tr>\n<tr>\n<td>96<\/td>\n<td>180-200<\/td>\n<td>\uff1e0.95<\/td>\n<td>0.32<\/td>\n<td>14<\/td>\n<\/tr>\n<tr>\n<td>112<\/td>\n<td>250-300<\/td>\n<td>\uff1e0.95<\/td>\n<td>0.32<\/td>\n<td>16<\/td>\n<\/tr>\n<tr>\n<td>168<\/td>\n<td>250-400<\/td>\n<td>\uff1e0.95<\/td>\n<td>0.32<\/td>\n<td>18<\/td>\n<\/tr>\n<\/tbody>\n<\/table>\n<\/div>\n\t\t<\/div>\n\t\t\t\t\t<\/div>\n\n\t\n<\/div>\n\t\t<\/div>\n\n\t\t\n<style>\n#section_532764052 {\n  padding-top: 30px;\n  padding-bottom: 30px;\n}\n#section_532764052 .ux-shape-divider--top svg {\n  height: 150px;\n  --divider-top-width: 100%;\n}\n#section_532764052 .ux-shape-divider--bottom svg {\n  height: 150px;\n  --divider-width: 100%;\n}\n<\/style>\n\t<\/section>\n\t\n\t<section class=\"section\" id=\"section_28263656\">\n\t\t<div class=\"bg section-bg fill bg-fill  bg-loaded\" >\n\n\t\t\t\n\t\t\t\n\t\t\t\n\n\t\t<\/div>\n\n\t\t\n\n\t\t<div class=\"section-content relative\">\n\t\t\t\n<div class=\"row\"  id=\"row-2095085527\">\n\n\t<div id=\"col-1332103414\" class=\"col small-12 large-12\"  >\n\t\t\t\t<div class=\"col-inner\"  >\n\t\t\t\n\t\t\t\n<h2 style=\"text-align: center;\">Informations g\u00e9n\u00e9rales<\/h2>\n<table width=\"430\">\n<tbody>\n<tr>\n<td width=\"185\">Tension, V<\/td>\n<td width=\"245\">200- 240<\/td>\n<\/tr>\n<tr>\n<td width=\"185\">Fr\u00e9quence, Hz<\/td>\n<td width=\"245\">50\/60<\/td>\n<\/tr>\n<tr>\n<td width=\"185\">Corps:<\/td>\n<td width=\"245\">Aluminium moul\u00e9 sous pression<\/td>\n<\/tr>\n<tr>\n<td width=\"185\">Syst\u00e8me optique:<\/td>\n<td width=\"245\">R\u00e9flecteur en aluminium anodis\u00e9 et diffuseur PC\/PMMA<\/td>\n<\/tr>\n<tr>\n<td width=\"185\">\u00c9lectrique :<\/td>\n<td width=\"245\">Connecteur marche\/arr\u00eat rapide lorsqu&#039;il est ouvert.<\/td>\n<\/tr>\n<tr>\n<td width=\"185\">Finition :<\/td>\n<td width=\"245\">Traitement de pulv\u00e9risation \u00e9lectrostatique anti-\u00e2ge de Surface.<\/td>\n<\/tr>\n<tr>\n<td width=\"185\">Temp\u00e9rature de couleur :<\/td>\n<td width=\"245\">2200K \u00e0 6500K<\/td>\n<\/tr>\n<tr>\n<td width=\"185\">Environnement ambiant\u00a0:<\/td>\n<td width=\"245\">-40\u00b0C \u00e0 +55\u00b0C<\/td>\n<\/tr>\n<tr>\n<td width=\"185\">Entr\u00e9es de contr\u00f4le : \u00c9lectrique<\/td>\n<td width=\"245\">DALI, 0-10 V, Astro Dim, Step Dim<\/td>\n<\/tr>\n<tr>\n<td width=\"185\">classe :<\/td>\n<td width=\"245\">Classe I\/II<\/td>\n<\/tr>\n<tr>\n<td width=\"185\">Indice IP\u00a0:<\/td>\n<td width=\"245\">IP66<\/td>\n<\/tr>\n<tr>\n<td width=\"185\">Classement IK\u00a0:<\/td>\n<td width=\"245\">IK09<\/td>\n<\/tr>\n<tr>\n<td width=\"185\">Protection contre les surtensions :<\/td>\n<td width=\"245\">10KV, 10KA<\/td>\n<\/tr>\n<tr>\n<td width=\"185\">Possibilit\u00e9s :<\/td>\n<td width=\"245\">Photocel, prise NEMA, Zhaga<\/td>\n<\/tr>\n<tr>\n<td width=\"185\">Attestation\u00a0:<\/td>\n<td style=\"text-align: left;\" width=\"245\">CE,CB,ENEC,EMC.TM21,LM791EC-62471<\/td>\n<\/tr>\n<\/tbody>\n<\/table>\n\t\t<\/div>\n\t\t\t\t\t<\/div>\n\n\t\n<\/div>\n\t\t<\/div>\n\n\t\t\n<style>\n#section_28263656 {\n  padding-top: 30px;\n  padding-bottom: 30px;\n}\n#section_28263656 .ux-shape-divider--top svg {\n  height: 150px;\n  --divider-top-width: 100%;\n}\n#section_28263656 .ux-shape-divider--bottom svg {\n  height: 150px;\n  --divider-width: 100%;\n}\n<\/style>\n\t<\/section>\n\t\n\n\n\t<section class=\"section\" id=\"section_48233975\">\n\t\t<div class=\"bg section-bg fill bg-fill  bg-loaded\" >\n\n\t\t\t\n\t\t\t\n\t\t\t\n\n\t\t<\/div>\n\n\t\t\n\n\t\t<div class=\"section-content relative\">\n\t\t\t\n<div class=\"row\"  id=\"row-773705178\">\n\n\t<div id=\"col-1920815602\" class=\"col small-12 large-12\"  >\n\t\t\t\t<div class=\"col-inner\"  >\n\t\t\t\n\t\t\t\n<h2 style=\"text-align: center;\">Application optique<\/h2>\n\t\t<\/div>\n\t\t\t\t\t<\/div>\n\n\t\n<\/div>\n<div class=\"row\"  id=\"row-748248860\">\n\n\t<div id=\"col-804260721\" class=\"col small-6 large-12\"  >\n\t\t\t\t<div class=\"col-inner\"  >\n\t\t\t\n\t\t\t\n\t<div class=\"img has-hover x md-x lg-x y md-y lg-y\" id=\"image_247153967\">\n\t\t\t\t\t\t\t\t<div class=\"img-inner image-cover dark\" style=\"padding-top:75%;\">\n\t\t\t<img loading=\"lazy\" decoding=\"async\" width=\"1000\" height=\"750\" src=\"https:\/\/old.luxificlighting.com\/wp-content\/uploads\/2024\/05\/vega_f_led_flood_light_optical_application.webp\" class=\"attachment-original size-original\" alt=\"vega f led flood light optical application\" srcset=\"https:\/\/old.luxificlighting.com\/wp-content\/uploads\/2024\/05\/vega_f_led_flood_light_optical_application.webp 1000w, https:\/\/old.luxificlighting.com\/wp-content\/uploads\/2024\/05\/vega_f_led_flood_light_optical_application-300x225.webp 300w, https:\/\/old.luxificlighting.com\/wp-content\/uploads\/2024\/05\/vega_f_led_flood_light_optical_application-768x576.webp 768w, https:\/\/old.luxificlighting.com\/wp-content\/uploads\/2024\/05\/vega_f_led_flood_light_optical_application-16x12.webp 16w, https:\/\/old.luxificlighting.com\/wp-content\/uploads\/2024\/05\/vega_f_led_flood_light_optical_application-500x375.webp 500w, https:\/\/old.luxificlighting.com\/wp-content\/uploads\/2024\/05\/vega_f_led_flood_light_optical_application-800x600.webp 800w\" sizes=\"auto, (max-width: 1000px) 100vw, 1000px\" \/>\t\t\t\t\t\t\n\t\t\t\t\t<\/div>\n\t\t\t\t\t\t\t\t\n<style>\n#image_247153967 {\n  width: 100%;\n}\n<\/style>\n\t<\/div>\n\t\n\t\t<\/div>\n\t\t\t\t\t<\/div>\n\n\t\n<\/div>\n\t\t<\/div>\n\n\t\t\n<style>\n#section_48233975 {\n  padding-top: 30px;\n  padding-bottom: 30px;\n}\n#section_48233975 .ux-shape-divider--top svg {\n  height: 150px;\n  --divider-top-width: 100%;\n}\n#section_48233975 .ux-shape-divider--bottom svg {\n  height: 150px;\n  --divider-width: 100%;\n}\n<\/style>\n\t<\/section>\n\t\n\t<section class=\"section\" id=\"section_1622126799\">\n\t\t<div class=\"bg section-bg fill bg-fill  bg-loaded\" >\n\n\t\t\t\n\t\t\t\n\t\t\t\n\n\t\t<\/div>\n\n\t\t\n\n\t\t<div class=\"section-content relative\">\n\t\t\t\n<div class=\"row\"  id=\"row-2005717908\">\n\n\t<div id=\"col-521627266\" class=\"col small-12 large-12\"  >\n\t\t\t\t<div class=\"col-inner\"  >\n\t\t\t\n\t\t\t\n\t<div id=\"text-994801041\" class=\"text\">\n\t\t\n<h2>Documentation<\/h2>\n\t\t\n<style>\n#text-994801041 {\n  text-align: center;\n}\n<\/style>\n\t<\/div>\n\t\n\t<div id=\"gap-1768472219\" class=\"gap-element clearfix\" style=\"display:block; height:auto;\">\n\t\t\n<style>\n#gap-1768472219 {\n  padding-top: 36px;\n}\n<\/style>\n\t<\/div>\n\t\n\t\t<\/div>\n\t\t\t\t\t<\/div>\n\n\t\n<\/div>\n<div class=\"row align-equal align-center\"  id=\"row-1238218837\">\n\n\t<div id=\"col-236459684\" class=\"col medium-4 small-12 large-4\"  >\n\t\t\t\t<div class=\"col-inner box-shadow-1\"  >\n\t\t\t\n\t\t\t\n<div class=\"row row-collapse align-equal align-center\"  id=\"row-1479403581\">\n\n\t<div id=\"col-548947777\" class=\"col small-12 large-12\"  >\n\t\t\t\t<div class=\"col-inner text-center dark\" style=\"background-color:rgb(20, 184, 166);\" >\n\t\t\t\n\t<div class=\"is-border\"\n\t\tstyle=\"border-color:rgb(255, 255, 255);border-width:0px 0px 10px 0px;\">\n\t<\/div>\n\t\t\t\n<p>Instruction<\/p>\n<p>Instructions d&#039;installation<\/p>\n\t\t<\/div>\n\t\t\t\t\n<style>\n#col-548947777 > .col-inner {\n  padding: 24px 0px 24px 0px;\n  border-radius: 8px;\n}\n<\/style>\n\t<\/div>\n\n\t\n<\/div>\n<div class=\"row row-collapse\"  id=\"row-179788935\">\n\n\t<div id=\"col-577769404\" class=\"col small-12 large-12\"  >\n\t\t\t\t<div class=\"col-inner text-center\"  >\n\t\t\t\n\t\t\t\n<a class=\"button primary is-outline is-large expand\"  >\n    <span>T\u00e9l\u00e9charger<\/span>\n  <\/a>\n\n\t\t<\/div>\n\t\t\t\t\n<style>\n#col-577769404 > .col-inner {\n  margin: 16px 0px 16px 0px;\n}\n<\/style>\n\t<\/div>\n\n\t\n\n<style>\n#row-179788935 > .col > .col-inner {\n  padding: 0px 30px 0px 30px;\n}\n@media (min-width:550px) {\n  #row-179788935 > .col > .col-inner {\n    padding: 0px 20px 0px 20px;\n  }\n}\n@media (min-width:850px) {\n  #row-179788935 > .col > .col-inner {\n    padding: 0px 40px 0px 40px;\n  }\n}\n<\/style>\n<\/div>\n\t\t<\/div>\n\t\t\t\t\n<style>\n#col-236459684 > .col-inner {\n  margin: 16px 0px 16px 0px;\n  border-radius: 10px;\n}\n<\/style>\n\t<\/div>\n\n\t\n\n\t<div id=\"col-795765545\" class=\"col medium-4 small-12 large-4\"  >\n\t\t\t\t<div class=\"col-inner box-shadow-1\"  >\n\t\t\t\n\t\t\t\n<div class=\"row row-collapse align-equal align-center\"  id=\"row-1563872808\">\n\n\t<div id=\"col-14518630\" class=\"col small-12 large-12\"  >\n\t\t\t\t<div class=\"col-inner text-center dark\" style=\"background-color:rgb(20, 184, 166);\" >\n\t\t\t\n\t<div class=\"is-border\"\n\t\tstyle=\"border-color:rgb(255, 255, 255);border-width:0px 0px 10px 0px;\">\n\t<\/div>\n\t\t\t\n<p>Certificat<\/p>\n<p>CB<\/p>\n\t\t<\/div>\n\t\t\t\t\n<style>\n#col-14518630 > .col-inner {\n  padding: 24px 0px 24px 0px;\n  border-radius: 10px;\n}\n<\/style>\n\t<\/div>\n\n\t\n<\/div>\n<div class=\"row row-collapse\"  id=\"row-27313126\">\n\n\t<div id=\"col-1359976722\" class=\"col small-12 large-12\"  >\n\t\t\t\t<div class=\"col-inner text-center\"  >\n\t\t\t\n\t\t\t\n<a class=\"button primary is-outline expand\"  >\n    <span>T\u00e9l\u00e9charger<\/span>\n  <\/a>\n\n\t\t<\/div>\n\t\t\t\t\n<style>\n#col-1359976722 > .col-inner {\n  margin: 16px 0px 0px 0px;\n}\n<\/style>\n\t<\/div>\n\n\t\n\n<style>\n#row-27313126 > .col > .col-inner {\n  padding: 0px 30px 0px 30px;\n}\n@media (min-width:550px) {\n  #row-27313126 > .col > .col-inner {\n    padding: 0px 20px 0px 20px;\n  }\n}\n@media (min-width:850px) {\n  #row-27313126 > .col > .col-inner {\n    padding: 0px 40px 0px 40px;\n  }\n}\n<\/style>\n<\/div>\n\t\t<\/div>\n\t\t\t\t\n<style>\n#col-795765545 > .col-inner {\n  margin: 16px 0px 16px 0px;\n  border-radius: 8px;\n}\n<\/style>\n\t<\/div>\n\n\t\n\n\t<div id=\"col-1890346855\" class=\"col medium-4 small-12 large-4\"  >\n\t\t\t\t<div class=\"col-inner box-shadow-1\"  >\n\t\t\t\n\t\t\t\n<div class=\"row row-collapse align-equal align-center\"  id=\"row-1899266005\">\n\n\t<div id=\"col-343774753\" class=\"col small-12 large-12\"  >\n\t\t\t\t<div class=\"col-inner text-center dark\" style=\"background-color:#14b8a6;\" >\n\t\t\t\n\t<div class=\"is-border\"\n\t\tstyle=\"border-color:rgb(255, 255, 255);border-width:0px 0px 10px 0px;\">\n\t<\/div>\n\t\t\t\n<p>Certificat<\/p>\n<p>ENEC<\/p>\n\t\t<\/div>\n\t\t\t\t\n<style>\n#col-343774753 > .col-inner {\n  padding: 24px 0px 24px 0px;\n  border-radius: 8px;\n}\n<\/style>\n\t<\/div>\n\n\t\n<\/div>\n<div class=\"row row-collapse\"  id=\"row-1572728386\">\n\n\t<div id=\"col-579480919\" class=\"col small-12 large-12\"  >\n\t\t\t\t<div class=\"col-inner text-center\"  >\n\t\t\t\n\t\t\t\n<a class=\"button primary is-outline is-large expand\"  >\n    <span>T\u00e9l\u00e9charger<\/span>\n  <\/a>\n\n\t\t<\/div>\n\t\t\t\t\n<style>\n#col-579480919 > .col-inner {\n  margin: 16px 0px 0px 0px;\n}\n<\/style>\n\t<\/div>\n\n\t\n\n<style>\n#row-1572728386 > .col > .col-inner {\n  padding: 0px 30px 0px 30px;\n}\n@media (min-width:550px) {\n  #row-1572728386 > .col > .col-inner {\n    padding: 0px 20px 0px 20px;\n  }\n}\n@media (min-width:850px) {\n  #row-1572728386 > .col > .col-inner {\n    padding: 0px 40px 0px 40px;\n  }\n}\n<\/style>\n<\/div>\n\t\t<\/div>\n\t\t\t\t\n<style>\n#col-1890346855 > .col-inner {\n  margin: 16px 0px 16px 0px;\n  border-radius: 10px;\n}\n<\/style>\n\t<\/div>\n\n\t\n\n<style>\n#row-1238218837 > .col > .col-inner {\n  background-color: rgb(255,255,255);\n}\n<\/style>\n<\/div>\n\t\t<\/div>\n\n\t\t\n<style>\n#section_1622126799 {\n  padding-top: 48px;\n  padding-bottom: 48px;\n}\n#section_1622126799 .ux-shape-divider--top svg {\n  height: 150px;\n  --divider-top-width: 100%;\n}\n#section_1622126799 .ux-shape-divider--bottom svg {\n  height: 150px;\n  --divider-width: 100%;\n}\n<\/style>\n\t<\/section>\n\t\n\t<section class=\"section dark\" id=\"section_579945901\">\n\t\t<div class=\"bg section-bg fill bg-fill  bg-loaded\" >\n\n\t\t\t\n\t\t\t\n\t\t\t\n\n\t\t<\/div>\n\n\t\t\n\n\t\t<div class=\"section-content relative\">\n\t\t\t\n\n<div class=\"row row-small align-center\"  id=\"row-163527833\">\n\n\n\t<div id=\"col-2129917492\" class=\"col small-12 large-12\"  >\n\t\t\t\t<div class=\"col-inner text-center dark\" style=\"background-color:rgb(250, 250, 249);\" >\n\t\t\t\n\t\t\t\n\n\t<div id=\"text-2099044232\" class=\"text\">\n\t\t\n\n<h3>Demande rapide<\/h3>\n<p>Veuillez nous contacter pour plus d&#039;informations sur les produits!<\/p>\n\t\t\n<style>\n#text-2099044232 {\n  color: rgb(23, 23, 23);\n}\n#text-2099044232 > * {\n  color: rgb(23, 23, 23);\n}\n<\/style>\n\t<\/div>\n\t\n<a href=\"#is-pop\" target=\"_self\" class=\"button primary\"  style=\"border-radius:8px;padding:4px 49px 4px 48px;\">\n    <span>Aller au contact<\/span>\n  <\/a>\n\n\n\n\t\t<\/div>\n\t\t\t\t\n<style>\n#col-2129917492 > .col-inner {\n  padding: 36px 0px 36px 0px;\n  border-radius: 16px;\n}\n<\/style>\n\t<\/div>\n\n\t\n\n<\/div>\n\n\t\t<\/div>\n\n\t\t\n<style>\n#section_579945901 {\n  padding-top: 30px;\n  padding-bottom: 30px;\n  background-color: rgb(255,255,255);\n}\n#section_579945901 .ux-shape-divider--top svg {\n  height: 150px;\n  --divider-top-width: 100%;\n}\n#section_579945901 .ux-shape-divider--bottom svg {\n  height: 150px;\n  --divider-width: 100%;\n}\n<\/style>\n\t<\/section>","protected":false},"excerpt":{"rendered":"<p>The VEGA 4F is developed for the most difficult and expansive applications and is without a doubt the greatest powerhouse in the series. Ports, airports, construction sites, and large outdoor areas are serviced best with the fully harnessed power of 150 to 400 watts. This model boasts newer LED features that exceed energy efficiency standards while providing unmatched brightness. Reliable performance under extreme conditions are ensured by its rugged construction and superior thermal management. For the most demanding illumination and endurance projects, the VEGA 4F is the perfect answer.<\/p>","protected":false},"featured_media":3243,"comment_status":"closed","ping_status":"closed","template":"","meta":[],"product_brand":[],"product_cat":[62],"product_tag":[],"class_list":{"0":"post-3071","1":"product","2":"type-product","3":"status-publish","4":"has-post-thumbnail","6":"product_cat-led-flood-light","8":"first","9":"instock","10":"shipping-taxable","11":"product-type-simple"},"yoast_head":"<!-- This site is optimized with the Yoast SEO plugin v25.3 - https:\/\/yoast.com\/wordpress\/plugins\/seo\/ -->\n<title>VEGA 4F Outdoor LED Flood Light<\/title>\n<meta name=\"description\" content=\"LED flood lights, save energy and increase safety. Brighten up your surroundings with our energy-efficient technology. Shop now and see the difference!\" \/>\n<meta name=\"robots\" content=\"noindex, follow, max-snippet:-1, max-image-preview:large, max-video-preview:-1\" \/>\n<meta property=\"og:locale\" content=\"fr_FR\" \/>\n<meta property=\"og:type\" content=\"article\" \/>\n<meta property=\"og:title\" content=\"VEGA 4F Outdoor LED Flood Light\" \/>\n<meta property=\"og:description\" content=\"LED flood lights, save energy and increase safety. Brighten up your surroundings with our energy-efficient technology. Shop now and see the difference!\" \/>\n<meta property=\"og:url\" content=\"https:\/\/old.luxificlighting.com\/fr\/produit\/vega-4f\/\" \/>\n<meta property=\"og:site_name\" content=\"LUXIFIC\" \/>\n<meta property=\"article:modified_time\" content=\"2025-04-14T07:29:44+00:00\" \/>\n<meta property=\"og:image\" content=\"https:\/\/old.luxificlighting.com\/wp-content\/uploads\/2023\/04\/VEGA-4F-2.png\" \/>\n\t<meta property=\"og:image:width\" content=\"577\" \/>\n\t<meta property=\"og:image:height\" content=\"433\" \/>\n\t<meta property=\"og:image:type\" content=\"image\/png\" \/>\n<meta name=\"twitter:card\" content=\"summary_large_image\" \/>\n<meta name=\"twitter:label1\" content=\"Dur\u00e9e de lecture estim\u00e9e\" \/>\n\t<meta name=\"twitter:data1\" content=\"3 minutes\" \/>\n<script type=\"application\/ld+json\" class=\"yoast-schema-graph\">{\"@context\":\"https:\/\/schema.org\",\"@graph\":[{\"@type\":\"WebPage\",\"@id\":\"https:\/\/old.luxificlighting.com\/product\/vega-4f\/\",\"url\":\"https:\/\/old.luxificlighting.com\/product\/vega-4f\/\",\"name\":\"VEGA 4F Outdoor LED Flood Light\",\"isPartOf\":{\"@id\":\"https:\/\/old.luxificlighting.com\/#website\"},\"primaryImageOfPage\":{\"@id\":\"https:\/\/old.luxificlighting.com\/product\/vega-4f\/#primaryimage\"},\"image\":{\"@id\":\"https:\/\/old.luxificlighting.com\/product\/vega-4f\/#primaryimage\"},\"thumbnailUrl\":\"https:\/\/old.luxificlighting.com\/wp-content\/uploads\/2023\/04\/VEGA-4F-2.png\",\"datePublished\":\"2023-04-13T07:29:37+00:00\",\"dateModified\":\"2025-04-14T07:29:44+00:00\",\"description\":\"LED flood lights, save energy and increase safety. Brighten up your surroundings with our energy-efficient technology. Shop now and see the difference!\",\"breadcrumb\":{\"@id\":\"https:\/\/old.luxificlighting.com\/product\/vega-4f\/#breadcrumb\"},\"inLanguage\":\"fr-FR\",\"potentialAction\":[{\"@type\":\"ReadAction\",\"target\":[\"https:\/\/old.luxificlighting.com\/product\/vega-4f\/\"]}]},{\"@type\":\"ImageObject\",\"inLanguage\":\"fr-FR\",\"@id\":\"https:\/\/old.luxificlighting.com\/product\/vega-4f\/#primaryimage\",\"url\":\"https:\/\/old.luxificlighting.com\/wp-content\/uploads\/2023\/04\/VEGA-4F-2.png\",\"contentUrl\":\"https:\/\/old.luxificlighting.com\/wp-content\/uploads\/2023\/04\/VEGA-4F-2.png\",\"width\":577,\"height\":433},{\"@type\":\"BreadcrumbList\",\"@id\":\"https:\/\/old.luxificlighting.com\/product\/vega-4f\/#breadcrumb\",\"itemListElement\":[{\"@type\":\"ListItem\",\"position\":1,\"name\":\"Home\",\"item\":\"https:\/\/old.luxificlighting.com\/\"},{\"@type\":\"ListItem\",\"position\":2,\"name\":\"Products\",\"item\":\"https:\/\/old.luxificlighting.com\/products\/\"},{\"@type\":\"ListItem\",\"position\":3,\"name\":\"VEGA 4F 150W-400W\"}]},{\"@type\":\"WebSite\",\"@id\":\"https:\/\/old.luxificlighting.com\/#website\",\"url\":\"https:\/\/old.luxificlighting.com\/\",\"name\":\"LUXIFIC\",\"description\":\"\",\"potentialAction\":[{\"@type\":\"SearchAction\",\"target\":{\"@type\":\"EntryPoint\",\"urlTemplate\":\"https:\/\/old.luxificlighting.com\/?s={search_term_string}\"},\"query-input\":{\"@type\":\"PropertyValueSpecification\",\"valueRequired\":true,\"valueName\":\"search_term_string\"}}],\"inLanguage\":\"fr-FR\"}]}<\/script>\n<!-- \/ Yoast SEO plugin. -->","yoast_head_json":{"title":"Projecteur LED ext\u00e9rieur VEGA 4F","description":"Projecteurs LED, \u00e9conomisez de l&#039;\u00e9nergie et augmentez la s\u00e9curit\u00e9. \u00c9gayez votre environnement gr\u00e2ce \u00e0 notre technologie \u00e9conome en \u00e9nergie. Achetez maintenant et voyez la diff\u00e9rence\u00a0!","robots":{"index":"noindex","follow":"follow","max-snippet":"max-snippet:-1","max-image-preview":"max-image-preview:large","max-video-preview":"max-video-preview:-1"},"og_locale":"fr_FR","og_type":"article","og_title":"VEGA 4F Outdoor LED Flood Light","og_description":"LED flood lights, save energy and increase safety. Brighten up your surroundings with our energy-efficient technology. Shop now and see the difference!","og_url":"https:\/\/old.luxificlighting.com\/fr\/produit\/vega-4f\/","og_site_name":"LUXIFIC","article_modified_time":"2025-04-14T07:29:44+00:00","og_image":[{"width":577,"height":433,"url":"https:\/\/old.luxificlighting.com\/wp-content\/uploads\/2023\/04\/VEGA-4F-2.png","type":"image\/png"}],"twitter_card":"summary_large_image","twitter_misc":{"Dur\u00e9e de lecture estim\u00e9e":"3 minutes"},"schema":{"@context":"https:\/\/schema.org","@graph":[{"@type":"WebPage","@id":"https:\/\/old.luxificlighting.com\/product\/vega-4f\/","url":"https:\/\/old.luxificlighting.com\/product\/vega-4f\/","name":"Projecteur LED ext\u00e9rieur VEGA 4F","isPartOf":{"@id":"https:\/\/old.luxificlighting.com\/#website"},"primaryImageOfPage":{"@id":"https:\/\/old.luxificlighting.com\/product\/vega-4f\/#primaryimage"},"image":{"@id":"https:\/\/old.luxificlighting.com\/product\/vega-4f\/#primaryimage"},"thumbnailUrl":"https:\/\/old.luxificlighting.com\/wp-content\/uploads\/2023\/04\/VEGA-4F-2.png","datePublished":"2023-04-13T07:29:37+00:00","dateModified":"2025-04-14T07:29:44+00:00","description":"Projecteurs LED, \u00e9conomisez de l&#039;\u00e9nergie et augmentez la s\u00e9curit\u00e9. \u00c9gayez votre environnement gr\u00e2ce \u00e0 notre technologie \u00e9conome en \u00e9nergie. Achetez maintenant et voyez la diff\u00e9rence\u00a0!","breadcrumb":{"@id":"https:\/\/old.luxificlighting.com\/product\/vega-4f\/#breadcrumb"},"inLanguage":"fr-FR","potentialAction":[{"@type":"ReadAction","target":["https:\/\/old.luxificlighting.com\/product\/vega-4f\/"]}]},{"@type":"ImageObject","inLanguage":"fr-FR","@id":"https:\/\/old.luxificlighting.com\/product\/vega-4f\/#primaryimage","url":"https:\/\/old.luxificlighting.com\/wp-content\/uploads\/2023\/04\/VEGA-4F-2.png","contentUrl":"https:\/\/old.luxificlighting.com\/wp-content\/uploads\/2023\/04\/VEGA-4F-2.png","width":577,"height":433},{"@type":"BreadcrumbList","@id":"https:\/\/old.luxificlighting.com\/product\/vega-4f\/#breadcrumb","itemListElement":[{"@type":"ListItem","position":1,"name":"Home","item":"https:\/\/old.luxificlighting.com\/"},{"@type":"ListItem","position":2,"name":"Products","item":"https:\/\/old.luxificlighting.com\/products\/"},{"@type":"ListItem","position":3,"name":"VEGA 4F 150W-400W"}]},{"@type":"WebSite","@id":"https:\/\/old.luxificlighting.com\/#website","url":"https:\/\/old.luxificlighting.com\/","name":"LUXIFIQUE","description":"","potentialAction":[{"@type":"SearchAction","target":{"@type":"EntryPoint","urlTemplate":"https:\/\/old.luxificlighting.com\/?s={search_term_string}"},"query-input":{"@type":"PropertyValueSpecification","valueRequired":true,"valueName":"search_term_string"}}],"inLanguage":"fr-FR"}]}},"_links":{"self":[{"href":"https:\/\/old.luxificlighting.com\/fr\/wp-json\/wp\/v2\/product\/3071","targetHints":{"allow":["GET"]}}],"collection":[{"href":"https:\/\/old.luxificlighting.com\/fr\/wp-json\/wp\/v2\/product"}],"about":[{"href":"https:\/\/old.luxificlighting.com\/fr\/wp-json\/wp\/v2\/types\/product"}],"replies":[{"embeddable":true,"href":"https:\/\/old.luxificlighting.com\/fr\/wp-json\/wp\/v2\/comments?post=3071"}],"wp:featuredmedia":[{"embeddable":true,"href":"https:\/\/old.luxificlighting.com\/fr\/wp-json\/wp\/v2\/media\/3243"}],"wp:attachment":[{"href":"https:\/\/old.luxificlighting.com\/fr\/wp-json\/wp\/v2\/media?parent=3071"}],"wp:term":[{"taxonomy":"product_brand","embeddable":true,"href":"https:\/\/old.luxificlighting.com\/fr\/wp-json\/wp\/v2\/product_brand?post=3071"},{"taxonomy":"product_cat","embeddable":true,"href":"https:\/\/old.luxificlighting.com\/fr\/wp-json\/wp\/v2\/product_cat?post=3071"},{"taxonomy":"product_tag","embeddable":true,"href":"https:\/\/old.luxificlighting.com\/fr\/wp-json\/wp\/v2\/product_tag?post=3071"}],"curies":[{"name":"wp","href":"https:\/\/api.w.org\/{rel}","templated":true}]}}