{"id":3069,"date":"2023-04-13T15:28:41","date_gmt":"2023-04-13T07:28:41","guid":{"rendered":"https:\/\/luxific.seowaimao.com\/?post_type=product&#038;p=3069"},"modified":"2025-04-14T15:36:15","modified_gmt":"2025-04-14T07:36:15","slug":"vega-2f","status":"publish","type":"product","link":"https:\/\/old.luxificlighting.com\/fr\/produit\/vega-2f\/","title":{"rendered":"VEGA 2F 30W-150W"},"content":{"rendered":"<section class=\"section\" id=\"section_438396264\">\n\t\t<div class=\"bg section-bg fill bg-fill  bg-loaded\" >\n\n\t\t\t\n\t\t\t\n\t\t\t\n\n\t\t<\/div>\n\n\t\t\n\n\t\t<div class=\"section-content relative\">\n\t\t\t\n<div class=\"row\"  id=\"row-1012586396\">\n\n\t<div id=\"col-576269450\" class=\"col small-12 large-12\"  >\n\t\t\t\t<div class=\"col-inner\"  >\n\t\t\t\n\t\t\t\n<h2 style=\"text-align: center;\">Sp\u00e9cifications technologiques<\/h2>\n<div style=\"overflow: auto; \" >\n<table border=\"\u201d1\u2033\" width=\"\u201d3000px\u201d\" height=\"\u201d120px\u201d\" align=\"\u201dcenter\u201d\" >\n<thead>\n<tr>\n<th>nom du mod\u00e8le<\/th>\n<th>LED<\/th>\n<th>Pouvoir<br \/>(W)<\/th>\n<th>Facteur de puissance,PF<\/th>\n<th>Zone de charge maximale du vent, SCd, m2<\/th>\n<th>Hauteur d&#039;installation (m)<\/th>\n<\/tr>\n<\/thead>\n<tbody>\n<tr>\n<td rowspan=\"4\">VEGA 2F<\/td>\n<td>16<\/td>\n<td>30-40<\/td>\n<td>\uff1e0.95<\/td>\n<td>0.15<\/td>\n<td>6<\/td>\n<\/tr>\n<tr>\n<td>32<\/td>\n<td>40-70<\/td>\n<td>\uff1e0.95<\/td>\n<td>0.15<\/td>\n<td>8<\/td>\n<\/tr>\n<tr>\n<td>48<\/td>\n<td>70-120<\/td>\n<td>\uff1e0.95<\/td>\n<td>0.15<\/td>\n<td>10<\/td>\n<\/tr>\n<tr>\n<td>72<\/td>\n<td>120-150<\/td>\n<td>\uff1e0.95<\/td>\n<td>0.15<\/td>\n<td>12<\/td>\n<\/tr>\n<\/tbody>\n<\/table>\n<\/div>\n\t\t<\/div>\n\t\t\t\t\t<\/div>\n\n\t\n<\/div>\n\t\t<\/div>\n\n\t\t\n<style>\n#section_438396264 {\n  padding-top: 30px;\n  padding-bottom: 30px;\n}\n#section_438396264 .ux-shape-divider--top svg {\n  height: 150px;\n  --divider-top-width: 100%;\n}\n#section_438396264 .ux-shape-divider--bottom svg {\n  height: 150px;\n  --divider-width: 100%;\n}\n<\/style>\n\t<\/section>\n\t\n\t<section class=\"section\" id=\"section_2021748683\">\n\t\t<div class=\"bg section-bg fill bg-fill  bg-loaded\" >\n\n\t\t\t\n\t\t\t\n\t\t\t\n\n\t\t<\/div>\n\n\t\t\n\n\t\t<div class=\"section-content relative\">\n\t\t\t\n<div class=\"row\"  id=\"row-1310756000\">\n\n\t<div id=\"col-1965743127\" class=\"col small-12 large-12\"  >\n\t\t\t\t<div class=\"col-inner\"  >\n\t\t\t\n\t\t\t\n<h2 style=\"text-align: center;\">Informations g\u00e9n\u00e9rales<\/h2>\n<table width=\"430\">\n<tbody>\n<tr>\n<td width=\"185\">Tension, V<\/td>\n<td width=\"245\">200- 240<\/td>\n<\/tr>\n<tr>\n<td width=\"185\">Fr\u00e9quence, Hz<\/td>\n<td width=\"245\">50\/60<\/td>\n<\/tr>\n<tr>\n<td width=\"185\">Corps:<\/td>\n<td width=\"245\">Aluminium moul\u00e9 sous pression<\/td>\n<\/tr>\n<tr>\n<td width=\"185\">Syst\u00e8me optique:<\/td>\n<td width=\"245\">R\u00e9flecteur en aluminium anodis\u00e9 et diffuseur PC\/PMMA<\/td>\n<\/tr>\n<tr>\n<td width=\"185\">\u00c9lectrique :<\/td>\n<td width=\"245\">Connecteur marche\/arr\u00eat rapide lorsqu&#039;il est ouvert.<\/td>\n<\/tr>\n<tr>\n<td width=\"185\">Finition :<\/td>\n<td width=\"245\">Traitement de pulv\u00e9risation \u00e9lectrostatique anti-\u00e2ge de Surface.<\/td>\n<\/tr>\n<tr>\n<td width=\"185\">Temp\u00e9rature de couleur :<\/td>\n<td width=\"245\">2200K \u00e0 6500K<\/td>\n<\/tr>\n<tr>\n<td width=\"185\">Environnement ambiant\u00a0:<\/td>\n<td width=\"245\">&#039;-40\u00b0C \u00e0 +55\u00b0C<\/td>\n<\/tr>\n<tr>\n<td width=\"185\">Entr\u00e9es de contr\u00f4le : \u00c9lectrique<\/td>\n<td width=\"245\">DALI, 0-10 V, Astro Dim, Step Dim<\/td>\n<\/tr>\n<tr>\n<td width=\"185\">classe :<\/td>\n<td width=\"245\">Classe I\/II<\/td>\n<\/tr>\n<tr>\n<td width=\"185\">Indice IP\u00a0:<\/td>\n<td width=\"245\">IP66<\/td>\n<\/tr>\n<tr>\n<td width=\"185\">Classement IK\u00a0:<\/td>\n<td width=\"245\">IK09<\/td>\n<\/tr>\n<tr>\n<td width=\"185\">Protection contre les surtensions :<\/td>\n<td width=\"245\">10KV, 10KA<\/td>\n<\/tr>\n<tr>\n<td width=\"185\">Possibilit\u00e9s :<\/td>\n<td width=\"245\">Photocel, prise NEMA, Zhaga<\/td>\n<\/tr>\n<tr>\n<td width=\"185\">Attestation\u00a0:<\/td>\n<td width=\"245\">CE,CB,ENEC,EMC.TM21,LM791EC-62471<\/td>\n<\/tr>\n<\/tbody>\n<\/table>\n\t\t<\/div>\n\t\t\t\t\t<\/div>\n\n\t\n<\/div>\n\t\t<\/div>\n\n\t\t\n<style>\n#section_2021748683 {\n  padding-top: 30px;\n  padding-bottom: 30px;\n}\n#section_2021748683 .ux-shape-divider--top svg {\n  height: 150px;\n  --divider-top-width: 100%;\n}\n#section_2021748683 .ux-shape-divider--bottom svg {\n  height: 150px;\n  --divider-width: 100%;\n}\n<\/style>\n\t<\/section>\n\t\n\n\n\t<section class=\"section\" id=\"section_1497908880\">\n\t\t<div class=\"bg section-bg fill bg-fill  bg-loaded\" >\n\n\t\t\t\n\t\t\t\n\t\t\t\n\n\t\t<\/div>\n\n\t\t\n\n\t\t<div class=\"section-content relative\">\n\t\t\t\n<div class=\"row\"  id=\"row-886042445\">\n\n\t<div id=\"col-1558511194\" class=\"col small-12 large-12\"  >\n\t\t\t\t<div class=\"col-inner\"  >\n\t\t\t\n\t\t\t\n<h2 style=\"text-align: center;\">Application optique<\/h2>\n\t\t<\/div>\n\t\t\t\t\t<\/div>\n\n\t\n<\/div>\n<div class=\"row\"  id=\"row-440354392\">\n\n\t<div id=\"col-1875961684\" class=\"col small-6 large-12\"  >\n\t\t\t\t<div class=\"col-inner\"  >\n\t\t\t\n\t\t\t\n\t<div class=\"img has-hover x md-x lg-x y md-y lg-y\" id=\"image_2128184958\">\n\t\t\t\t\t\t\t\t<div class=\"img-inner image-cover dark\" style=\"padding-top:75%;\">\n\t\t\t<img loading=\"lazy\" decoding=\"async\" width=\"1000\" height=\"750\" src=\"https:\/\/old.luxificlighting.com\/wp-content\/uploads\/2024\/05\/vega_f_led_flood_light_optical_application.webp\" class=\"attachment-large size-large\" alt=\"vega f led flood light optical application\" srcset=\"https:\/\/old.luxificlighting.com\/wp-content\/uploads\/2024\/05\/vega_f_led_flood_light_optical_application.webp 1000w, https:\/\/old.luxificlighting.com\/wp-content\/uploads\/2024\/05\/vega_f_led_flood_light_optical_application-300x225.webp 300w, https:\/\/old.luxificlighting.com\/wp-content\/uploads\/2024\/05\/vega_f_led_flood_light_optical_application-768x576.webp 768w, https:\/\/old.luxificlighting.com\/wp-content\/uploads\/2024\/05\/vega_f_led_flood_light_optical_application-16x12.webp 16w, https:\/\/old.luxificlighting.com\/wp-content\/uploads\/2024\/05\/vega_f_led_flood_light_optical_application-500x375.webp 500w, https:\/\/old.luxificlighting.com\/wp-content\/uploads\/2024\/05\/vega_f_led_flood_light_optical_application-800x600.webp 800w\" sizes=\"auto, (max-width: 1000px) 100vw, 1000px\" \/>\t\t\t\t\t\t\n\t\t\t\t\t<\/div>\n\t\t\t\t\t\t\t\t\n<style>\n#image_2128184958 {\n  width: 100%;\n}\n<\/style>\n\t<\/div>\n\t\n\t\t<\/div>\n\t\t\t\t\t<\/div>\n\n\t\n<\/div>\n\t\t<\/div>\n\n\t\t\n<style>\n#section_1497908880 {\n  padding-top: 30px;\n  padding-bottom: 30px;\n}\n#section_1497908880 .ux-shape-divider--top svg {\n  height: 150px;\n  --divider-top-width: 100%;\n}\n#section_1497908880 .ux-shape-divider--bottom svg {\n  height: 150px;\n  --divider-width: 100%;\n}\n<\/style>\n\t<\/section>\n\t\n\t<section class=\"section\" id=\"section_1107720549\">\n\t\t<div class=\"bg section-bg fill bg-fill  bg-loaded\" >\n\n\t\t\t\n\t\t\t\n\t\t\t\n\n\t\t<\/div>\n\n\t\t\n\n\t\t<div class=\"section-content relative\">\n\t\t\t\n<div class=\"row\"  id=\"row-950901601\">\n\n\t<div id=\"col-1439084785\" class=\"col small-12 large-12\"  >\n\t\t\t\t<div class=\"col-inner\"  >\n\t\t\t\n\t\t\t\n\t<div id=\"text-1289959597\" class=\"text\">\n\t\t\n<h2 style=\"text-align: center;\">Documentation<\/h2>\n\t\t\n<style>\n#text-1289959597 {\n  text-align: center;\n}\n<\/style>\n\t<\/div>\n\t\n\t<div id=\"gap-2022824849\" class=\"gap-element clearfix\" style=\"display:block; height:auto;\">\n\t\t\n<style>\n#gap-2022824849 {\n  padding-top: 36px;\n}\n<\/style>\n\t<\/div>\n\t\n\t\t<\/div>\n\t\t\t\t\t<\/div>\n\n\t\n<\/div>\n<div class=\"row align-equal align-center\"  id=\"row-1572050129\">\n\n\t<div id=\"col-1548298005\" class=\"col medium-4 small-12 large-4\"  >\n\t\t\t\t<div class=\"col-inner box-shadow-1\"  >\n\t\t\t\n\t\t\t\n<div class=\"row row-collapse align-equal align-center\"  id=\"row-1331617586\">\n\n\t<div id=\"col-800837700\" class=\"col small-12 large-12\"  >\n\t\t\t\t<div class=\"col-inner text-center dark\" style=\"background-color:rgb(20, 184, 166);\" >\n\t\t\t\n\t<div class=\"is-border\"\n\t\tstyle=\"border-color:rgb(255, 255, 255);border-width:0px 0px 10px 0px;\">\n\t<\/div>\n\t\t\t\n<p>Instruction<\/p>\n<p>Instructions d&#039;installation<\/p>\n\t\t<\/div>\n\t\t\t\t\n<style>\n#col-800837700 > .col-inner {\n  padding: 24px 0px 24px 0px;\n  border-radius: 8px;\n}\n<\/style>\n\t<\/div>\n\n\t\n<\/div>\n<div class=\"row row-collapse\"  id=\"row-1524894764\">\n\n\t<div id=\"col-279930951\" class=\"col small-12 large-12\"  >\n\t\t\t\t<div class=\"col-inner text-center\"  >\n\t\t\t\n\t\t\t\n<a class=\"button primary is-outline is-large expand\"  >\n    <span>T\u00e9l\u00e9charger<\/span>\n  <\/a>\n\n\t\t<\/div>\n\t\t\t\t\n<style>\n#col-279930951 > .col-inner {\n  margin: 16px 0px 16px 0px;\n}\n<\/style>\n\t<\/div>\n\n\t\n\n<style>\n#row-1524894764 > .col > .col-inner {\n  padding: 0px 30px 0px 30px;\n}\n@media (min-width:550px) {\n  #row-1524894764 > .col > .col-inner {\n    padding: 0px 20px 0px 20px;\n  }\n}\n@media (min-width:850px) {\n  #row-1524894764 > .col > .col-inner {\n    padding: 0px 40px 0px 40px;\n  }\n}\n<\/style>\n<\/div>\n\t\t<\/div>\n\t\t\t\t\n<style>\n#col-1548298005 > .col-inner {\n  margin: 16px 0px 16px 0px;\n  border-radius: 10px;\n}\n<\/style>\n\t<\/div>\n\n\t\n\n\t<div id=\"col-392480266\" class=\"col medium-4 small-12 large-4\"  >\n\t\t\t\t<div class=\"col-inner box-shadow-1\"  >\n\t\t\t\n\t\t\t\n<div class=\"row row-collapse align-equal align-center\"  id=\"row-1039813914\">\n\n\t<div id=\"col-979430285\" class=\"col small-12 large-12\"  >\n\t\t\t\t<div class=\"col-inner text-center dark\" style=\"background-color:rgb(20, 184, 166);\" >\n\t\t\t\n\t<div class=\"is-border\"\n\t\tstyle=\"border-color:rgb(255, 255, 255);border-width:0px 0px 10px 0px;\">\n\t<\/div>\n\t\t\t\n<p>Certificat<\/p>\n<p>CB<\/p>\n\t\t<\/div>\n\t\t\t\t\n<style>\n#col-979430285 > .col-inner {\n  padding: 24px 0px 24px 0px;\n  border-radius: 10px;\n}\n<\/style>\n\t<\/div>\n\n\t\n<\/div>\n<div class=\"row row-collapse\"  id=\"row-1657700743\">\n\n\t<div id=\"col-334898942\" class=\"col small-12 large-12\"  >\n\t\t\t\t<div class=\"col-inner text-center\"  >\n\t\t\t\n\t\t\t\n<a class=\"button primary is-outline expand\"  >\n    <span>T\u00e9l\u00e9charger<\/span>\n  <\/a>\n\n\t\t<\/div>\n\t\t\t\t\n<style>\n#col-334898942 > .col-inner {\n  margin: 16px 0px 0px 0px;\n}\n<\/style>\n\t<\/div>\n\n\t\n\n<style>\n#row-1657700743 > .col > .col-inner {\n  padding: 0px 30px 0px 30px;\n}\n@media (min-width:550px) {\n  #row-1657700743 > .col > .col-inner {\n    padding: 0px 20px 0px 20px;\n  }\n}\n@media (min-width:850px) {\n  #row-1657700743 > .col > .col-inner {\n    padding: 0px 40px 0px 40px;\n  }\n}\n<\/style>\n<\/div>\n\t\t<\/div>\n\t\t\t\t\n<style>\n#col-392480266 > .col-inner {\n  margin: 16px 0px 16px 0px;\n  border-radius: 8px;\n}\n<\/style>\n\t<\/div>\n\n\t\n\n\t<div id=\"col-633689658\" class=\"col medium-4 small-12 large-4\"  >\n\t\t\t\t<div class=\"col-inner box-shadow-1\"  >\n\t\t\t\n\t\t\t\n<div class=\"row row-collapse align-equal align-center\"  id=\"row-570517213\">\n\n\t<div id=\"col-880492796\" class=\"col small-12 large-12\"  >\n\t\t\t\t<div class=\"col-inner text-center dark\" style=\"background-color:#14b8a6;\" >\n\t\t\t\n\t<div class=\"is-border\"\n\t\tstyle=\"border-color:rgb(255, 255, 255);border-width:0px 0px 10px 0px;\">\n\t<\/div>\n\t\t\t\n<p>Certificat<\/p>\n<p>ENEC<\/p>\n\t\t<\/div>\n\t\t\t\t\n<style>\n#col-880492796 > .col-inner {\n  padding: 24px 0px 24px 0px;\n  border-radius: 8px;\n}\n<\/style>\n\t<\/div>\n\n\t\n<\/div>\n<div class=\"row row-collapse\"  id=\"row-2078751523\">\n\n\t<div id=\"col-600583768\" class=\"col small-12 large-12\"  >\n\t\t\t\t<div class=\"col-inner text-center\"  >\n\t\t\t\n\t\t\t\n<a class=\"button primary is-outline is-large expand\"  >\n    <span>T\u00e9l\u00e9charger<\/span>\n  <\/a>\n\n\t\t<\/div>\n\t\t\t\t\n<style>\n#col-600583768 > .col-inner {\n  margin: 16px 0px 0px 0px;\n}\n<\/style>\n\t<\/div>\n\n\t\n\n<style>\n#row-2078751523 > .col > .col-inner {\n  padding: 0px 30px 0px 30px;\n}\n@media (min-width:550px) {\n  #row-2078751523 > .col > .col-inner {\n    padding: 0px 20px 0px 20px;\n  }\n}\n@media (min-width:850px) {\n  #row-2078751523 > .col > .col-inner {\n    padding: 0px 40px 0px 40px;\n  }\n}\n<\/style>\n<\/div>\n\t\t<\/div>\n\t\t\t\t\n<style>\n#col-633689658 > .col-inner {\n  margin: 16px 0px 16px 0px;\n  border-radius: 10px;\n}\n<\/style>\n\t<\/div>\n\n\t\n\n<style>\n#row-1572050129 > .col > .col-inner {\n  background-color: rgb(255,255,255);\n}\n<\/style>\n<\/div>\n\t\t<\/div>\n\n\t\t\n<style>\n#section_1107720549 {\n  padding-top: 48px;\n  padding-bottom: 48px;\n}\n#section_1107720549 .ux-shape-divider--top svg {\n  height: 150px;\n  --divider-top-width: 100%;\n}\n#section_1107720549 .ux-shape-divider--bottom svg {\n  height: 150px;\n  --divider-width: 100%;\n}\n<\/style>\n\t<\/section>\n\t\n\t<section class=\"section dark\" id=\"section_1351011633\">\n\t\t<div class=\"bg section-bg fill bg-fill  bg-loaded\" >\n\n\t\t\t\n\t\t\t\n\t\t\t\n\n\t\t<\/div>\n\n\t\t\n\n\t\t<div class=\"section-content relative\">\n\t\t\t\n\n<div class=\"row row-small align-center\"  id=\"row-192947994\">\n\n\n\t<div id=\"col-1819865905\" class=\"col small-12 large-12\"  >\n\t\t\t\t<div class=\"col-inner text-center dark\" style=\"background-color:rgb(250, 250, 249);\" >\n\t\t\t\n\t\t\t\n\n\t<div id=\"text-3074805859\" class=\"text\">\n\t\t\n\n<h3>Demande rapide<\/h3>\n<p>Veuillez nous contacter pour plus d&#039;informations sur les produits!<\/p>\n\t\t\n<style>\n#text-3074805859 {\n  color: rgb(23, 23, 23);\n}\n#text-3074805859 > * {\n  color: rgb(23, 23, 23);\n}\n<\/style>\n\t<\/div>\n\t\n<a href=\"#is-pop\" target=\"_self\" class=\"button primary\"  style=\"border-radius:8px;padding:4px 49px 4px 48px;\">\n    <span>Aller au contact<\/span>\n  <\/a>\n\n\n\n\t\t<\/div>\n\t\t\t\t\n<style>\n#col-1819865905 > .col-inner {\n  padding: 36px 0px 36px 0px;\n  border-radius: 16px;\n}\n<\/style>\n\t<\/div>\n\n\t\n\n<\/div>\n\n\t\t<\/div>\n\n\t\t\n<style>\n#section_1351011633 {\n  padding-top: 30px;\n  padding-bottom: 30px;\n  background-color: rgb(255,255,255);\n}\n#section_1351011633 .ux-shape-divider--top svg {\n  height: 150px;\n  --divider-top-width: 100%;\n}\n#section_1351011633 .ux-shape-divider--bottom svg {\n  height: 150px;\n  --divider-width: 100%;\n}\n<\/style>\n\t<\/section>","protected":false},"excerpt":{"rendered":"<p>The VEGA 2F is an all-encompassing LED flood light that can be utilized in medium to larger-sized spaces. It works perfectly for parking lots, building curtains, sporting courts, and outdoor event venues due to its power range of 30W to 150W. This model integrates high output energy efficiency with superb lumen output, resulting in sharp, broad lighting while reducing energy use. Its outstanding construction and unique thermal control management firmly guarantee effective functioning in extreme climatic regions. The VEGA 2F is an economically friendly option to increase security and safety measures in public and recreational places.<\/p>","protected":false},"featured_media":3228,"comment_status":"closed","ping_status":"closed","template":"","meta":[],"product_brand":[],"product_cat":[62],"product_tag":[],"class_list":{"0":"post-3069","1":"product","2":"type-product","3":"status-publish","4":"has-post-thumbnail","6":"product_cat-led-flood-light","8":"first","9":"instock","10":"shipping-taxable","11":"product-type-simple"},"yoast_head":"<!-- This site is optimized with the Yoast SEO plugin v25.3 - https:\/\/yoast.com\/wordpress\/plugins\/seo\/ -->\n<title>VEGE 2F-Exterior Flood Lights<\/title>\n<meta name=\"description\" content=\"VEGE 2F LED flood lights, our industrial-grade fixtures are designed to withstand heavy use and provide superior lighting for any job. Shop now.\" \/>\n<meta name=\"robots\" content=\"noindex, follow, max-snippet:-1, max-image-preview:large, max-video-preview:-1\" \/>\n<meta property=\"og:locale\" content=\"fr_FR\" \/>\n<meta property=\"og:type\" content=\"article\" \/>\n<meta property=\"og:title\" content=\"VEGE 2F-Exterior Flood Lights\" \/>\n<meta property=\"og:description\" content=\"VEGE 2F LED flood lights, our industrial-grade fixtures are designed to withstand heavy use and provide superior lighting for any job. Shop now.\" \/>\n<meta property=\"og:url\" content=\"https:\/\/old.luxificlighting.com\/fr\/produit\/vega-2f\/\" \/>\n<meta property=\"og:site_name\" content=\"LUXIFIC\" \/>\n<meta property=\"article:modified_time\" content=\"2025-04-14T07:36:15+00:00\" \/>\n<meta property=\"og:image\" content=\"https:\/\/old.luxificlighting.com\/wp-content\/uploads\/2023\/04\/VEGA-2F-1.png\" \/>\n\t<meta property=\"og:image:width\" content=\"800\" \/>\n\t<meta property=\"og:image:height\" content=\"600\" \/>\n\t<meta property=\"og:image:type\" content=\"image\/png\" \/>\n<meta name=\"twitter:card\" content=\"summary_large_image\" \/>\n<meta name=\"twitter:label1\" content=\"Dur\u00e9e de lecture estim\u00e9e\" \/>\n\t<meta name=\"twitter:data1\" content=\"3 minutes\" \/>\n<script type=\"application\/ld+json\" class=\"yoast-schema-graph\">{\"@context\":\"https:\/\/schema.org\",\"@graph\":[{\"@type\":\"WebPage\",\"@id\":\"https:\/\/old.luxificlighting.com\/product\/vega-2f\/\",\"url\":\"https:\/\/old.luxificlighting.com\/product\/vega-2f\/\",\"name\":\"VEGE 2F-Exterior Flood Lights\",\"isPartOf\":{\"@id\":\"https:\/\/old.luxificlighting.com\/#website\"},\"primaryImageOfPage\":{\"@id\":\"https:\/\/old.luxificlighting.com\/product\/vega-2f\/#primaryimage\"},\"image\":{\"@id\":\"https:\/\/old.luxificlighting.com\/product\/vega-2f\/#primaryimage\"},\"thumbnailUrl\":\"https:\/\/old.luxificlighting.com\/wp-content\/uploads\/2023\/04\/VEGA-2F-1.png\",\"datePublished\":\"2023-04-13T07:28:41+00:00\",\"dateModified\":\"2025-04-14T07:36:15+00:00\",\"description\":\"VEGE 2F LED flood lights, our industrial-grade fixtures are designed to withstand heavy use and provide superior lighting for any job. Shop now.\",\"breadcrumb\":{\"@id\":\"https:\/\/old.luxificlighting.com\/product\/vega-2f\/#breadcrumb\"},\"inLanguage\":\"fr-FR\",\"potentialAction\":[{\"@type\":\"ReadAction\",\"target\":[\"https:\/\/old.luxificlighting.com\/product\/vega-2f\/\"]}]},{\"@type\":\"ImageObject\",\"inLanguage\":\"fr-FR\",\"@id\":\"https:\/\/old.luxificlighting.com\/product\/vega-2f\/#primaryimage\",\"url\":\"https:\/\/old.luxificlighting.com\/wp-content\/uploads\/2023\/04\/VEGA-2F-1.png\",\"contentUrl\":\"https:\/\/old.luxificlighting.com\/wp-content\/uploads\/2023\/04\/VEGA-2F-1.png\",\"width\":800,\"height\":600},{\"@type\":\"BreadcrumbList\",\"@id\":\"https:\/\/old.luxificlighting.com\/product\/vega-2f\/#breadcrumb\",\"itemListElement\":[{\"@type\":\"ListItem\",\"position\":1,\"name\":\"Home\",\"item\":\"https:\/\/old.luxificlighting.com\/\"},{\"@type\":\"ListItem\",\"position\":2,\"name\":\"Products\",\"item\":\"https:\/\/old.luxificlighting.com\/products\/\"},{\"@type\":\"ListItem\",\"position\":3,\"name\":\"VEGA 2F 30W-150W\"}]},{\"@type\":\"WebSite\",\"@id\":\"https:\/\/old.luxificlighting.com\/#website\",\"url\":\"https:\/\/old.luxificlighting.com\/\",\"name\":\"LUXIFIC\",\"description\":\"\",\"potentialAction\":[{\"@type\":\"SearchAction\",\"target\":{\"@type\":\"EntryPoint\",\"urlTemplate\":\"https:\/\/old.luxificlighting.com\/?s={search_term_string}\"},\"query-input\":{\"@type\":\"PropertyValueSpecification\",\"valueRequired\":true,\"valueName\":\"search_term_string\"}}],\"inLanguage\":\"fr-FR\"}]}<\/script>\n<!-- \/ Yoast SEO plugin. -->","yoast_head_json":{"title":"VEGE 2F-Les projecteurs ext\u00e9rieurs","description":"Les projecteurs LED VEGE 2F, de qualit\u00e9 industrielle, sont con\u00e7us pour r\u00e9sister \u00e0 un usage intensif et fournir un \u00e9clairage de qualit\u00e9 sup\u00e9rieure pour tous les travaux. Acheter maintenant.","robots":{"index":"noindex","follow":"follow","max-snippet":"max-snippet:-1","max-image-preview":"max-image-preview:large","max-video-preview":"max-video-preview:-1"},"og_locale":"fr_FR","og_type":"article","og_title":"VEGE 2F-Exterior Flood Lights","og_description":"VEGE 2F LED flood lights, our industrial-grade fixtures are designed to withstand heavy use and provide superior lighting for any job. Shop now.","og_url":"https:\/\/old.luxificlighting.com\/fr\/produit\/vega-2f\/","og_site_name":"LUXIFIC","article_modified_time":"2025-04-14T07:36:15+00:00","og_image":[{"width":800,"height":600,"url":"https:\/\/old.luxificlighting.com\/wp-content\/uploads\/2023\/04\/VEGA-2F-1.png","type":"image\/png"}],"twitter_card":"summary_large_image","twitter_misc":{"Dur\u00e9e de lecture estim\u00e9e":"3 minutes"},"schema":{"@context":"https:\/\/schema.org","@graph":[{"@type":"WebPage","@id":"https:\/\/old.luxificlighting.com\/product\/vega-2f\/","url":"https:\/\/old.luxificlighting.com\/product\/vega-2f\/","name":"VEGE 2F-Les projecteurs ext\u00e9rieurs","isPartOf":{"@id":"https:\/\/old.luxificlighting.com\/#website"},"primaryImageOfPage":{"@id":"https:\/\/old.luxificlighting.com\/product\/vega-2f\/#primaryimage"},"image":{"@id":"https:\/\/old.luxificlighting.com\/product\/vega-2f\/#primaryimage"},"thumbnailUrl":"https:\/\/old.luxificlighting.com\/wp-content\/uploads\/2023\/04\/VEGA-2F-1.png","datePublished":"2023-04-13T07:28:41+00:00","dateModified":"2025-04-14T07:36:15+00:00","description":"Les projecteurs LED VEGE 2F, de qualit\u00e9 industrielle, sont con\u00e7us pour r\u00e9sister \u00e0 un usage intensif et fournir un \u00e9clairage de qualit\u00e9 sup\u00e9rieure pour tous les travaux. Acheter maintenant.","breadcrumb":{"@id":"https:\/\/old.luxificlighting.com\/product\/vega-2f\/#breadcrumb"},"inLanguage":"fr-FR","potentialAction":[{"@type":"ReadAction","target":["https:\/\/old.luxificlighting.com\/product\/vega-2f\/"]}]},{"@type":"ImageObject","inLanguage":"fr-FR","@id":"https:\/\/old.luxificlighting.com\/product\/vega-2f\/#primaryimage","url":"https:\/\/old.luxificlighting.com\/wp-content\/uploads\/2023\/04\/VEGA-2F-1.png","contentUrl":"https:\/\/old.luxificlighting.com\/wp-content\/uploads\/2023\/04\/VEGA-2F-1.png","width":800,"height":600},{"@type":"BreadcrumbList","@id":"https:\/\/old.luxificlighting.com\/product\/vega-2f\/#breadcrumb","itemListElement":[{"@type":"ListItem","position":1,"name":"Home","item":"https:\/\/old.luxificlighting.com\/"},{"@type":"ListItem","position":2,"name":"Products","item":"https:\/\/old.luxificlighting.com\/products\/"},{"@type":"ListItem","position":3,"name":"VEGA 2F 30W-150W"}]},{"@type":"WebSite","@id":"https:\/\/old.luxificlighting.com\/#website","url":"https:\/\/old.luxificlighting.com\/","name":"LUXIFIQUE","description":"","potentialAction":[{"@type":"SearchAction","target":{"@type":"EntryPoint","urlTemplate":"https:\/\/old.luxificlighting.com\/?s={search_term_string}"},"query-input":{"@type":"PropertyValueSpecification","valueRequired":true,"valueName":"search_term_string"}}],"inLanguage":"fr-FR"}]}},"_links":{"self":[{"href":"https:\/\/old.luxificlighting.com\/fr\/wp-json\/wp\/v2\/product\/3069","targetHints":{"allow":["GET"]}}],"collection":[{"href":"https:\/\/old.luxificlighting.com\/fr\/wp-json\/wp\/v2\/product"}],"about":[{"href":"https:\/\/old.luxificlighting.com\/fr\/wp-json\/wp\/v2\/types\/product"}],"replies":[{"embeddable":true,"href":"https:\/\/old.luxificlighting.com\/fr\/wp-json\/wp\/v2\/comments?post=3069"}],"wp:featuredmedia":[{"embeddable":true,"href":"https:\/\/old.luxificlighting.com\/fr\/wp-json\/wp\/v2\/media\/3228"}],"wp:attachment":[{"href":"https:\/\/old.luxificlighting.com\/fr\/wp-json\/wp\/v2\/media?parent=3069"}],"wp:term":[{"taxonomy":"product_brand","embeddable":true,"href":"https:\/\/old.luxificlighting.com\/fr\/wp-json\/wp\/v2\/product_brand?post=3069"},{"taxonomy":"product_cat","embeddable":true,"href":"https:\/\/old.luxificlighting.com\/fr\/wp-json\/wp\/v2\/product_cat?post=3069"},{"taxonomy":"product_tag","embeddable":true,"href":"https:\/\/old.luxificlighting.com\/fr\/wp-json\/wp\/v2\/product_tag?post=3069"}],"curies":[{"name":"wp","href":"https:\/\/api.w.org\/{rel}","templated":true}]}}