{"id":3068,"date":"2023-04-13T15:28:15","date_gmt":"2023-04-13T07:28:15","guid":{"rendered":"https:\/\/luxific.seowaimao.com\/?post_type=product&#038;p=3068"},"modified":"2025-04-14T15:38:36","modified_gmt":"2025-04-14T07:38:36","slug":"vega-1f","status":"publish","type":"product","link":"https:\/\/old.luxificlighting.com\/fr\/produit\/vega-1f\/","title":{"rendered":"VEGA 1F 8W-80W"},"content":{"rendered":"<section class=\"section\" id=\"section_743400213\">\n\t\t<div class=\"bg section-bg fill bg-fill  bg-loaded\" >\n\n\t\t\t\n\t\t\t\n\t\t\t\n\n\t\t<\/div>\n\n\t\t\n\n\t\t<div class=\"section-content relative\">\n\t\t\t\n<div class=\"row\"  id=\"row-978212643\">\n\n\t<div id=\"col-238350641\" class=\"col small-12 large-12\"  >\n\t\t\t\t<div class=\"col-inner\"  >\n\t\t\t\n\t\t\t\n<h2 style=\"text-align: center;\">Sp\u00e9cifications technologiques<\/h2>\n<div style=\"overflow: auto; \" >\n<table border=\"\u201d1\u2033\" width=\"\u201d3000px\u201d\" height=\"\u201d120px\u201d\" align=\"\u201dcenter\u201d\" >\n<thead>\n<tr>\n<th>nom du mod\u00e8le<\/th>\n<th>LED<\/th>\n<th>Pouvoir<br \/>(W)<\/th>\n<th>Facteur de puissance,PF<\/th>\n<th>Zone de charge maximale du vent, SCd, m2<\/th>\n<th>Hauteur d&#039;installation (m)<\/th>\n<\/tr>\n<\/thead>\n<tbody>\n<tr>\n<td rowspan=\"4\">VEGA 1F<\/td>\n<td>8<\/td>\n<td>8-17<\/td>\n<td>\uff1e0.95<\/td>\n<td>0.1<\/td>\n<td>4<\/td>\n<\/tr>\n<tr>\n<td>16<\/td>\n<td>20-30<\/td>\n<td>\uff1e0.95<\/td>\n<td>0.1<\/td>\n<td>6<\/td>\n<\/tr>\n<tr>\n<td>24<\/td>\n<td>40-60<\/td>\n<td>\uff1e0.95<\/td>\n<td>0.1<\/td>\n<td>8<\/td>\n<\/tr>\n<tr>\n<td>36<\/td>\n<td>60-80<\/td>\n<td>\uff1e0.95<\/td>\n<td>0.1<\/td>\n<td>8<\/td>\n<\/tr>\n<\/tbody>\n<\/table>\n<\/div>\n\t\t<\/div>\n\t\t\t\t\t<\/div>\n\n\t\n<\/div>\n\t\t<\/div>\n\n\t\t\n<style>\n#section_743400213 {\n  padding-top: 30px;\n  padding-bottom: 30px;\n}\n#section_743400213 .ux-shape-divider--top svg {\n  height: 150px;\n  --divider-top-width: 100%;\n}\n#section_743400213 .ux-shape-divider--bottom svg {\n  height: 150px;\n  --divider-width: 100%;\n}\n<\/style>\n\t<\/section>\n\t\n\t<section class=\"section\" id=\"section_1023391336\">\n\t\t<div class=\"bg section-bg fill bg-fill  bg-loaded\" >\n\n\t\t\t\n\t\t\t\n\t\t\t\n\n\t\t<\/div>\n\n\t\t\n\n\t\t<div class=\"section-content relative\">\n\t\t\t\n<div class=\"row\"  id=\"row-2133661365\">\n\n\t<div id=\"col-39269781\" class=\"col small-12 large-12\"  >\n\t\t\t\t<div class=\"col-inner\"  >\n\t\t\t\n\t\t\t\n<h2 style=\"text-align: center;\">Informations g\u00e9n\u00e9rales<\/h2>\n<table width=\"558\">\n<tbody>\n<tr>\n<td width=\"185\">Hauteur d&#039;installation<\/td>\n<td width=\"373\">4M-8M<\/td>\n<\/tr>\n<tr>\n<td width=\"185\">Dur\u00e9e de vie (heures)<\/td>\n<td width=\"373\">\uff1e100000 heures<\/td>\n<\/tr>\n<tr>\n<td width=\"185\">Environnement ambiant\u00a0:<\/td>\n<td width=\"373\">-40\u00b0C\u00e0+55\u00b0C<\/td>\n<\/tr>\n<tr>\n<td width=\"185\">Tuyau d&#039;installation<\/td>\n<td width=\"373\">\u03a648mm\/ \u03a660mm\/ \u03a676mm<\/td>\n<\/tr>\n<tr>\n<td width=\"185\">Facteur de puissance<\/td>\n<td width=\"373\">\uff1e0.95<\/td>\n<\/tr>\n<tr>\n<td width=\"185\">classe :<\/td>\n<td width=\"373\">\u2160\/\u2161<\/td>\n<\/tr>\n<tr>\n<td width=\"185\">Excellente efficacit\u00e9<\/td>\n<td width=\"373\">\uff1e130lm\/w<\/td>\n<\/tr>\n<tr>\n<td width=\"185\">Mat\u00e9riaux<\/td>\n<td width=\"373\">Aluminium<\/td>\n<\/tr>\n<tr>\n<td width=\"185\">Pouvoir<\/td>\n<td width=\"373\">8w-60w<\/td>\n<\/tr>\n<tr>\n<td width=\"185\">TDC<\/td>\n<td width=\"373\">3\u00a0000\u00a0k, 3\u00a0500\u00a0k, 4\u00a0000\u00a0k, 4\u00a0500\u00a0k, 5\u00a0000\u00a0k, 5\u00a0700\u00a0k, 6\u00a0500\u00a0k en option<\/td>\n<\/tr>\n<tr>\n<td width=\"185\">Angle de faisceau<\/td>\n<td width=\"373\">180\u00b0<\/td>\n<\/tr>\n<tr>\n<td width=\"185\">Notation<\/td>\n<td width=\"373\">IP65<\/td>\n<\/tr>\n<tr>\n<td width=\"185\">Tension d&#039;entr\u00e9e<\/td>\n<td width=\"373\">AC120-277V<\/td>\n<\/tr>\n<tr>\n<td width=\"185\">Type de pilote<\/td>\n<td width=\"373\">Courant constant (CC)<\/td>\n<\/tr>\n<tr>\n<td width=\"185\">Temp\u00e9rature de fonctionnement<\/td>\n<td width=\"373\">-25 \u00b0C\u00e0 +50 \u00b0C<\/td>\n<\/tr>\n<\/tbody>\n<\/table>\n\t\t<\/div>\n\t\t\t\t\t<\/div>\n\n\t\n<\/div>\n\t\t<\/div>\n\n\t\t\n<style>\n#section_1023391336 {\n  padding-top: 30px;\n  padding-bottom: 30px;\n}\n#section_1023391336 .ux-shape-divider--top svg {\n  height: 150px;\n  --divider-top-width: 100%;\n}\n#section_1023391336 .ux-shape-divider--bottom svg {\n  height: 150px;\n  --divider-width: 100%;\n}\n<\/style>\n\t<\/section>\n\t\n\n\n\t<section class=\"section\" id=\"section_1940861373\">\n\t\t<div class=\"bg section-bg fill bg-fill  bg-loaded\" >\n\n\t\t\t\n\t\t\t\n\t\t\t\n\n\t\t<\/div>\n\n\t\t\n\n\t\t<div class=\"section-content relative\">\n\t\t\t\n<div class=\"row\"  id=\"row-1088766190\">\n\n\t<div id=\"col-782508481\" class=\"col small-12 large-12\"  >\n\t\t\t\t<div class=\"col-inner\"  >\n\t\t\t\n\t\t\t\n<h2 style=\"text-align: center;\">Application optique<\/h2>\n\t\t<\/div>\n\t\t\t\t\t<\/div>\n\n\t\n<\/div>\n<div class=\"row\"  id=\"row-222192413\">\n\n\t<div id=\"col-1276512581\" class=\"col small-6 large-12\"  >\n\t\t\t\t<div class=\"col-inner\"  >\n\t\t\t\n\t\t\t\n\t<div class=\"img has-hover x md-x lg-x y md-y lg-y\" id=\"image_167845425\">\n\t\t\t\t\t\t\t\t<div class=\"img-inner image-cover dark\" style=\"padding-top:75%;\">\n\t\t\t<img loading=\"lazy\" decoding=\"async\" width=\"1000\" height=\"750\" src=\"https:\/\/old.luxificlighting.com\/wp-content\/uploads\/2024\/05\/vega_f_led_flood_light_optical_application.webp\" class=\"attachment-large size-large\" alt=\"vega f led flood light optical application\" srcset=\"https:\/\/old.luxificlighting.com\/wp-content\/uploads\/2024\/05\/vega_f_led_flood_light_optical_application.webp 1000w, https:\/\/old.luxificlighting.com\/wp-content\/uploads\/2024\/05\/vega_f_led_flood_light_optical_application-300x225.webp 300w, https:\/\/old.luxificlighting.com\/wp-content\/uploads\/2024\/05\/vega_f_led_flood_light_optical_application-768x576.webp 768w, https:\/\/old.luxificlighting.com\/wp-content\/uploads\/2024\/05\/vega_f_led_flood_light_optical_application-16x12.webp 16w, https:\/\/old.luxificlighting.com\/wp-content\/uploads\/2024\/05\/vega_f_led_flood_light_optical_application-500x375.webp 500w, https:\/\/old.luxificlighting.com\/wp-content\/uploads\/2024\/05\/vega_f_led_flood_light_optical_application-800x600.webp 800w\" sizes=\"auto, (max-width: 1000px) 100vw, 1000px\" \/>\t\t\t\t\t\t\n\t\t\t\t\t<\/div>\n\t\t\t\t\t\t\t\t\n<style>\n#image_167845425 {\n  width: 100%;\n}\n<\/style>\n\t<\/div>\n\t\n\t\t<\/div>\n\t\t\t\t\t<\/div>\n\n\t\n<\/div>\n\t\t<\/div>\n\n\t\t\n<style>\n#section_1940861373 {\n  padding-top: 30px;\n  padding-bottom: 30px;\n}\n#section_1940861373 .ux-shape-divider--top svg {\n  height: 150px;\n  --divider-top-width: 100%;\n}\n#section_1940861373 .ux-shape-divider--bottom svg {\n  height: 150px;\n  --divider-width: 100%;\n}\n<\/style>\n\t<\/section>\n\t\n\t<section class=\"section\" id=\"section_1215553303\">\n\t\t<div class=\"bg section-bg fill bg-fill  bg-loaded\" >\n\n\t\t\t\n\t\t\t\n\t\t\t\n\n\t\t<\/div>\n\n\t\t\n\n\t\t<div class=\"section-content relative\">\n\t\t\t\n<div class=\"row\"  id=\"row-266391166\">\n\n\t<div id=\"col-1221008144\" class=\"col small-12 large-12\"  >\n\t\t\t\t<div class=\"col-inner\"  >\n\t\t\t\n\t\t\t\n\t<div id=\"text-1488771544\" class=\"text\">\n\t\t\n<h2 style=\"text-align: center;\">Documentation<\/h2>\n\t\t\n<style>\n#text-1488771544 {\n  text-align: center;\n}\n<\/style>\n\t<\/div>\n\t\n\t<div id=\"gap-446246966\" class=\"gap-element clearfix\" style=\"display:block; height:auto;\">\n\t\t\n<style>\n#gap-446246966 {\n  padding-top: 36px;\n}\n<\/style>\n\t<\/div>\n\t\n\t\t<\/div>\n\t\t\t\t\t<\/div>\n\n\t\n<\/div>\n<div class=\"row align-equal align-center\"  id=\"row-1787713658\">\n\n\t<div id=\"col-286335030\" class=\"col medium-4 small-12 large-4\"  >\n\t\t\t\t<div class=\"col-inner box-shadow-1\"  >\n\t\t\t\n\t\t\t\n<div class=\"row row-collapse align-equal align-center\"  id=\"row-109667699\">\n\n\t<div id=\"col-80989423\" class=\"col small-12 large-12\"  >\n\t\t\t\t<div class=\"col-inner text-center dark\" style=\"background-color:rgb(20, 184, 166);\" >\n\t\t\t\n\t<div class=\"is-border\"\n\t\tstyle=\"border-color:rgb(255, 255, 255);border-width:0px 0px 10px 0px;\">\n\t<\/div>\n\t\t\t\n<p>Instruction<\/p>\n<p>Instructions d&#039;installation<\/p>\n\t\t<\/div>\n\t\t\t\t\n<style>\n#col-80989423 > .col-inner {\n  padding: 24px 0px 24px 0px;\n  border-radius: 8px;\n}\n<\/style>\n\t<\/div>\n\n\t\n<\/div>\n<div class=\"row row-collapse\"  id=\"row-78209828\">\n\n\t<div id=\"col-75722278\" class=\"col small-12 large-12\"  >\n\t\t\t\t<div class=\"col-inner text-center\"  >\n\t\t\t\n\t\t\t\n<a class=\"button primary is-outline is-large expand\"  >\n    <span>T\u00e9l\u00e9charger<\/span>\n  <\/a>\n\n\t\t<\/div>\n\t\t\t\t\n<style>\n#col-75722278 > .col-inner {\n  margin: 16px 0px 16px 0px;\n}\n<\/style>\n\t<\/div>\n\n\t\n\n<style>\n#row-78209828 > .col > .col-inner {\n  padding: 0px 30px 0px 30px;\n}\n@media (min-width:550px) {\n  #row-78209828 > .col > .col-inner {\n    padding: 0px 20px 0px 20px;\n  }\n}\n@media (min-width:850px) {\n  #row-78209828 > .col > .col-inner {\n    padding: 0px 40px 0px 40px;\n  }\n}\n<\/style>\n<\/div>\n\t\t<\/div>\n\t\t\t\t\n<style>\n#col-286335030 > .col-inner {\n  margin: 16px 0px 16px 0px;\n  border-radius: 10px;\n}\n<\/style>\n\t<\/div>\n\n\t\n\n\t<div id=\"col-1413446977\" class=\"col medium-4 small-12 large-4\"  >\n\t\t\t\t<div class=\"col-inner box-shadow-1\"  >\n\t\t\t\n\t\t\t\n<div class=\"row row-collapse align-equal align-center\"  id=\"row-625733580\">\n\n\t<div id=\"col-504432724\" class=\"col small-12 large-12\"  >\n\t\t\t\t<div class=\"col-inner text-center dark\" style=\"background-color:rgb(20, 184, 166);\" >\n\t\t\t\n\t<div class=\"is-border\"\n\t\tstyle=\"border-color:rgb(255, 255, 255);border-width:0px 0px 10px 0px;\">\n\t<\/div>\n\t\t\t\n<p>Certificat<\/p>\n<p>CB<\/p>\n\t\t<\/div>\n\t\t\t\t\n<style>\n#col-504432724 > .col-inner {\n  padding: 24px 0px 24px 0px;\n  border-radius: 10px;\n}\n<\/style>\n\t<\/div>\n\n\t\n<\/div>\n<div class=\"row row-collapse\"  id=\"row-574081255\">\n\n\t<div id=\"col-1549110471\" class=\"col small-12 large-12\"  >\n\t\t\t\t<div class=\"col-inner text-center\"  >\n\t\t\t\n\t\t\t\n<a class=\"button primary is-outline expand\"  >\n    <span>T\u00e9l\u00e9charger<\/span>\n  <\/a>\n\n\t\t<\/div>\n\t\t\t\t\n<style>\n#col-1549110471 > .col-inner {\n  margin: 16px 0px 0px 0px;\n}\n<\/style>\n\t<\/div>\n\n\t\n\n<style>\n#row-574081255 > .col > .col-inner {\n  padding: 0px 30px 0px 30px;\n}\n@media (min-width:550px) {\n  #row-574081255 > .col > .col-inner {\n    padding: 0px 20px 0px 20px;\n  }\n}\n@media (min-width:850px) {\n  #row-574081255 > .col > .col-inner {\n    padding: 0px 40px 0px 40px;\n  }\n}\n<\/style>\n<\/div>\n\t\t<\/div>\n\t\t\t\t\n<style>\n#col-1413446977 > .col-inner {\n  margin: 16px 0px 16px 0px;\n  border-radius: 8px;\n}\n<\/style>\n\t<\/div>\n\n\t\n\n\t<div id=\"col-646268081\" class=\"col medium-4 small-12 large-4\"  >\n\t\t\t\t<div class=\"col-inner box-shadow-1\"  >\n\t\t\t\n\t\t\t\n<div class=\"row row-collapse align-equal align-center\"  id=\"row-878726418\">\n\n\t<div id=\"col-1225791641\" class=\"col small-12 large-12\"  >\n\t\t\t\t<div class=\"col-inner text-center dark\" style=\"background-color:#14b8a6;\" >\n\t\t\t\n\t<div class=\"is-border\"\n\t\tstyle=\"border-color:rgb(255, 255, 255);border-width:0px 0px 10px 0px;\">\n\t<\/div>\n\t\t\t\n<p>Certificat<\/p>\n<p>ENEC<\/p>\n\t\t<\/div>\n\t\t\t\t\n<style>\n#col-1225791641 > .col-inner {\n  padding: 24px 0px 24px 0px;\n  border-radius: 8px;\n}\n<\/style>\n\t<\/div>\n\n\t\n<\/div>\n<div class=\"row row-collapse\"  id=\"row-144059006\">\n\n\t<div id=\"col-1963761116\" class=\"col small-12 large-12\"  >\n\t\t\t\t<div class=\"col-inner text-center\"  >\n\t\t\t\n\t\t\t\n<a class=\"button primary is-outline is-large expand\"  >\n    <span>T\u00e9l\u00e9charger<\/span>\n  <\/a>\n\n\t\t<\/div>\n\t\t\t\t\n<style>\n#col-1963761116 > .col-inner {\n  margin: 16px 0px 0px 0px;\n}\n<\/style>\n\t<\/div>\n\n\t\n\n<style>\n#row-144059006 > .col > .col-inner {\n  padding: 0px 30px 0px 30px;\n}\n@media (min-width:550px) {\n  #row-144059006 > .col > .col-inner {\n    padding: 0px 20px 0px 20px;\n  }\n}\n@media (min-width:850px) {\n  #row-144059006 > .col > .col-inner {\n    padding: 0px 40px 0px 40px;\n  }\n}\n<\/style>\n<\/div>\n\t\t<\/div>\n\t\t\t\t\n<style>\n#col-646268081 > .col-inner {\n  margin: 16px 0px 16px 0px;\n  border-radius: 10px;\n}\n<\/style>\n\t<\/div>\n\n\t\n\n<style>\n#row-1787713658 > .col > .col-inner {\n  background-color: rgb(255,255,255);\n}\n<\/style>\n<\/div>\n\t\t<\/div>\n\n\t\t\n<style>\n#section_1215553303 {\n  padding-top: 48px;\n  padding-bottom: 48px;\n}\n#section_1215553303 .ux-shape-divider--top svg {\n  height: 150px;\n  --divider-top-width: 100%;\n}\n#section_1215553303 .ux-shape-divider--bottom svg {\n  height: 150px;\n  --divider-width: 100%;\n}\n<\/style>\n\t<\/section>\n\t\n\t<section class=\"section dark\" id=\"section_185918901\">\n\t\t<div class=\"bg section-bg fill bg-fill  bg-loaded\" >\n\n\t\t\t\n\t\t\t\n\t\t\t\n\n\t\t<\/div>\n\n\t\t\n\n\t\t<div class=\"section-content relative\">\n\t\t\t\n\n<div class=\"row row-small align-center\"  id=\"row-195355109\">\n\n\n\t<div id=\"col-963534889\" class=\"col small-12 large-12\"  >\n\t\t\t\t<div class=\"col-inner text-center dark\" style=\"background-color:rgb(250, 250, 249);\" >\n\t\t\t\n\t\t\t\n\n\t<div id=\"text-4150332770\" class=\"text\">\n\t\t\n\n<h3>Demande rapide<\/h3>\n<p>Veuillez nous contacter pour plus d&#039;informations sur les produits!<\/p>\n\t\t\n<style>\n#text-4150332770 {\n  color: rgb(23, 23, 23);\n}\n#text-4150332770 > * {\n  color: rgb(23, 23, 23);\n}\n<\/style>\n\t<\/div>\n\t\n<a href=\"#is-pop\" target=\"_self\" class=\"button primary\"  style=\"border-radius:8px;padding:4px 49px 4px 48px;\">\n    <span>Aller au contact<\/span>\n  <\/a>\n\n\n\n\t\t<\/div>\n\t\t\t\t\n<style>\n#col-963534889 > .col-inner {\n  padding: 36px 0px 36px 0px;\n  border-radius: 16px;\n}\n<\/style>\n\t<\/div>\n\n\t\n\n<\/div>\n\n\t\t<\/div>\n\n\t\t\n<style>\n#section_185918901 {\n  padding-top: 30px;\n  padding-bottom: 30px;\n  background-color: rgb(255,255,255);\n}\n#section_185918901 .ux-shape-divider--top svg {\n  height: 150px;\n  --divider-top-width: 100%;\n}\n#section_185918901 .ux-shape-divider--bottom svg {\n  height: 150px;\n  --divider-width: 100%;\n}\n<\/style>\n\t<\/section>","protected":false},"excerpt":{"rendered":"<p>The VEGA 1F is a compact but powerful LED flood light for small to medium applications. It has a power range of 8W to 80W, making it suitable for residential landscapes, gardens, patios, and small commercial spaces. Unlike other flood lights with similar coverage, the VEGA 1F is compact in size, yet delivers bright uniform illumination enhancing security and aesthetics. Its energy-efficient design guarantees long service life while minimizing power costs. And built-up compact for harsh weather conditions makes this model reliable for outdoor lighting.<\/p>","protected":false},"featured_media":3225,"comment_status":"closed","ping_status":"closed","template":"","meta":[],"product_brand":[],"product_cat":[62],"product_tag":[],"class_list":{"0":"post-3068","1":"product","2":"type-product","3":"status-publish","4":"has-post-thumbnail","6":"product_cat-led-flood-light","8":"first","9":"instock","10":"shipping-taxable","11":"product-type-simple"},"yoast_head":"<!-- This site is optimized with the Yoast SEO plugin v25.3 - https:\/\/yoast.com\/wordpress\/plugins\/seo\/ -->\n<title>VEGA 1F 8W-80W LED Outdoor Flood Light<\/title>\n<meta name=\"description\" content=\"LED Outdoor flood light, enhances the ambiance of your venue. Choose from a variety of colors and intensities to create the perfect lighting effect.\" \/>\n<meta name=\"robots\" content=\"noindex, follow, max-snippet:-1, max-image-preview:large, max-video-preview:-1\" \/>\n<meta property=\"og:locale\" content=\"fr_FR\" \/>\n<meta property=\"og:type\" content=\"article\" \/>\n<meta property=\"og:title\" content=\"VEGA 1F 8W-80W LED Outdoor Flood Light\" \/>\n<meta property=\"og:description\" content=\"LED Outdoor flood light, enhances the ambiance of your venue. Choose from a variety of colors and intensities to create the perfect lighting effect.\" \/>\n<meta property=\"og:url\" content=\"https:\/\/old.luxificlighting.com\/fr\/produit\/vega-1f\/\" \/>\n<meta property=\"og:site_name\" content=\"LUXIFIC\" \/>\n<meta property=\"article:modified_time\" content=\"2025-04-14T07:38:36+00:00\" \/>\n<meta property=\"og:image\" content=\"https:\/\/old.luxificlighting.com\/wp-content\/uploads\/2023\/04\/VEGA-1F-3.png\" \/>\n\t<meta property=\"og:image:width\" content=\"800\" \/>\n\t<meta property=\"og:image:height\" content=\"600\" \/>\n\t<meta property=\"og:image:type\" content=\"image\/png\" \/>\n<meta name=\"twitter:card\" content=\"summary_large_image\" \/>\n<meta name=\"twitter:label1\" content=\"Dur\u00e9e de lecture estim\u00e9e\" \/>\n\t<meta name=\"twitter:data1\" content=\"3 minutes\" \/>\n<script type=\"application\/ld+json\" class=\"yoast-schema-graph\">{\"@context\":\"https:\/\/schema.org\",\"@graph\":[{\"@type\":\"WebPage\",\"@id\":\"https:\/\/old.luxificlighting.com\/product\/vega-1f\/\",\"url\":\"https:\/\/old.luxificlighting.com\/product\/vega-1f\/\",\"name\":\"VEGA 1F 8W-80W LED Outdoor Flood Light\",\"isPartOf\":{\"@id\":\"https:\/\/old.luxificlighting.com\/#website\"},\"primaryImageOfPage\":{\"@id\":\"https:\/\/old.luxificlighting.com\/product\/vega-1f\/#primaryimage\"},\"image\":{\"@id\":\"https:\/\/old.luxificlighting.com\/product\/vega-1f\/#primaryimage\"},\"thumbnailUrl\":\"https:\/\/old.luxificlighting.com\/wp-content\/uploads\/2023\/04\/VEGA-1F-3.png\",\"datePublished\":\"2023-04-13T07:28:15+00:00\",\"dateModified\":\"2025-04-14T07:38:36+00:00\",\"description\":\"LED Outdoor flood light, enhances the ambiance of your venue. Choose from a variety of colors and intensities to create the perfect lighting effect.\",\"breadcrumb\":{\"@id\":\"https:\/\/old.luxificlighting.com\/product\/vega-1f\/#breadcrumb\"},\"inLanguage\":\"fr-FR\",\"potentialAction\":[{\"@type\":\"ReadAction\",\"target\":[\"https:\/\/old.luxificlighting.com\/product\/vega-1f\/\"]}]},{\"@type\":\"ImageObject\",\"inLanguage\":\"fr-FR\",\"@id\":\"https:\/\/old.luxificlighting.com\/product\/vega-1f\/#primaryimage\",\"url\":\"https:\/\/old.luxificlighting.com\/wp-content\/uploads\/2023\/04\/VEGA-1F-3.png\",\"contentUrl\":\"https:\/\/old.luxificlighting.com\/wp-content\/uploads\/2023\/04\/VEGA-1F-3.png\",\"width\":800,\"height\":600},{\"@type\":\"BreadcrumbList\",\"@id\":\"https:\/\/old.luxificlighting.com\/product\/vega-1f\/#breadcrumb\",\"itemListElement\":[{\"@type\":\"ListItem\",\"position\":1,\"name\":\"Home\",\"item\":\"https:\/\/old.luxificlighting.com\/\"},{\"@type\":\"ListItem\",\"position\":2,\"name\":\"Products\",\"item\":\"https:\/\/old.luxificlighting.com\/products\/\"},{\"@type\":\"ListItem\",\"position\":3,\"name\":\"VEGA 1F 8W-80W\"}]},{\"@type\":\"WebSite\",\"@id\":\"https:\/\/old.luxificlighting.com\/#website\",\"url\":\"https:\/\/old.luxificlighting.com\/\",\"name\":\"LUXIFIC\",\"description\":\"\",\"potentialAction\":[{\"@type\":\"SearchAction\",\"target\":{\"@type\":\"EntryPoint\",\"urlTemplate\":\"https:\/\/old.luxificlighting.com\/?s={search_term_string}\"},\"query-input\":{\"@type\":\"PropertyValueSpecification\",\"valueRequired\":true,\"valueName\":\"search_term_string\"}}],\"inLanguage\":\"fr-FR\"}]}<\/script>\n<!-- \/ Yoast SEO plugin. -->","yoast_head_json":{"title":"VEGA 1F 8W-80W LED Outdoor Flood Light","description":"Le projecteur d'ext\u00e9rieur \u00e0 LED rehausse l'ambiance de votre site. Choisissez parmi une vari\u00e9t\u00e9 de couleurs et d'intensit\u00e9s pour cr\u00e9er l'effet d'\u00e9clairage parfait.","robots":{"index":"noindex","follow":"follow","max-snippet":"max-snippet:-1","max-image-preview":"max-image-preview:large","max-video-preview":"max-video-preview:-1"},"og_locale":"fr_FR","og_type":"article","og_title":"VEGA 1F 8W-80W LED Outdoor Flood Light","og_description":"LED Outdoor flood light, enhances the ambiance of your venue. Choose from a variety of colors and intensities to create the perfect lighting effect.","og_url":"https:\/\/old.luxificlighting.com\/fr\/produit\/vega-1f\/","og_site_name":"LUXIFIC","article_modified_time":"2025-04-14T07:38:36+00:00","og_image":[{"width":800,"height":600,"url":"https:\/\/old.luxificlighting.com\/wp-content\/uploads\/2023\/04\/VEGA-1F-3.png","type":"image\/png"}],"twitter_card":"summary_large_image","twitter_misc":{"Dur\u00e9e de lecture estim\u00e9e":"3 minutes"},"schema":{"@context":"https:\/\/schema.org","@graph":[{"@type":"WebPage","@id":"https:\/\/old.luxificlighting.com\/product\/vega-1f\/","url":"https:\/\/old.luxificlighting.com\/product\/vega-1f\/","name":"VEGA 1F 8W-80W LED Outdoor Flood Light","isPartOf":{"@id":"https:\/\/old.luxificlighting.com\/#website"},"primaryImageOfPage":{"@id":"https:\/\/old.luxificlighting.com\/product\/vega-1f\/#primaryimage"},"image":{"@id":"https:\/\/old.luxificlighting.com\/product\/vega-1f\/#primaryimage"},"thumbnailUrl":"https:\/\/old.luxificlighting.com\/wp-content\/uploads\/2023\/04\/VEGA-1F-3.png","datePublished":"2023-04-13T07:28:15+00:00","dateModified":"2025-04-14T07:38:36+00:00","description":"Le projecteur d'ext\u00e9rieur \u00e0 LED rehausse l'ambiance de votre site. Choisissez parmi une vari\u00e9t\u00e9 de couleurs et d'intensit\u00e9s pour cr\u00e9er l'effet d'\u00e9clairage parfait.","breadcrumb":{"@id":"https:\/\/old.luxificlighting.com\/product\/vega-1f\/#breadcrumb"},"inLanguage":"fr-FR","potentialAction":[{"@type":"ReadAction","target":["https:\/\/old.luxificlighting.com\/product\/vega-1f\/"]}]},{"@type":"ImageObject","inLanguage":"fr-FR","@id":"https:\/\/old.luxificlighting.com\/product\/vega-1f\/#primaryimage","url":"https:\/\/old.luxificlighting.com\/wp-content\/uploads\/2023\/04\/VEGA-1F-3.png","contentUrl":"https:\/\/old.luxificlighting.com\/wp-content\/uploads\/2023\/04\/VEGA-1F-3.png","width":800,"height":600},{"@type":"BreadcrumbList","@id":"https:\/\/old.luxificlighting.com\/product\/vega-1f\/#breadcrumb","itemListElement":[{"@type":"ListItem","position":1,"name":"Home","item":"https:\/\/old.luxificlighting.com\/"},{"@type":"ListItem","position":2,"name":"Products","item":"https:\/\/old.luxificlighting.com\/products\/"},{"@type":"ListItem","position":3,"name":"VEGA 1F 8W-80W"}]},{"@type":"WebSite","@id":"https:\/\/old.luxificlighting.com\/#website","url":"https:\/\/old.luxificlighting.com\/","name":"LUXIFIQUE","description":"","potentialAction":[{"@type":"SearchAction","target":{"@type":"EntryPoint","urlTemplate":"https:\/\/old.luxificlighting.com\/?s={search_term_string}"},"query-input":{"@type":"PropertyValueSpecification","valueRequired":true,"valueName":"search_term_string"}}],"inLanguage":"fr-FR"}]}},"_links":{"self":[{"href":"https:\/\/old.luxificlighting.com\/fr\/wp-json\/wp\/v2\/product\/3068","targetHints":{"allow":["GET"]}}],"collection":[{"href":"https:\/\/old.luxificlighting.com\/fr\/wp-json\/wp\/v2\/product"}],"about":[{"href":"https:\/\/old.luxificlighting.com\/fr\/wp-json\/wp\/v2\/types\/product"}],"replies":[{"embeddable":true,"href":"https:\/\/old.luxificlighting.com\/fr\/wp-json\/wp\/v2\/comments?post=3068"}],"wp:featuredmedia":[{"embeddable":true,"href":"https:\/\/old.luxificlighting.com\/fr\/wp-json\/wp\/v2\/media\/3225"}],"wp:attachment":[{"href":"https:\/\/old.luxificlighting.com\/fr\/wp-json\/wp\/v2\/media?parent=3068"}],"wp:term":[{"taxonomy":"product_brand","embeddable":true,"href":"https:\/\/old.luxificlighting.com\/fr\/wp-json\/wp\/v2\/product_brand?post=3068"},{"taxonomy":"product_cat","embeddable":true,"href":"https:\/\/old.luxificlighting.com\/fr\/wp-json\/wp\/v2\/product_cat?post=3068"},{"taxonomy":"product_tag","embeddable":true,"href":"https:\/\/old.luxificlighting.com\/fr\/wp-json\/wp\/v2\/product_tag?post=3068"}],"curies":[{"name":"wp","href":"https:\/\/api.w.org\/{rel}","templated":true}]}}