{"id":3061,"date":"2023-04-13T15:23:08","date_gmt":"2023-04-13T07:23:08","guid":{"rendered":"https:\/\/luxific.seowaimao.com\/?post_type=product&#038;p=3061"},"modified":"2025-03-27T08:24:17","modified_gmt":"2025-03-27T00:24:17","slug":"keira","status":"publish","type":"product","link":"https:\/\/old.luxificlighting.com\/fr\/produit\/keira\/","title":{"rendered":"Keira 20W-100W"},"content":{"rendered":"<section class=\"section\" id=\"section_371427752\">\n\t\t<div class=\"bg section-bg fill bg-fill  bg-loaded\" >\n\n\t\t\t\n\t\t\t\n\t\t\t\n\n\t\t<\/div>\n\n\t\t\n\n\t\t<div class=\"section-content relative\">\n\t\t\t\n<div class=\"row\"  id=\"row-1050457633\">\n\n\t<div id=\"col-1530452329\" class=\"col small-12 large-12\"  >\n\t\t\t\t<div class=\"col-inner\"  >\n\t\t\t\n\t\t\t\n<h2 style=\"text-align: center;\">Sp\u00e9cifications technologiques<\/h2>\n<table class=\"aligncenter\" width=\"1212\">\n<tbody>\n<tr>\n<td width=\"168\">Mod\u00e8le<br \/>\nNom<\/td>\n<td width=\"342\">LED<\/td>\n<td width=\"92\">Pouvoir<br \/>\n(W)<\/td>\n<td width=\"130\">PF<\/td>\n<td width=\"117\">Max. vent<br \/>\nzone de chargement<\/td>\n<td width=\"129\">Taille du paquet<br \/>\n(mm)<\/td>\n<td width=\"72\">Poids<br \/>\n(kg)<\/td>\n<td width=\"90\">Pi\u00e8ces\/40HQ<\/td>\n<td width=\"72\">Pi\u00e8ces\/20 pieds<\/td>\n<\/tr>\n<tr>\n<td rowspan=\"3\" width=\"168\">K\u00c9RIA<\/td>\n<td width=\"342\">16<\/td>\n<td width=\"92\">20-50<\/td>\n<td width=\"130\">\u22650,95<\/td>\n<td width=\"117\">\u00a0 0.31<\/td>\n<td width=\"129\">620X620X550<\/td>\n<td width=\"72\">11.00<\/td>\n<td width=\"90\">340<\/td>\n<td width=\"72\">140<\/td>\n<\/tr>\n<tr>\n<td width=\"342\">24<\/td>\n<td width=\"92\">40-75<\/td>\n<td width=\"130\">\u22650,95<\/td>\n<td width=\"117\">\u00a0 0.31<\/td>\n<td width=\"129\">620X620X550<\/td>\n<td width=\"72\">11.00<\/td>\n<td width=\"90\">340<\/td>\n<td width=\"72\">140<\/td>\n<\/tr>\n<tr>\n<td width=\"342\">32<\/td>\n<td width=\"92\">50-100<\/td>\n<td width=\"130\">\u22650,95<\/td>\n<td width=\"117\">\u00a0 0.31<\/td>\n<td width=\"129\">620X620X550<\/td>\n<td width=\"72\">11.00<\/td>\n<td width=\"90\">340<\/td>\n<td width=\"72\">140<\/td>\n<\/tr>\n<\/tbody>\n<\/table>\n\t\t<\/div>\n\t\t\t\t\t<\/div>\n\n\t\n<\/div>\n\t\t<\/div>\n\n\t\t\n<style>\n#section_371427752 {\n  padding-top: 30px;\n  padding-bottom: 30px;\n}\n#section_371427752 .ux-shape-divider--top svg {\n  height: 150px;\n  --divider-top-width: 100%;\n}\n#section_371427752 .ux-shape-divider--bottom svg {\n  height: 150px;\n  --divider-width: 100%;\n}\n<\/style>\n\t<\/section>\n\t\n\t<section class=\"section\" id=\"section_1745639911\">\n\t\t<div class=\"bg section-bg fill bg-fill  bg-loaded\" >\n\n\t\t\t\n\t\t\t\n\t\t\t\n\n\t\t<\/div>\n\n\t\t\n\n\t\t<div class=\"section-content relative\">\n\t\t\t\n<h2 style=\"text-align: center;\">Dimensions<\/h2>\n<div class=\"row\"  id=\"row-2012441667\">\n\n\t<div id=\"col-101886261\" class=\"col small-12 large-12\"  >\n\t\t\t\t<div class=\"col-inner\"  >\n\t\t\t\n\t\t\t\n<div class=\"row\"  id=\"row-1586556846\">\n\n\t<div id=\"col-782482423\" class=\"col small-12 large-12\"  >\n\t\t\t\t<div class=\"col-inner text-center\"  >\n\t\t\t\n\t\t\t\n<div class=\"row\"  id=\"row-44139753\">\n\n\t<div id=\"col-665027633\" class=\"col medium-4 small-12 large-4\"  >\n\t\t\t\t<div class=\"col-inner\"  >\n\t\t\t\n\t\t\t\n\t<div class=\"img has-hover x md-x lg-x y md-y lg-y\" id=\"image_1953611680\">\n\t\t\t\t\t\t\t\t<div class=\"img-inner dark\" >\n\t\t\t<img loading=\"lazy\" decoding=\"async\" width=\"225\" height=\"250\" src=\"https:\/\/old.luxificlighting.com\/wp-content\/uploads\/2023\/05\/KEIRA-D1.jpg\" class=\"attachment-large size-large\" alt=\"\" \/>\t\t\t\t\t\t\n\t\t\t\t\t<\/div>\n\t\t\t\t\t\t\t\t\n<style>\n#image_1953611680 {\n  width: 100%;\n}\n<\/style>\n\t<\/div>\n\t\n\t\t<\/div>\n\t\t\t\t\t<\/div>\n\n\t\n\n\t<div id=\"col-2143010790\" class=\"col medium-4 small-12 large-4\"  >\n\t\t\t\t<div class=\"col-inner\"  >\n\t\t\t\n\t\t\t\n\t<div class=\"img has-hover x md-x lg-x y md-y lg-y\" id=\"image_375866879\">\n\t\t\t\t\t\t\t\t<div class=\"img-inner dark\" >\n\t\t\t<img loading=\"lazy\" decoding=\"async\" width=\"225\" height=\"250\" src=\"https:\/\/old.luxificlighting.com\/wp-content\/uploads\/2023\/05\/KEIRA-D2.jpg\" class=\"attachment-large size-large\" alt=\"\" \/>\t\t\t\t\t\t\n\t\t\t\t\t<\/div>\n\t\t\t\t\t\t\t\t\n<style>\n#image_375866879 {\n  width: 100%;\n}\n<\/style>\n\t<\/div>\n\t\n\t\t<\/div>\n\t\t\t\t\t<\/div>\n\n\t\n<\/div>\n\t\t<\/div>\n\t\t\t\t\t<\/div>\n\n\t\n<\/div>\n\t\t<\/div>\n\t\t\t\t\t<\/div>\n\n\t\n<\/div>\n\t\t<\/div>\n\n\t\t\n<style>\n#section_1745639911 {\n  padding-top: 30px;\n  padding-bottom: 30px;\n}\n#section_1745639911 .ux-shape-divider--top svg {\n  height: 150px;\n  --divider-top-width: 100%;\n}\n#section_1745639911 .ux-shape-divider--bottom svg {\n  height: 150px;\n  --divider-width: 100%;\n}\n<\/style>\n\t<\/section>\n\t\n\t<section class=\"section\" id=\"section_446091515\">\n\t\t<div class=\"bg section-bg fill bg-fill  bg-loaded\" >\n\n\t\t\t\n\t\t\t\n\t\t\t\n\n\t\t<\/div>\n\n\t\t\n\n\t\t<div class=\"section-content relative\">\n\t\t\t\n<div class=\"row\"  id=\"row-1829329543\">\n\n\t<div id=\"col-120849285\" class=\"col small-12 large-12\"  >\n\t\t\t\t<div class=\"col-inner\"  >\n\t\t\t\n\t\t\t\n<h2 style=\"text-align: center;\">Application optique<\/h2>\n<div class=\"row\"  id=\"row-147514243\">\n\n\t<div id=\"col-1606838207\" class=\"col medium-3 small-6 large-3\"  >\n\t\t\t\t<div class=\"col-inner\"  >\n\t\t\t\n\t\t\t\n\t<div class=\"img has-hover x md-x lg-x y md-y lg-y\" id=\"image_1386533899\">\n\t\t\t\t\t\t\t\t<div class=\"img-inner dark\" >\n\t\t\t<img loading=\"lazy\" decoding=\"async\" width=\"390\" height=\"390\" src=\"https:\/\/old.luxificlighting.com\/wp-content\/uploads\/2023\/05\/LEIRA-T2.jpg\" class=\"attachment-large size-large\" alt=\"\" srcset=\"https:\/\/old.luxificlighting.com\/wp-content\/uploads\/2023\/05\/LEIRA-T2.jpg 390w, https:\/\/old.luxificlighting.com\/wp-content\/uploads\/2023\/05\/LEIRA-T2-300x300.jpg 300w, https:\/\/old.luxificlighting.com\/wp-content\/uploads\/2023\/05\/LEIRA-T2-80x80.jpg 80w, https:\/\/old.luxificlighting.com\/wp-content\/uploads\/2023\/05\/LEIRA-T2-100x100.jpg 100w\" sizes=\"auto, (max-width: 390px) 100vw, 390px\" \/>\t\t\t\t\t\t\n\t\t\t\t\t<\/div>\n\t\t\t\t\t\t\t\t\n<style>\n#image_1386533899 {\n  width: 100%;\n}\n<\/style>\n\t<\/div>\n\t\n\t\t<\/div>\n\t\t\t\t\t<\/div>\n\n\t\n\n\t<div id=\"col-173574747\" class=\"col medium-3 small-6 large-3\"  >\n\t\t\t\t<div class=\"col-inner\"  >\n\t\t\t\n\t\t\t\n\t<div class=\"img has-hover x md-x lg-x y md-y lg-y\" id=\"image_903530878\">\n\t\t\t\t\t\t\t\t<div class=\"img-inner dark\" >\n\t\t\t<img loading=\"lazy\" decoding=\"async\" width=\"390\" height=\"390\" src=\"https:\/\/old.luxificlighting.com\/wp-content\/uploads\/2023\/05\/LEIRA-T3.jpg\" class=\"attachment-large size-large\" alt=\"\" srcset=\"https:\/\/old.luxificlighting.com\/wp-content\/uploads\/2023\/05\/LEIRA-T3.jpg 390w, https:\/\/old.luxificlighting.com\/wp-content\/uploads\/2023\/05\/LEIRA-T3-300x300.jpg 300w, https:\/\/old.luxificlighting.com\/wp-content\/uploads\/2023\/05\/LEIRA-T3-80x80.jpg 80w, https:\/\/old.luxificlighting.com\/wp-content\/uploads\/2023\/05\/LEIRA-T3-100x100.jpg 100w\" sizes=\"auto, (max-width: 390px) 100vw, 390px\" \/>\t\t\t\t\t\t\n\t\t\t\t\t<\/div>\n\t\t\t\t\t\t\t\t\n<style>\n#image_903530878 {\n  width: 100%;\n}\n<\/style>\n\t<\/div>\n\t\n\t\t<\/div>\n\t\t\t\t\t<\/div>\n\n\t\n\n\t<div id=\"col-1546784411\" class=\"col medium-3 small-6 large-3\"  >\n\t\t\t\t<div class=\"col-inner\"  >\n\t\t\t\n\t\t\t\n\t<div class=\"img has-hover x md-x lg-x y md-y lg-y\" id=\"image_46441532\">\n\t\t\t\t\t\t\t\t<div class=\"img-inner dark\" >\n\t\t\t<img loading=\"lazy\" decoding=\"async\" width=\"390\" height=\"390\" src=\"https:\/\/old.luxificlighting.com\/wp-content\/uploads\/2023\/05\/LEIRA-T4.jpg\" class=\"attachment-large size-large\" alt=\"\" srcset=\"https:\/\/old.luxificlighting.com\/wp-content\/uploads\/2023\/05\/LEIRA-T4.jpg 390w, https:\/\/old.luxificlighting.com\/wp-content\/uploads\/2023\/05\/LEIRA-T4-300x300.jpg 300w, https:\/\/old.luxificlighting.com\/wp-content\/uploads\/2023\/05\/LEIRA-T4-80x80.jpg 80w, https:\/\/old.luxificlighting.com\/wp-content\/uploads\/2023\/05\/LEIRA-T4-100x100.jpg 100w\" sizes=\"auto, (max-width: 390px) 100vw, 390px\" \/>\t\t\t\t\t\t\n\t\t\t\t\t<\/div>\n\t\t\t\t\t\t\t\t\n<style>\n#image_46441532 {\n  width: 100%;\n}\n<\/style>\n\t<\/div>\n\t\n\t\t<\/div>\n\t\t\t\t\t<\/div>\n\n\t\n\n\t<div id=\"col-1558254516\" class=\"col medium-3 small-6 large-3\"  >\n\t\t\t\t<div class=\"col-inner\"  >\n\t\t\t\n\t\t\t\n\t<div class=\"img has-hover x md-x lg-x y md-y lg-y\" id=\"image_287616135\">\n\t\t\t\t\t\t\t\t<div class=\"img-inner dark\" >\n\t\t\t<img loading=\"lazy\" decoding=\"async\" width=\"390\" height=\"390\" src=\"https:\/\/old.luxificlighting.com\/wp-content\/uploads\/2023\/05\/LEIRA-T5.jpg\" class=\"attachment-large size-large\" alt=\"\" srcset=\"https:\/\/old.luxificlighting.com\/wp-content\/uploads\/2023\/05\/LEIRA-T5.jpg 390w, https:\/\/old.luxificlighting.com\/wp-content\/uploads\/2023\/05\/LEIRA-T5-300x300.jpg 300w, https:\/\/old.luxificlighting.com\/wp-content\/uploads\/2023\/05\/LEIRA-T5-80x80.jpg 80w, https:\/\/old.luxificlighting.com\/wp-content\/uploads\/2023\/05\/LEIRA-T5-100x100.jpg 100w\" sizes=\"auto, (max-width: 390px) 100vw, 390px\" \/>\t\t\t\t\t\t\n\t\t\t\t\t<\/div>\n\t\t\t\t\t\t\t\t\n<style>\n#image_287616135 {\n  width: 100%;\n}\n<\/style>\n\t<\/div>\n\t\n\t\t<\/div>\n\t\t\t\t\t<\/div>\n\n\t\n<\/div>\n\t\t<\/div>\n\t\t\t\t\t<\/div>\n\n\t\n<\/div>\n\t\t<\/div>\n\n\t\t\n<style>\n#section_446091515 {\n  padding-top: 30px;\n  padding-bottom: 30px;\n}\n#section_446091515 .ux-shape-divider--top svg {\n  height: 150px;\n  --divider-top-width: 100%;\n}\n#section_446091515 .ux-shape-divider--bottom svg {\n  height: 150px;\n  --divider-width: 100%;\n}\n<\/style>\n\t<\/section>\n\t\n\t<section class=\"section\" id=\"section_1607261132\">\n\t\t<div class=\"bg section-bg fill bg-fill  bg-loaded\" >\n\n\t\t\t\n\t\t\t\n\t\t\t\n\n\t\t<\/div>\n\n\t\t\n\n\t\t<div class=\"section-content relative\">\n\t\t\t\n<div class=\"row\"  id=\"row-551393756\">\n\n\t<div id=\"col-231122508\" class=\"col small-12 large-12\"  >\n\t\t\t\t<div class=\"col-inner\"  >\n\t\t\t\n\t\t\t\n\t<div id=\"text-4224538626\" class=\"text\">\n\t\t\n<h2 style=\"text-align: center;\">Documentation<\/h2>\n\t\t\n<style>\n#text-4224538626 {\n  text-align: center;\n}\n<\/style>\n\t<\/div>\n\t\n\t<div id=\"gap-926928287\" class=\"gap-element clearfix\" style=\"display:block; height:auto;\">\n\t\t\n<style>\n#gap-926928287 {\n  padding-top: 36px;\n}\n<\/style>\n\t<\/div>\n\t\n\t\t<\/div>\n\t\t\t\t\t<\/div>\n\n\t\n<\/div>\n<div class=\"row align-equal align-center\"  id=\"row-928578534\">\n\n\t<div id=\"col-1930544371\" class=\"col medium-4 small-12 large-4\"  >\n\t\t\t\t<div class=\"col-inner box-shadow-1\"  >\n\t\t\t\n\t\t\t\n<div class=\"row row-collapse align-equal align-center\"  id=\"row-1096950503\">\n\n\t<div id=\"col-549275391\" class=\"col small-12 large-12\"  >\n\t\t\t\t<div class=\"col-inner text-center dark\" style=\"background-color:rgb(20, 184, 166);\" >\n\t\t\t\n\t<div class=\"is-border\"\n\t\tstyle=\"border-color:rgb(255, 255, 255);border-width:0px 0px 10px 0px;\">\n\t<\/div>\n\t\t\t\n<p>Instruction<\/p>\n<p>Instructions d&#039;installation<\/p>\n\t\t<\/div>\n\t\t\t\t\n<style>\n#col-549275391 > .col-inner {\n  padding: 24px 0px 24px 0px;\n  border-radius: 8px;\n}\n<\/style>\n\t<\/div>\n\n\t\n<\/div>\n<div class=\"row row-collapse\"  id=\"row-2071277685\">\n\n\t<div id=\"col-1348872735\" class=\"col small-12 large-12\"  >\n\t\t\t\t<div class=\"col-inner text-center\"  >\n\t\t\t\n\t\t\t\n<a class=\"button primary is-outline is-large expand\"  >\n    <span>T\u00e9l\u00e9charger<\/span>\n  <\/a>\n\n\t\t<\/div>\n\t\t\t\t\n<style>\n#col-1348872735 > .col-inner {\n  margin: 16px 0px 16px 0px;\n}\n<\/style>\n\t<\/div>\n\n\t\n\n<style>\n#row-2071277685 > .col > .col-inner {\n  padding: 0px 30px 0px 30px;\n}\n@media (min-width:550px) {\n  #row-2071277685 > .col > .col-inner {\n    padding: 0px 20px 0px 20px;\n  }\n}\n@media (min-width:850px) {\n  #row-2071277685 > .col > .col-inner {\n    padding: 0px 40px 0px 40px;\n  }\n}\n<\/style>\n<\/div>\n\t\t<\/div>\n\t\t\t\t\n<style>\n#col-1930544371 > .col-inner {\n  margin: 16px 0px 16px 0px;\n  border-radius: 10px;\n}\n<\/style>\n\t<\/div>\n\n\t\n\n\t<div id=\"col-1367468235\" class=\"col medium-4 small-12 large-4\"  >\n\t\t\t\t<div class=\"col-inner box-shadow-1\"  >\n\t\t\t\n\t\t\t\n<div class=\"row row-collapse align-equal align-center\"  id=\"row-1389952814\">\n\n\t<div id=\"col-1961278606\" class=\"col small-12 large-12\"  >\n\t\t\t\t<div class=\"col-inner text-center dark\" style=\"background-color:rgb(20, 184, 166);\" >\n\t\t\t\n\t<div class=\"is-border\"\n\t\tstyle=\"border-color:rgb(255, 255, 255);border-width:0px 0px 10px 0px;\">\n\t<\/div>\n\t\t\t\n<p>Certificat<\/p>\n<p>CB<\/p>\n\t\t<\/div>\n\t\t\t\t\n<style>\n#col-1961278606 > .col-inner {\n  padding: 24px 0px 24px 0px;\n  border-radius: 10px;\n}\n<\/style>\n\t<\/div>\n\n\t\n<\/div>\n<div class=\"row row-collapse\"  id=\"row-106382250\">\n\n\t<div id=\"col-269724433\" class=\"col small-12 large-12\"  >\n\t\t\t\t<div class=\"col-inner text-center\"  >\n\t\t\t\n\t\t\t\n<a class=\"button primary is-outline expand\"  >\n    <span>T\u00e9l\u00e9charger<\/span>\n  <\/a>\n\n\t\t<\/div>\n\t\t\t\t\n<style>\n#col-269724433 > .col-inner {\n  margin: 16px 0px 0px 0px;\n}\n<\/style>\n\t<\/div>\n\n\t\n\n<style>\n#row-106382250 > .col > .col-inner {\n  padding: 0px 30px 0px 30px;\n}\n@media (min-width:550px) {\n  #row-106382250 > .col > .col-inner {\n    padding: 0px 20px 0px 20px;\n  }\n}\n@media (min-width:850px) {\n  #row-106382250 > .col > .col-inner {\n    padding: 0px 40px 0px 40px;\n  }\n}\n<\/style>\n<\/div>\n\t\t<\/div>\n\t\t\t\t\n<style>\n#col-1367468235 > .col-inner {\n  margin: 16px 0px 16px 0px;\n  border-radius: 8px;\n}\n<\/style>\n\t<\/div>\n\n\t\n\n\t<div id=\"col-1955525795\" class=\"col medium-4 small-12 large-4\"  >\n\t\t\t\t<div class=\"col-inner box-shadow-1\"  >\n\t\t\t\n\t\t\t\n<div class=\"row row-collapse align-equal align-center\"  id=\"row-2058003506\">\n\n\t<div id=\"col-1210052008\" class=\"col small-12 large-12\"  >\n\t\t\t\t<div class=\"col-inner text-center dark\" style=\"background-color:#14b8a6;\" >\n\t\t\t\n\t<div class=\"is-border\"\n\t\tstyle=\"border-color:rgb(255, 255, 255);border-width:0px 0px 10px 0px;\">\n\t<\/div>\n\t\t\t\n<p>Certificat<\/p>\n<p>ENEC<\/p>\n\t\t<\/div>\n\t\t\t\t\n<style>\n#col-1210052008 > .col-inner {\n  padding: 24px 0px 24px 0px;\n  border-radius: 8px;\n}\n<\/style>\n\t<\/div>\n\n\t\n<\/div>\n<div class=\"row row-collapse\"  id=\"row-2011920156\">\n\n\t<div id=\"col-1335057525\" class=\"col small-12 large-12\"  >\n\t\t\t\t<div class=\"col-inner text-center\"  >\n\t\t\t\n\t\t\t\n<a class=\"button primary is-outline is-large expand\"  >\n    <span>T\u00e9l\u00e9charger<\/span>\n  <\/a>\n\n\t\t<\/div>\n\t\t\t\t\n<style>\n#col-1335057525 > .col-inner {\n  margin: 16px 0px 0px 0px;\n}\n<\/style>\n\t<\/div>\n\n\t\n\n<style>\n#row-2011920156 > .col > .col-inner {\n  padding: 0px 30px 0px 30px;\n}\n@media (min-width:550px) {\n  #row-2011920156 > .col > .col-inner {\n    padding: 0px 20px 0px 20px;\n  }\n}\n@media (min-width:850px) {\n  #row-2011920156 > .col > .col-inner {\n    padding: 0px 40px 0px 40px;\n  }\n}\n<\/style>\n<\/div>\n\t\t<\/div>\n\t\t\t\t\n<style>\n#col-1955525795 > .col-inner {\n  margin: 16px 0px 16px 0px;\n  border-radius: 10px;\n}\n<\/style>\n\t<\/div>\n\n\t\n\n<style>\n#row-928578534 > .col > .col-inner {\n  background-color: rgb(255,255,255);\n}\n<\/style>\n<\/div>\n\t\t<\/div>\n\n\t\t\n<style>\n#section_1607261132 {\n  padding-top: 48px;\n  padding-bottom: 48px;\n}\n#section_1607261132 .ux-shape-divider--top svg {\n  height: 150px;\n  --divider-top-width: 100%;\n}\n#section_1607261132 .ux-shape-divider--bottom svg {\n  height: 150px;\n  --divider-width: 100%;\n}\n<\/style>\n\t<\/section>\n\t\n\t<section class=\"section dark\" id=\"section_1152179662\">\n\t\t<div class=\"bg section-bg fill bg-fill  bg-loaded\" >\n\n\t\t\t\n\t\t\t\n\t\t\t\n\n\t\t<\/div>\n\n\t\t\n\n\t\t<div class=\"section-content relative\">\n\t\t\t\n\n<div class=\"row row-small align-center\"  id=\"row-1858744103\">\n\n\n\t<div id=\"col-1192596528\" class=\"col small-12 large-12\"  >\n\t\t\t\t<div class=\"col-inner text-center dark\" style=\"background-color:rgb(250, 250, 249);\" >\n\t\t\t\n\t\t\t\n\n\t<div id=\"text-3751802329\" class=\"text\">\n\t\t\n\n<h3>Demande rapide<\/h3>\n<p>Veuillez nous contacter pour plus d&#039;informations sur les produits!<\/p>\n\t\t\n<style>\n#text-3751802329 {\n  color: rgb(23, 23, 23);\n}\n#text-3751802329 > * {\n  color: rgb(23, 23, 23);\n}\n<\/style>\n\t<\/div>\n\t\n<a href=\"#is-pop\" target=\"_self\" class=\"button primary\"  style=\"border-radius:8px;padding:4px 49px 4px 48px;\">\n    <span>Aller au contact<\/span>\n  <\/a>\n\n\n\n\t\t<\/div>\n\t\t\t\t\n<style>\n#col-1192596528 > .col-inner {\n  padding: 36px 0px 36px 0px;\n  border-radius: 16px;\n}\n<\/style>\n\t<\/div>\n\n\t\n\n<\/div>\n\n\t\t<\/div>\n\n\t\t\n<style>\n#section_1152179662 {\n  padding-top: 30px;\n  padding-bottom: 30px;\n  background-color: rgb(255,255,255);\n}\n#section_1152179662 .ux-shape-divider--top svg {\n  height: 150px;\n  --divider-top-width: 100%;\n}\n#section_1152179662 .ux-shape-divider--bottom svg {\n  height: 150px;\n  --divider-width: 100%;\n}\n<\/style>\n\t<\/section>","protected":false},"excerpt":{"rendered":"<p>The Keira series is an exceptional LED garden light that can serve both as a decorative and functional. It can power from 20W to 100W, which is ideal for the lighting of the walkways, garden features, and entrances. The Keira series is made by a reputable outdoor lighting supplier- Luxific. It is equipped with modern design features and high power durable LEDs to fit any outdoor space with style and provide maximum illumination.<\/p>\n<p>Ideal for:<\/p>\n<ul>\n<li>Walkways and entrances<\/li>\n<li>Garden features and focal points<\/li>\n<li>Commercial and residential landscapes<\/li>\n<\/ul>","protected":false},"featured_media":3082,"comment_status":"closed","ping_status":"closed","template":"","meta":[],"product_brand":[],"product_cat":[61],"product_tag":[],"class_list":{"0":"post-3061","1":"product","2":"type-product","3":"status-publish","4":"has-post-thumbnail","6":"product_cat-led-graden-light","8":"first","9":"instock","10":"shipping-taxable","11":"product-type-simple"},"yoast_head":"<!-- This site is optimized with the Yoast SEO plugin v25.3 - https:\/\/yoast.com\/wordpress\/plugins\/seo\/ -->\n<title>Keira 20W-100W Outdoor Garden fixtures<\/title>\n<meta name=\"description\" content=\"Outdoor garden light brings your garden to life. Keira adds a touch of elegance to any outdoor space. Shop now and transform your garden.\" \/>\n<meta name=\"robots\" content=\"noindex, follow, max-snippet:-1, max-image-preview:large, max-video-preview:-1\" \/>\n<meta property=\"og:locale\" content=\"fr_FR\" \/>\n<meta property=\"og:type\" content=\"article\" \/>\n<meta property=\"og:title\" content=\"Keira 20W-100W Outdoor Garden fixtures\" \/>\n<meta property=\"og:description\" content=\"Outdoor garden light brings your garden to life. Keira adds a touch of elegance to any outdoor space. Shop now and transform your garden.\" \/>\n<meta property=\"og:url\" content=\"https:\/\/old.luxificlighting.com\/fr\/produit\/keira\/\" \/>\n<meta property=\"og:site_name\" content=\"LUXIFIC\" \/>\n<meta property=\"article:modified_time\" content=\"2025-03-27T00:24:17+00:00\" \/>\n<meta property=\"og:image\" content=\"https:\/\/old.luxificlighting.com\/wp-content\/uploads\/2023\/04\/Keria-1.png\" \/>\n\t<meta property=\"og:image:width\" content=\"800\" \/>\n\t<meta property=\"og:image:height\" content=\"600\" \/>\n\t<meta property=\"og:image:type\" content=\"image\/png\" \/>\n<meta name=\"twitter:card\" content=\"summary_large_image\" \/>\n<meta name=\"twitter:label1\" content=\"Dur\u00e9e de lecture estim\u00e9e\" \/>\n\t<meta name=\"twitter:data1\" content=\"2 minutes\" \/>\n<script type=\"application\/ld+json\" class=\"yoast-schema-graph\">{\"@context\":\"https:\/\/schema.org\",\"@graph\":[{\"@type\":\"WebPage\",\"@id\":\"https:\/\/old.luxificlighting.com\/product\/keira\/\",\"url\":\"https:\/\/old.luxificlighting.com\/product\/keira\/\",\"name\":\"Keira 20W-100W Outdoor Garden fixtures\",\"isPartOf\":{\"@id\":\"https:\/\/old.luxificlighting.com\/#website\"},\"primaryImageOfPage\":{\"@id\":\"https:\/\/old.luxificlighting.com\/product\/keira\/#primaryimage\"},\"image\":{\"@id\":\"https:\/\/old.luxificlighting.com\/product\/keira\/#primaryimage\"},\"thumbnailUrl\":\"https:\/\/old.luxificlighting.com\/wp-content\/uploads\/2023\/04\/Keria-1.png\",\"datePublished\":\"2023-04-13T07:23:08+00:00\",\"dateModified\":\"2025-03-27T00:24:17+00:00\",\"description\":\"Outdoor garden light brings your garden to life. Keira adds a touch of elegance to any outdoor space. Shop now and transform your garden.\",\"breadcrumb\":{\"@id\":\"https:\/\/old.luxificlighting.com\/product\/keira\/#breadcrumb\"},\"inLanguage\":\"fr-FR\",\"potentialAction\":[{\"@type\":\"ReadAction\",\"target\":[\"https:\/\/old.luxificlighting.com\/product\/keira\/\"]}]},{\"@type\":\"ImageObject\",\"inLanguage\":\"fr-FR\",\"@id\":\"https:\/\/old.luxificlighting.com\/product\/keira\/#primaryimage\",\"url\":\"https:\/\/old.luxificlighting.com\/wp-content\/uploads\/2023\/04\/Keria-1.png\",\"contentUrl\":\"https:\/\/old.luxificlighting.com\/wp-content\/uploads\/2023\/04\/Keria-1.png\",\"width\":800,\"height\":600},{\"@type\":\"BreadcrumbList\",\"@id\":\"https:\/\/old.luxificlighting.com\/product\/keira\/#breadcrumb\",\"itemListElement\":[{\"@type\":\"ListItem\",\"position\":1,\"name\":\"Home\",\"item\":\"https:\/\/old.luxificlighting.com\/\"},{\"@type\":\"ListItem\",\"position\":2,\"name\":\"Products\",\"item\":\"https:\/\/old.luxificlighting.com\/products\/\"},{\"@type\":\"ListItem\",\"position\":3,\"name\":\"Keira 20W-100W\"}]},{\"@type\":\"WebSite\",\"@id\":\"https:\/\/old.luxificlighting.com\/#website\",\"url\":\"https:\/\/old.luxificlighting.com\/\",\"name\":\"LUXIFIC\",\"description\":\"\",\"potentialAction\":[{\"@type\":\"SearchAction\",\"target\":{\"@type\":\"EntryPoint\",\"urlTemplate\":\"https:\/\/old.luxificlighting.com\/?s={search_term_string}\"},\"query-input\":{\"@type\":\"PropertyValueSpecification\",\"valueRequired\":true,\"valueName\":\"search_term_string\"}}],\"inLanguage\":\"fr-FR\"}]}<\/script>\n<!-- \/ Yoast SEO plugin. -->","yoast_head_json":{"title":"Luminaires de jardin ext\u00e9rieur Keira 20W-100W","description":"La lumi\u00e8re ext\u00e9rieure du jardin donne vie \u00e0 votre jardin. Keira ajoute une touche d&#039;\u00e9l\u00e9gance \u00e0 n&#039;importe quel espace ext\u00e9rieur. Achetez maintenant et transformez votre jardin.","robots":{"index":"noindex","follow":"follow","max-snippet":"max-snippet:-1","max-image-preview":"max-image-preview:large","max-video-preview":"max-video-preview:-1"},"og_locale":"fr_FR","og_type":"article","og_title":"Keira 20W-100W Outdoor Garden fixtures","og_description":"Outdoor garden light brings your garden to life. Keira adds a touch of elegance to any outdoor space. Shop now and transform your garden.","og_url":"https:\/\/old.luxificlighting.com\/fr\/produit\/keira\/","og_site_name":"LUXIFIC","article_modified_time":"2025-03-27T00:24:17+00:00","og_image":[{"width":800,"height":600,"url":"https:\/\/old.luxificlighting.com\/wp-content\/uploads\/2023\/04\/Keria-1.png","type":"image\/png"}],"twitter_card":"summary_large_image","twitter_misc":{"Dur\u00e9e de lecture estim\u00e9e":"2 minutes"},"schema":{"@context":"https:\/\/schema.org","@graph":[{"@type":"WebPage","@id":"https:\/\/old.luxificlighting.com\/product\/keira\/","url":"https:\/\/old.luxificlighting.com\/product\/keira\/","name":"Luminaires de jardin ext\u00e9rieur Keira 20W-100W","isPartOf":{"@id":"https:\/\/old.luxificlighting.com\/#website"},"primaryImageOfPage":{"@id":"https:\/\/old.luxificlighting.com\/product\/keira\/#primaryimage"},"image":{"@id":"https:\/\/old.luxificlighting.com\/product\/keira\/#primaryimage"},"thumbnailUrl":"https:\/\/old.luxificlighting.com\/wp-content\/uploads\/2023\/04\/Keria-1.png","datePublished":"2023-04-13T07:23:08+00:00","dateModified":"2025-03-27T00:24:17+00:00","description":"La lumi\u00e8re ext\u00e9rieure du jardin donne vie \u00e0 votre jardin. Keira ajoute une touche d&#039;\u00e9l\u00e9gance \u00e0 n&#039;importe quel espace ext\u00e9rieur. Achetez maintenant et transformez votre jardin.","breadcrumb":{"@id":"https:\/\/old.luxificlighting.com\/product\/keira\/#breadcrumb"},"inLanguage":"fr-FR","potentialAction":[{"@type":"ReadAction","target":["https:\/\/old.luxificlighting.com\/product\/keira\/"]}]},{"@type":"ImageObject","inLanguage":"fr-FR","@id":"https:\/\/old.luxificlighting.com\/product\/keira\/#primaryimage","url":"https:\/\/old.luxificlighting.com\/wp-content\/uploads\/2023\/04\/Keria-1.png","contentUrl":"https:\/\/old.luxificlighting.com\/wp-content\/uploads\/2023\/04\/Keria-1.png","width":800,"height":600},{"@type":"BreadcrumbList","@id":"https:\/\/old.luxificlighting.com\/product\/keira\/#breadcrumb","itemListElement":[{"@type":"ListItem","position":1,"name":"Home","item":"https:\/\/old.luxificlighting.com\/"},{"@type":"ListItem","position":2,"name":"Products","item":"https:\/\/old.luxificlighting.com\/products\/"},{"@type":"ListItem","position":3,"name":"Keira 20W-100W"}]},{"@type":"WebSite","@id":"https:\/\/old.luxificlighting.com\/#website","url":"https:\/\/old.luxificlighting.com\/","name":"LUXIFIQUE","description":"","potentialAction":[{"@type":"SearchAction","target":{"@type":"EntryPoint","urlTemplate":"https:\/\/old.luxificlighting.com\/?s={search_term_string}"},"query-input":{"@type":"PropertyValueSpecification","valueRequired":true,"valueName":"search_term_string"}}],"inLanguage":"fr-FR"}]}},"_links":{"self":[{"href":"https:\/\/old.luxificlighting.com\/fr\/wp-json\/wp\/v2\/product\/3061","targetHints":{"allow":["GET"]}}],"collection":[{"href":"https:\/\/old.luxificlighting.com\/fr\/wp-json\/wp\/v2\/product"}],"about":[{"href":"https:\/\/old.luxificlighting.com\/fr\/wp-json\/wp\/v2\/types\/product"}],"replies":[{"embeddable":true,"href":"https:\/\/old.luxificlighting.com\/fr\/wp-json\/wp\/v2\/comments?post=3061"}],"wp:featuredmedia":[{"embeddable":true,"href":"https:\/\/old.luxificlighting.com\/fr\/wp-json\/wp\/v2\/media\/3082"}],"wp:attachment":[{"href":"https:\/\/old.luxificlighting.com\/fr\/wp-json\/wp\/v2\/media?parent=3061"}],"wp:term":[{"taxonomy":"product_brand","embeddable":true,"href":"https:\/\/old.luxificlighting.com\/fr\/wp-json\/wp\/v2\/product_brand?post=3061"},{"taxonomy":"product_cat","embeddable":true,"href":"https:\/\/old.luxificlighting.com\/fr\/wp-json\/wp\/v2\/product_cat?post=3061"},{"taxonomy":"product_tag","embeddable":true,"href":"https:\/\/old.luxificlighting.com\/fr\/wp-json\/wp\/v2\/product_tag?post=3061"}],"curies":[{"name":"wp","href":"https:\/\/api.w.org\/{rel}","templated":true}]}}