{"id":4517,"date":"2023-09-05T09:35:52","date_gmt":"2023-09-05T01:35:52","guid":{"rendered":"https:\/\/old.luxificlighting.com\/?page_id=4517"},"modified":"2025-06-13T17:11:28","modified_gmt":"2025-06-13T09:11:28","slug":"faqs","status":"publish","type":"page","link":"https:\/\/old.luxificlighting.com\/fr\/faqs\/","title":{"rendered":"FAQ"},"content":{"rendered":"<div class=\"banner has-hover\" id=\"banner-1867994054\">\n          <div class=\"banner-inner fill\">\n        <div class=\"banner-bg fill\" >\n            <div class=\"bg fill bg-fill\"><\/div>\n                        <div class=\"overlay\"><\/div>            \n                    <\/div>\n\t\t\n        <div class=\"banner-layers container\">\n            <div class=\"fill banner-link\"><\/div>            \n\n   <div id=\"text-box-1974387182\" class=\"text-box banner-layer x50 md-x5 lg-x10 y50 md-y20 lg-y50 res-text\">\n                                <div class=\"text-box-content text dark\">\n              \n              <div class=\"text-inner text-center\">\n                  \n\n\n              <\/div>\n           <\/div>\n                            \n<style>\n#text-box-1974387182 {\n  width: 100%;\n}\n#text-box-1974387182 .text-box-content {\n  font-size: 100%;\n}\n@media (min-width:550px) {\n  #text-box-1974387182 {\n    width: 40%;\n  }\n}\n@media (min-width:850px) {\n  #text-box-1974387182 {\n    width: 32%;\n  }\n}\n<\/style>\n    <\/div>\n \n\n        <\/div>\n      <\/div>\n\n            \n<style>\n#banner-1867994054 {\n  padding-top: 160px;\n  background-color: rgb(255,255,255);\n}\n#banner-1867994054 .bg.bg-loaded {\n  background-image: url(https:\/\/old.luxificlighting.com\/wp-content\/uploads\/2023\/09\/faq-bg.webp);\n}\n#banner-1867994054 .overlay {\n  background-color: rgba(0,0,0,.5);\n}\n#banner-1867994054 .bg {\n  background-position: 50%20%;\n}\n#banner-1867994054 .ux-shape-divider--top svg {\n  height: 150px;\n  --divider-top-width: 100%;\n}\n#banner-1867994054 .ux-shape-divider--bottom svg {\n  height: 150px;\n  --divider-width: 100%;\n}\n@media (min-width:550px) {\n  #banner-1867994054 {\n    padding-top: 240px;\n  }\n}\n@media (min-width:850px) {\n  #banner-1867994054 {\n    padding-top: 240px;\n  }\n}\n<\/style>\n  <\/div>\n\n\n\t<section class=\"section\" id=\"section_1000599815\">\n\t\t<div class=\"bg section-bg fill bg-fill  bg-loaded\" >\n\n\t\t\t\n\t\t\t\n\t\t\t\n\n\t\t<\/div>\n\n\t\t\n\n\t\t<div class=\"section-content relative\">\n\t\t\t\n\n<div class=\"row align-center\"  id=\"row-5463270\">\n\n\n\t<div id=\"col-361693240\" class=\"col medium-12 small-12 large-10\"  >\n\t\t\t\t<div class=\"col-inner text-center\"  >\n\t\t\t\n\t\t\t\n\n\t<div id=\"text-1602426161\" class=\"text\">\n\t\t\n\n<h2><strong>Puis-je vous aider ?<\/strong><\/h2>\n\t\t\n<style>\n#text-1602426161 {\n  text-align: center;\n}\n@media (min-width:550px) {\n  #text-1602426161 {\n    text-align: left;\n  }\n}\n<\/style>\n\t<\/div>\n\t\n\t<div id=\"text-1756640165\" class=\"text\">\n\t\t\n\n<p>Voici de br\u00e8ves r\u00e9ponses aux questions fr\u00e9quemment pos\u00e9es sur nos produits et services.<\/p>\n\t\t\n<style>\n#text-1756640165 {\n  text-align: left;\n}\n<\/style>\n\t<\/div>\n\t\n\n\t\t<\/div>\n\t\t\t\t\t<\/div>\n\n\t\n\n<\/div>\n<div class=\"row align-center\"  id=\"row-1235823747\">\n\n\n\t<div id=\"col-324992623\" class=\"col medium-12 small-12 large-10\"  >\n\t\t\t\t<div class=\"col-inner\"  >\n\t\t\t\n\t\t\t\n\n<div class=\"accordion\" rel=\"\">\n\n<div class=\"accordion-item\"><a href=\"#\" class=\"accordion-title plain\"><button class=\"toggle\" aria-label=\"Toggle\"><i class=\"icon-angle-down\"><\/i><\/button><span>Un lampadaire \u00e0 LED est un dispositif d'\u00e9clairage qui utilise la technologie LED comme source lumineuse. Il est g\u00e9n\u00e9ralement utilis\u00e9 pour \u00e9clairer les rues, les routes et les espaces publics.<\/span><\/a><div class=\"accordion-inner\">\n\n<p>Nous sommes une usine avec 17 ans d'exp\u00e9rience de production, OEM pour certains clients dans le monde entier.<\/p>\n\n<\/div><\/div>\n<div class=\"accordion-item\"><a href=\"#\" class=\"accordion-title plain\"><button class=\"toggle\" aria-label=\"Toggle\"><i class=\"icon-angle-down\"><\/i><\/button><span>Pourquoi devrais-je choisir des lampadaires \u00e0 LED ?<\/span><\/a><div class=\"accordion-inner\">\n\n<p>Les lampadaires \u00e0 LED offrent une grande efficacit\u00e9 \u00e9nerg\u00e9tique, une longue dur\u00e9e de vie, de faibles co\u00fbts de maintenance et d'excellentes performances d'\u00e9clairage, contribuant ainsi aux \u00e9conomies d'\u00e9nergie, \u00e0 la r\u00e9duction des \u00e9missions et \u00e0 l'\u00e9clairage urbain durable.<\/p>\n\n<\/div><\/div>\n<div class=\"accordion-item\"><a href=\"#\" class=\"accordion-title plain\"><button class=\"toggle\" aria-label=\"Toggle\"><i class=\"icon-angle-down\"><\/i><\/button><span>Quels sont les diff\u00e9rents types et styles de lampadaires \u00e0 LED disponibles ?<\/span><\/a><div class=\"accordion-inner\">\n\n<p>Nous proposons une vari\u00e9t\u00e9 de types et de styles de lampadaires \u00e0 LED, y compris diff\u00e9rentes puissances, conceptions et temp\u00e9ratures de couleur pour r\u00e9pondre aux exigences de diff\u00e9rents lieux et besoins.<\/p>\n\n<\/div><\/div>\n<div class=\"accordion-item\"><a href=\"#\" class=\"accordion-title plain\"><button class=\"toggle\" aria-label=\"Toggle\"><i class=\"icon-angle-down\"><\/i><\/button><span>Comment choisir le lampadaire \u00e0 LED adapt\u00e9 \u00e0 mes besoins ?<\/span><\/a><div class=\"accordion-inner\">\n\n<p>Le choix du lampadaire \u00e0 LED appropri\u00e9 d\u00e9pend des besoins en \u00e9clairage, de la taille de la zone et du budget. Notre \u00e9quipe de vente peut vous fournir des conseils professionnels pour vous aider \u00e0 faire le bon choix.<\/p>\n\n<\/div><\/div>\n<div class=\"accordion-item\"><a href=\"#\" class=\"accordion-title plain\"><button class=\"toggle\" aria-label=\"Toggle\"><i class=\"icon-angle-down\"><\/i><\/button><span>Les lampadaires \u00e0 LED r\u00e9pondent-ils aux normes d'\u00e9clairage de la ville ?<\/span><\/a><div class=\"accordion-inner\">\n\n<p>Oui, nos lampadaires \u00e0 LED sont conformes aux normes internationales et locales en mati\u00e8re d'\u00e9clairage urbain, ce qui garantit leur s\u00e9curit\u00e9 et leur performance dans les environnements urbains.<\/p>\n\n<\/div><\/div>\n<div class=\"accordion-item\"><a href=\"#\" class=\"accordion-title plain\"><button class=\"toggle\" aria-label=\"Toggle\"><i class=\"icon-angle-down\"><\/i><\/button><span>Quelle est la dur\u00e9e de vie des lampadaires \u00e0 LED ?<\/span><\/a><div class=\"accordion-inner\">\n\n<p>En r\u00e8gle g\u00e9n\u00e9rale, les lampadaires \u00e0 LED peuvent avoir une dur\u00e9e de vie de plusieurs dizaines de milliers d'heures, la dur\u00e9e de vie exacte d\u00e9pendant de l'utilisation et des facteurs environnementaux. Un entretien r\u00e9gulier peut prolonger leur dur\u00e9e de vie.<\/p>\n\n<\/div><\/div>\n<div class=\"accordion-item\"><a href=\"#\" class=\"accordion-title plain\"><button class=\"toggle\" aria-label=\"Toggle\"><i class=\"icon-angle-down\"><\/i><\/button><span>Les lampadaires \u00e0 LED sont-ils efficaces sur le plan \u00e9nerg\u00e9tique ?<\/span><\/a><div class=\"accordion-inner\">\n\n<p>Oui, les lampadaires \u00e0 LED sont nettement plus efficaces sur le plan \u00e9nerg\u00e9tique que les m\u00e9thodes d'\u00e9clairage traditionnelles, ce qui permet de r\u00e9aliser des \u00e9conomies d'\u00e9nergie consid\u00e9rables et de r\u00e9duire les factures d'\u00e9lectricit\u00e9.<\/p>\n\n<\/div><\/div>\n<div class=\"accordion-item\"><a href=\"#\" class=\"accordion-title plain\"><button class=\"toggle\" aria-label=\"Toggle\"><i class=\"icon-angle-down\"><\/i><\/button><span>Comment installer et entretenir les lampadaires \u00e0 LED ?<\/span><\/a><div class=\"accordion-inner\">\n\n<p>Nous fournissons des guides d'installation et des recommandations de maintenance pour assurer le bon fonctionnement de vos lampadaires \u00e0 LED. Il est conseill\u00e9 de confier l'installation \u00e0 un \u00e9lectricien professionnel et d'effectuer des contr\u00f4les r\u00e9guliers pour nettoyer les luminaires et inspecter les connexions \u00e9lectriques.<\/p>\n\n<\/div><\/div>\n<div class=\"accordion-item\"><a href=\"#\" class=\"accordion-title plain\"><button class=\"toggle\" aria-label=\"Toggle\"><i class=\"icon-angle-down\"><\/i><\/button><span>Proposez-vous des solutions personnalis\u00e9es pour les lampadaires \u00e0 LED ?<\/span><\/a><div class=\"accordion-inner\">\n\n<p>Oui, nous pouvons fournir des solutions de lampadaires LED sur mesure pour r\u00e9pondre aux exigences sp\u00e9cifiques du projet et de la conception. Veuillez contacter notre \u00e9quipe commerciale pour plus d'informations.<\/p>\n\n<\/div><\/div>\n\n<\/div>\n\n\t\t<\/div>\n\t\t\t\t\t<\/div>\n\n\t\n\n<\/div>\n\n\t\t<\/div>\n\n\t\t\n<style>\n#section_1000599815 {\n  padding-top: 36px;\n  padding-bottom: 36px;\n}\n#section_1000599815 .ux-shape-divider--top svg {\n  height: 150px;\n  --divider-top-width: 100%;\n}\n#section_1000599815 .ux-shape-divider--bottom svg {\n  height: 150px;\n  --divider-width: 100%;\n}\n@media (min-width:550px) {\n  #section_1000599815 {\n    padding-top: 48px;\n    padding-bottom: 48px;\n  }\n}\n@media (min-width:850px) {\n  #section_1000599815 {\n    padding-top: 60px;\n    padding-bottom: 60px;\n  }\n}\n<\/style>\n\t<\/section>\n\t\n\t<section class=\"section\" id=\"section_1875240729\">\n\t\t<div class=\"bg section-bg fill bg-fill  bg-loaded\" >\n\n\t\t\t\n\t\t\t\n\t\t\t\n\n\t\t<\/div>\n\n\t\t\n\n\t\t<div class=\"section-content relative\">\n\t\t\t\n\n<div class=\"row\"  id=\"row-267827609\">\n\n\n\t<div id=\"col-1046033377\" class=\"col small-12 large-12\"  >\n\t\t\t\t<div class=\"col-inner text-center dark\" style=\"background-color:rgb(0,0,0);\" >\n\t\t\t\n\t\t\t\n\n<h2>Vous avez encore une question ?<\/h2>\n<p>Si vous ne trouvez pas d'aide dans la FAQ ci-dessus, vous pouvez nous contacter et nous vous r\u00e9pondrons rapidement.<\/p>\n<a href=\"#is-pop\" target=\"_self\" class=\"button primary is-large\"  style=\"border-radius:99px;\">\n    <span>Conseil technique<\/span>\n  <\/a>\n\n\n\n\t\t<\/div>\n\t\t\t\t\n<style>\n#col-1046033377 > .col-inner {\n  padding: 40px 40px 40px 40px;\n}\n<\/style>\n\t<\/div>\n\n\t\n\n<\/div>\n\n\t\t<\/div>\n\n\t\t\n<style>\n#section_1875240729 {\n  padding-top: 36px;\n  padding-bottom: 36px;\n}\n#section_1875240729 .ux-shape-divider--top svg {\n  height: 150px;\n  --divider-top-width: 100%;\n}\n#section_1875240729 .ux-shape-divider--bottom svg {\n  height: 150px;\n  --divider-width: 100%;\n}\n<\/style>\n\t<\/section>","protected":false},"excerpt":{"rendered":"","protected":false},"author":15,"featured_media":0,"parent":0,"menu_order":0,"comment_status":"closed","ping_status":"closed","template":"page-blank.php","meta":{"footnotes":""},"class_list":["post-4517","page","type-page","status-publish","hentry"],"yoast_head":"<!-- This site is optimized with the Yoast SEO plugin v25.3 - https:\/\/yoast.com\/wordpress\/plugins\/seo\/ -->\n<title>FAQs - LUXIFIC<\/title>\n<meta name=\"robots\" content=\"noindex, follow, max-snippet:-1, max-image-preview:large, max-video-preview:-1\" \/>\n<meta property=\"og:locale\" content=\"fr_FR\" \/>\n<meta property=\"og:type\" content=\"article\" \/>\n<meta property=\"og:title\" content=\"FAQs - LUXIFIC\" \/>\n<meta property=\"og:url\" content=\"https:\/\/old.luxificlighting.com\/fr\/faqs\/\" \/>\n<meta property=\"og:site_name\" content=\"LUXIFIC\" \/>\n<meta property=\"article:modified_time\" content=\"2025-06-13T09:11:28+00:00\" \/>\n<meta name=\"twitter:card\" content=\"summary_large_image\" \/>\n<script type=\"application\/ld+json\" class=\"yoast-schema-graph\">{\"@context\":\"https:\/\/schema.org\",\"@graph\":[{\"@type\":\"WebPage\",\"@id\":\"https:\/\/old.luxificlighting.com\/faqs\/\",\"url\":\"https:\/\/old.luxificlighting.com\/faqs\/\",\"name\":\"FAQs - LUXIFIC\",\"isPartOf\":{\"@id\":\"https:\/\/old.luxificlighting.com\/#website\"},\"datePublished\":\"2023-09-05T01:35:52+00:00\",\"dateModified\":\"2025-06-13T09:11:28+00:00\",\"breadcrumb\":{\"@id\":\"https:\/\/old.luxificlighting.com\/faqs\/#breadcrumb\"},\"inLanguage\":\"fr-FR\",\"potentialAction\":[{\"@type\":\"ReadAction\",\"target\":[\"https:\/\/old.luxificlighting.com\/faqs\/\"]}]},{\"@type\":\"BreadcrumbList\",\"@id\":\"https:\/\/old.luxificlighting.com\/faqs\/#breadcrumb\",\"itemListElement\":[{\"@type\":\"ListItem\",\"position\":1,\"name\":\"Home\",\"item\":\"https:\/\/old.luxificlighting.com\/\"},{\"@type\":\"ListItem\",\"position\":2,\"name\":\"FAQs\"}]},{\"@type\":\"WebSite\",\"@id\":\"https:\/\/old.luxificlighting.com\/#website\",\"url\":\"https:\/\/old.luxificlighting.com\/\",\"name\":\"LUXIFIC\",\"description\":\"\",\"potentialAction\":[{\"@type\":\"SearchAction\",\"target\":{\"@type\":\"EntryPoint\",\"urlTemplate\":\"https:\/\/old.luxificlighting.com\/?s={search_term_string}\"},\"query-input\":{\"@type\":\"PropertyValueSpecification\",\"valueRequired\":true,\"valueName\":\"search_term_string\"}}],\"inLanguage\":\"fr-FR\"}]}<\/script>\n<!-- \/ Yoast SEO plugin. -->","yoast_head_json":{"title":"FAQ - LUXIFIC","robots":{"index":"noindex","follow":"follow","max-snippet":"max-snippet:-1","max-image-preview":"max-image-preview:large","max-video-preview":"max-video-preview:-1"},"og_locale":"fr_FR","og_type":"article","og_title":"FAQs - LUXIFIC","og_url":"https:\/\/old.luxificlighting.com\/fr\/faqs\/","og_site_name":"LUXIFIC","article_modified_time":"2025-06-13T09:11:28+00:00","twitter_card":"summary_large_image","schema":{"@context":"https:\/\/schema.org","@graph":[{"@type":"WebPage","@id":"https:\/\/old.luxificlighting.com\/faqs\/","url":"https:\/\/old.luxificlighting.com\/faqs\/","name":"FAQ - LUXIFIC","isPartOf":{"@id":"https:\/\/old.luxificlighting.com\/#website"},"datePublished":"2023-09-05T01:35:52+00:00","dateModified":"2025-06-13T09:11:28+00:00","breadcrumb":{"@id":"https:\/\/old.luxificlighting.com\/faqs\/#breadcrumb"},"inLanguage":"fr-FR","potentialAction":[{"@type":"ReadAction","target":["https:\/\/old.luxificlighting.com\/faqs\/"]}]},{"@type":"BreadcrumbList","@id":"https:\/\/old.luxificlighting.com\/faqs\/#breadcrumb","itemListElement":[{"@type":"ListItem","position":1,"name":"Home","item":"https:\/\/old.luxificlighting.com\/"},{"@type":"ListItem","position":2,"name":"FAQs"}]},{"@type":"WebSite","@id":"https:\/\/old.luxificlighting.com\/#website","url":"https:\/\/old.luxificlighting.com\/","name":"LUXIFIQUE","description":"","potentialAction":[{"@type":"SearchAction","target":{"@type":"EntryPoint","urlTemplate":"https:\/\/old.luxificlighting.com\/?s={search_term_string}"},"query-input":{"@type":"PropertyValueSpecification","valueRequired":true,"valueName":"search_term_string"}}],"inLanguage":"fr-FR"}]}},"_links":{"self":[{"href":"https:\/\/old.luxificlighting.com\/fr\/wp-json\/wp\/v2\/pages\/4517","targetHints":{"allow":["GET"]}}],"collection":[{"href":"https:\/\/old.luxificlighting.com\/fr\/wp-json\/wp\/v2\/pages"}],"about":[{"href":"https:\/\/old.luxificlighting.com\/fr\/wp-json\/wp\/v2\/types\/page"}],"author":[{"embeddable":true,"href":"https:\/\/old.luxificlighting.com\/fr\/wp-json\/wp\/v2\/users\/15"}],"replies":[{"embeddable":true,"href":"https:\/\/old.luxificlighting.com\/fr\/wp-json\/wp\/v2\/comments?post=4517"}],"version-history":[{"count":21,"href":"https:\/\/old.luxificlighting.com\/fr\/wp-json\/wp\/v2\/pages\/4517\/revisions"}],"predecessor-version":[{"id":6156,"href":"https:\/\/old.luxificlighting.com\/fr\/wp-json\/wp\/v2\/pages\/4517\/revisions\/6156"}],"wp:attachment":[{"href":"https:\/\/old.luxificlighting.com\/fr\/wp-json\/wp\/v2\/media?parent=4517"}],"curies":[{"name":"wp","href":"https:\/\/api.w.org\/{rel}","templated":true}]}}