{"id":3064,"date":"2023-04-13T15:24:32","date_gmt":"2023-04-13T07:24:32","guid":{"rendered":"https:\/\/luxific.seowaimao.com\/?post_type=product&#038;p=3064"},"modified":"2025-03-27T10:34:19","modified_gmt":"2025-03-27T02:34:19","slug":"topaz","status":"publish","type":"product","link":"https:\/\/old.luxificlighting.com\/de\/produkt\/topaz\/","title":{"rendered":"Topas 8W-100W"},"content":{"rendered":"<section class=\"section\" id=\"section_992342488\">\n\t\t<div class=\"bg section-bg fill bg-fill  bg-loaded\" >\n\n\t\t\t\n\t\t\t\n\t\t\t\n\n\t\t<\/div>\n\n\t\t\n\n\t\t<div class=\"section-content relative\">\n\t\t\t\n<div class=\"row\"  id=\"row-1669834427\">\n\n\t<div id=\"col-1225812117\" class=\"col small-12 large-12\"  >\n\t\t\t\t<div class=\"col-inner\"  >\n\t\t\t\n\t\t\t\n<h2 style=\"text-align: center;\">Technologiespezifikationen<\/h2>\n<table class=\"aligncenter\" width=\"1241\">\n<tbody>\n<tr>\n<td width=\"233\">Modellname<\/td>\n<td width=\"468\">LEDS<\/td>\n<td width=\"92\">Leistung<br \/>\n(w)<\/td>\n<td width=\"130\">Energiefabrik<br \/>\nPF<\/td>\n<td width=\"117\">Max. Windlast<br \/>\nFl\u00e4che, SCD m2<\/td>\n<td width=\"129\">Installation<br \/>\nH\u00f6he (m)<\/td>\n<td width=\"72\">Gewicht (kg)<\/td>\n<\/tr>\n<tr>\n<td rowspan=\"4\" width=\"233\">TOPAS<\/td>\n<td width=\"468\">8<\/td>\n<td width=\"92\">\u00a0 8-20<\/td>\n<td rowspan=\"4\" width=\"130\">&gt;0,95<\/td>\n<td rowspan=\"4\" width=\"117\">0.33<\/td>\n<td width=\"129\">3-4<\/td>\n<td rowspan=\"4\" width=\"72\">6-10<\/td>\n<\/tr>\n<tr>\n<td width=\"468\">16<\/td>\n<td width=\"92\">\u00a020-30<\/td>\n<td width=\"129\">4-6<\/td>\n<\/tr>\n<tr>\n<td width=\"468\">24<\/td>\n<td width=\"92\">\u00a040-60<\/td>\n<td width=\"129\">6-8<\/td>\n<\/tr>\n<tr>\n<td width=\"468\">32<\/td>\n<td width=\"92\">40-100<\/td>\n<td width=\"129\">8-10<\/td>\n<\/tr>\n<\/tbody>\n<\/table>\n\t\t<\/div>\n\t\t\t\t\t<\/div>\n\n\t\n<\/div>\n\t\t<\/div>\n\n\t\t\n<style>\n#section_992342488 {\n  padding-top: 30px;\n  padding-bottom: 30px;\n}\n#section_992342488 .ux-shape-divider--top svg {\n  height: 150px;\n  --divider-top-width: 100%;\n}\n#section_992342488 .ux-shape-divider--bottom svg {\n  height: 150px;\n  --divider-width: 100%;\n}\n<\/style>\n\t<\/section>\n\t\n\t<section class=\"section\" id=\"section_1569173101\">\n\t\t<div class=\"bg section-bg fill bg-fill  bg-loaded\" >\n\n\t\t\t\n\t\t\t\n\t\t\t\n\n\t\t<\/div>\n\n\t\t\n\n\t\t<div class=\"section-content relative\">\n\t\t\t\n<div class=\"row\"  id=\"row-393935308\">\n\n\t<div id=\"col-87124357\" class=\"col small-12 large-12\"  >\n\t\t\t\t<div class=\"col-inner\"  >\n\t\t\t\n\t\t\t\n<h2 style=\"text-align: center;\">Allgemeine Informationen<\/h2>\n<table width=\"701\">\n<tbody>\n<tr>\n<td width=\"233\">K\u00f6rper:<\/td>\n<td width=\"468\">Aluminiumdruckguss und Dichtung sind best\u00e4ndig gegen UV-Strahlung der Sonne.<\/td>\n<\/tr>\n<tr>\n<td>Optisches System:<\/td>\n<td>Reflektor aus eloxiertem Aluminium und Diffusor aus PC\/PMMA.<\/td>\n<\/tr>\n<tr>\n<td>Elektrisch:<\/td>\n<td>Schneller Ein-\/Aus-Anschluss, wenn ge\u00f6ffnet.<\/td>\n<\/tr>\n<tr>\n<td>Fertigstellung:<\/td>\n<td>Elektrostatische Anti-Aging-Spr\u00fchbehandlung der Oberfl\u00e4che.<\/td>\n<\/tr>\n<tr>\n<td>Lebensdauer (Std.):<\/td>\n<td>&gt;100000 Stunden<\/td>\n<\/tr>\n<tr>\n<td>Festsetzung:<\/td>\n<td>060 mm\/076 mm.<\/td>\n<\/tr>\n<tr>\n<td>Umgebungsbedingungen:<\/td>\n<td>-40 \u2103 bis +55 \u2103<\/td>\n<\/tr>\n<tr>\n<td>Farbtemperatur:<\/td>\n<td>2200K-6500K<\/td>\n<\/tr>\n<tr>\n<td>Steuereing\u00e4nge:<\/td>\n<td>DALI, O-10V, Astro Dim, Stufendim<\/td>\n<\/tr>\n<tr>\n<td>Klasse:<\/td>\n<td>Klasse I, Klasse II<\/td>\n<\/tr>\n<tr>\n<td>IP-Bewertung:<\/td>\n<td>IP66<\/td>\n<\/tr>\n<tr>\n<td>Optionen:<\/td>\n<td>Fotozelle, NEMA-Buchse, Zhaga<\/td>\n<\/tr>\n<tr>\n<td>Zertifikat:<\/td>\n<td>CB, CE, EMC, TM21, LM79, IEC62471 usw.<\/td>\n<\/tr>\n<\/tbody>\n<\/table>\n\t\t<\/div>\n\t\t\t\t\t<\/div>\n\n\t\n<\/div>\n\t\t<\/div>\n\n\t\t\n<style>\n#section_1569173101 {\n  padding-top: 30px;\n  padding-bottom: 30px;\n}\n#section_1569173101 .ux-shape-divider--top svg {\n  height: 150px;\n  --divider-top-width: 100%;\n}\n#section_1569173101 .ux-shape-divider--bottom svg {\n  height: 150px;\n  --divider-width: 100%;\n}\n<\/style>\n\t<\/section>\n\t\n\t<section class=\"section\" id=\"section_1414047862\">\n\t\t<div class=\"bg section-bg fill bg-fill  bg-loaded\" >\n\n\t\t\t\n\t\t\t\n\t\t\t\n\n\t\t<\/div>\n\n\t\t\n\n\t\t<div class=\"section-content relative\">\n\t\t\t\n<p>Ma\u00dfe<\/p>\n<div class=\"row\"  id=\"row-139191970\">\n\n\t<div id=\"col-1706923512\" class=\"col small-12 large-12\"  >\n\t\t\t\t<div class=\"col-inner\"  >\n\t\t\t\n\t\t\t\n<div class=\"row\"  id=\"row-32079080\">\n\n\t<div id=\"col-220745467\" class=\"col small-12 large-12\"  >\n\t\t\t\t<div class=\"col-inner text-center\"  >\n\t\t\t\n\t\t\t\n<div class=\"row\"  id=\"row-1470376228\">\n\n\t<div id=\"col-1419688432\" class=\"col medium-4 small-12 large-4\"  >\n\t\t\t\t<div class=\"col-inner\"  >\n\t\t\t\n\t\t\t\n\t\t<\/div>\n\t\t\t\t\t<\/div>\n\n\t\n\n\t<div id=\"col-709198057\" class=\"col medium-4 small-12 large-4\"  >\n\t\t\t\t<div class=\"col-inner\"  >\n\t\t\t\n\t\t\t\n\t<div class=\"img has-hover x md-x lg-x y md-y lg-y\" id=\"image_2125928069\">\n\t\t\t\t\t\t\t\t<div class=\"img-inner dark\" >\n\t\t\t<img loading=\"lazy\" decoding=\"async\" width=\"346\" height=\"552\" src=\"https:\/\/old.luxificlighting.com\/wp-content\/uploads\/2023\/05\/topaz-d.jpg\" class=\"attachment-large size-large\" alt=\"\" srcset=\"https:\/\/old.luxificlighting.com\/wp-content\/uploads\/2023\/05\/topaz-d.jpg 346w, https:\/\/old.luxificlighting.com\/wp-content\/uploads\/2023\/05\/topaz-d-188x300.jpg 188w\" sizes=\"auto, (max-width: 346px) 100vw, 346px\" \/>\t\t\t\t\t\t\n\t\t\t\t\t<\/div>\n\t\t\t\t\t\t\t\t\n<style>\n#image_2125928069 {\n  width: 100%;\n}\n<\/style>\n\t<\/div>\n\t\n\t\t<\/div>\n\t\t\t\t\t<\/div>\n\n\t\n\n\t<div id=\"col-360743945\" class=\"col medium-4 small-12 large-4\"  >\n\t\t\t\t<div class=\"col-inner\"  >\n\t\t\t\n\t\t\t\n\t\t<\/div>\n\t\t\t\t\t<\/div>\n\n\t\n<\/div>\n\t\t<\/div>\n\t\t\t\t\t<\/div>\n\n\t\n<\/div>\n\t\t<\/div>\n\t\t\t\t\t<\/div>\n\n\t\n<\/div>\n\t\t<\/div>\n\n\t\t\n<style>\n#section_1414047862 {\n  padding-top: 30px;\n  padding-bottom: 30px;\n}\n#section_1414047862 .ux-shape-divider--top svg {\n  height: 150px;\n  --divider-top-width: 100%;\n}\n#section_1414047862 .ux-shape-divider--bottom svg {\n  height: 150px;\n  --divider-width: 100%;\n}\n<\/style>\n\t<\/section>\n\t\n\t<section class=\"section\" id=\"section_119933029\">\n\t\t<div class=\"bg section-bg fill bg-fill  bg-loaded\" >\n\n\t\t\t\n\t\t\t\n\t\t\t\n\n\t\t<\/div>\n\n\t\t\n\n\t\t<div class=\"section-content relative\">\n\t\t\t\n<div class=\"row\"  id=\"row-1721942085\">\n\n\t<div id=\"col-290936681\" class=\"col small-12 large-12\"  >\n\t\t\t\t<div class=\"col-inner\"  >\n\t\t\t\n\t\t\t\n<h2 style=\"text-align: center;\">Optische Anwendung<\/h2>\n<div class=\"row\"  id=\"row-1155269257\">\n\n\t<div id=\"col-367345412\" class=\"col medium-4 small-12 large-4\"  >\n\t\t\t\t<div class=\"col-inner\"  >\n\t\t\t\n\t\t\t\n\t<div class=\"img has-hover x md-x lg-x y md-y lg-y\" id=\"image_1090629242\">\n\t\t\t\t\t\t\t\t<div class=\"img-inner dark\" >\n\t\t\t<img loading=\"lazy\" decoding=\"async\" width=\"520\" height=\"520\" src=\"https:\/\/old.luxificlighting.com\/wp-content\/uploads\/2023\/05\/topaz-t2.jpg\" class=\"attachment-large size-large\" alt=\"\" srcset=\"https:\/\/old.luxificlighting.com\/wp-content\/uploads\/2023\/05\/topaz-t2.jpg 520w, https:\/\/old.luxificlighting.com\/wp-content\/uploads\/2023\/05\/topaz-t2-300x300.jpg 300w, https:\/\/old.luxificlighting.com\/wp-content\/uploads\/2023\/05\/topaz-t2-80x80.jpg 80w, https:\/\/old.luxificlighting.com\/wp-content\/uploads\/2023\/05\/topaz-t2-500x500.jpg 500w, https:\/\/old.luxificlighting.com\/wp-content\/uploads\/2023\/05\/topaz-t2-100x100.jpg 100w\" sizes=\"auto, (max-width: 520px) 100vw, 520px\" \/>\t\t\t\t\t\t\n\t\t\t\t\t<\/div>\n\t\t\t\t\t\t\t\t\n<style>\n#image_1090629242 {\n  width: 100%;\n}\n<\/style>\n\t<\/div>\n\t\n\t\t<\/div>\n\t\t\t\t\t<\/div>\n\n\t\n\n\t<div id=\"col-379318305\" class=\"col medium-4 small-12 large-4\"  >\n\t\t\t\t<div class=\"col-inner\"  >\n\t\t\t\n\t\t\t\n\t<div class=\"img has-hover x md-x lg-x y md-y lg-y\" id=\"image_1034749248\">\n\t\t\t\t\t\t\t\t<div class=\"img-inner dark\" >\n\t\t\t<img loading=\"lazy\" decoding=\"async\" width=\"520\" height=\"520\" src=\"https:\/\/old.luxificlighting.com\/wp-content\/uploads\/2023\/05\/topaz-t3.jpg\" class=\"attachment-large size-large\" alt=\"\" srcset=\"https:\/\/old.luxificlighting.com\/wp-content\/uploads\/2023\/05\/topaz-t3.jpg 520w, https:\/\/old.luxificlighting.com\/wp-content\/uploads\/2023\/05\/topaz-t3-300x300.jpg 300w, https:\/\/old.luxificlighting.com\/wp-content\/uploads\/2023\/05\/topaz-t3-80x80.jpg 80w, https:\/\/old.luxificlighting.com\/wp-content\/uploads\/2023\/05\/topaz-t3-500x500.jpg 500w, https:\/\/old.luxificlighting.com\/wp-content\/uploads\/2023\/05\/topaz-t3-100x100.jpg 100w\" sizes=\"auto, (max-width: 520px) 100vw, 520px\" \/>\t\t\t\t\t\t\n\t\t\t\t\t<\/div>\n\t\t\t\t\t\t\t\t\n<style>\n#image_1034749248 {\n  width: 100%;\n}\n<\/style>\n\t<\/div>\n\t\n\t\t<\/div>\n\t\t\t\t\t<\/div>\n\n\t\n\n\t<div id=\"col-1824386452\" class=\"col medium-4 small-12 large-4\"  >\n\t\t\t\t<div class=\"col-inner\"  >\n\t\t\t\n\t\t\t\n\t<div class=\"img has-hover x md-x lg-x y md-y lg-y\" id=\"image_2120573479\">\n\t\t\t\t\t\t\t\t<div class=\"img-inner dark\" >\n\t\t\t<img loading=\"lazy\" decoding=\"async\" width=\"520\" height=\"520\" src=\"https:\/\/old.luxificlighting.com\/wp-content\/uploads\/2023\/05\/topaz-t4.jpg\" class=\"attachment-large size-large\" alt=\"\" srcset=\"https:\/\/old.luxificlighting.com\/wp-content\/uploads\/2023\/05\/topaz-t4.jpg 520w, https:\/\/old.luxificlighting.com\/wp-content\/uploads\/2023\/05\/topaz-t4-300x300.jpg 300w, https:\/\/old.luxificlighting.com\/wp-content\/uploads\/2023\/05\/topaz-t4-80x80.jpg 80w, https:\/\/old.luxificlighting.com\/wp-content\/uploads\/2023\/05\/topaz-t4-500x500.jpg 500w, https:\/\/old.luxificlighting.com\/wp-content\/uploads\/2023\/05\/topaz-t4-100x100.jpg 100w\" sizes=\"auto, (max-width: 520px) 100vw, 520px\" \/>\t\t\t\t\t\t\n\t\t\t\t\t<\/div>\n\t\t\t\t\t\t\t\t\n<style>\n#image_2120573479 {\n  width: 100%;\n}\n<\/style>\n\t<\/div>\n\t\n\t\t<\/div>\n\t\t\t\t\t<\/div>\n\n\t\n<\/div>\n\t\t<\/div>\n\t\t\t\t\t<\/div>\n\n\t\n<\/div>\n\t\t<\/div>\n\n\t\t\n<style>\n#section_119933029 {\n  padding-top: 30px;\n  padding-bottom: 30px;\n}\n#section_119933029 .ux-shape-divider--top svg {\n  height: 150px;\n  --divider-top-width: 100%;\n}\n#section_119933029 .ux-shape-divider--bottom svg {\n  height: 150px;\n  --divider-width: 100%;\n}\n<\/style>\n\t<\/section>\n\t\n\t<section class=\"section\" id=\"section_1842746674\">\n\t\t<div class=\"bg section-bg fill bg-fill  bg-loaded\" >\n\n\t\t\t\n\t\t\t\n\t\t\t\n\n\t\t<\/div>\n\n\t\t\n\n\t\t<div class=\"section-content relative\">\n\t\t\t\n<div class=\"row\"  id=\"row-2049051425\">\n\n\t<div id=\"col-1380258627\" class=\"col small-12 large-12\"  >\n\t\t\t\t<div class=\"col-inner\"  >\n\t\t\t\n\t\t\t\n\t<div id=\"text-1165989211\" class=\"text\">\n\t\t\n<h2 style=\"text-align: center;\">Dokumentationen<\/h2>\n\t\t\n<style>\n#text-1165989211 {\n  text-align: center;\n}\n<\/style>\n\t<\/div>\n\t\n\t<div id=\"gap-1150877665\" class=\"gap-element clearfix\" style=\"display:block; height:auto;\">\n\t\t\n<style>\n#gap-1150877665 {\n  padding-top: 36px;\n}\n<\/style>\n\t<\/div>\n\t\n\t\t<\/div>\n\t\t\t\t\t<\/div>\n\n\t\n<\/div>\n<div class=\"row align-equal align-center\"  id=\"row-2047274791\">\n\n\t<div id=\"col-2099523164\" class=\"col medium-4 small-12 large-4\"  >\n\t\t\t\t<div class=\"col-inner box-shadow-1\"  >\n\t\t\t\n\t\t\t\n<div class=\"row row-collapse align-equal align-center\"  id=\"row-1080290762\">\n\n\t<div id=\"col-1840515373\" class=\"col small-12 large-12\"  >\n\t\t\t\t<div class=\"col-inner text-center dark\" style=\"background-color:rgb(20, 184, 166);\" >\n\t\t\t\n\t<div class=\"is-border\"\n\t\tstyle=\"border-color:rgb(255, 255, 255);border-width:0px 0px 10px 0px;\">\n\t<\/div>\n\t\t\t\n<p>Anweisung<\/p>\n<p>Anleitung installieren<\/p>\n\t\t<\/div>\n\t\t\t\t\n<style>\n#col-1840515373 > .col-inner {\n  padding: 24px 0px 24px 0px;\n  border-radius: 8px;\n}\n<\/style>\n\t<\/div>\n\n\t\n<\/div>\n<div class=\"row row-collapse\"  id=\"row-614829614\">\n\n\t<div id=\"col-351855836\" class=\"col small-12 large-12\"  >\n\t\t\t\t<div class=\"col-inner text-center\"  >\n\t\t\t\n\t\t\t\n<a class=\"button primary is-outline is-large expand\"  >\n    <span>Herunterladen<\/span>\n  <\/a>\n\n\t\t<\/div>\n\t\t\t\t\n<style>\n#col-351855836 > .col-inner {\n  margin: 16px 0px 16px 0px;\n}\n<\/style>\n\t<\/div>\n\n\t\n\n<style>\n#row-614829614 > .col > .col-inner {\n  padding: 0px 30px 0px 30px;\n}\n@media (min-width:550px) {\n  #row-614829614 > .col > .col-inner {\n    padding: 0px 20px 0px 20px;\n  }\n}\n@media (min-width:850px) {\n  #row-614829614 > .col > .col-inner {\n    padding: 0px 40px 0px 40px;\n  }\n}\n<\/style>\n<\/div>\n\t\t<\/div>\n\t\t\t\t\n<style>\n#col-2099523164 > .col-inner {\n  margin: 16px 0px 16px 0px;\n  border-radius: 10px;\n}\n<\/style>\n\t<\/div>\n\n\t\n\n\t<div id=\"col-144353849\" class=\"col medium-4 small-12 large-4\"  >\n\t\t\t\t<div class=\"col-inner box-shadow-1\"  >\n\t\t\t\n\t\t\t\n<div class=\"row row-collapse align-equal align-center\"  id=\"row-1507484544\">\n\n\t<div id=\"col-1166994670\" class=\"col small-12 large-12\"  >\n\t\t\t\t<div class=\"col-inner text-center dark\" style=\"background-color:rgb(20, 184, 166);\" >\n\t\t\t\n\t<div class=\"is-border\"\n\t\tstyle=\"border-color:rgb(255, 255, 255);border-width:0px 0px 10px 0px;\">\n\t<\/div>\n\t\t\t\n<p>Zertifikat<\/p>\n<p>CB<\/p>\n\t\t<\/div>\n\t\t\t\t\n<style>\n#col-1166994670 > .col-inner {\n  padding: 24px 0px 24px 0px;\n  border-radius: 10px;\n}\n<\/style>\n\t<\/div>\n\n\t\n<\/div>\n<div class=\"row row-collapse\"  id=\"row-166272901\">\n\n\t<div id=\"col-1369397528\" class=\"col small-12 large-12\"  >\n\t\t\t\t<div class=\"col-inner text-center\"  >\n\t\t\t\n\t\t\t\n<a class=\"button primary is-outline expand\"  >\n    <span>Herunterladen<\/span>\n  <\/a>\n\n\t\t<\/div>\n\t\t\t\t\n<style>\n#col-1369397528 > .col-inner {\n  margin: 16px 0px 0px 0px;\n}\n<\/style>\n\t<\/div>\n\n\t\n\n<style>\n#row-166272901 > .col > .col-inner {\n  padding: 0px 30px 0px 30px;\n}\n@media (min-width:550px) {\n  #row-166272901 > .col > .col-inner {\n    padding: 0px 20px 0px 20px;\n  }\n}\n@media (min-width:850px) {\n  #row-166272901 > .col > .col-inner {\n    padding: 0px 40px 0px 40px;\n  }\n}\n<\/style>\n<\/div>\n\t\t<\/div>\n\t\t\t\t\n<style>\n#col-144353849 > .col-inner {\n  margin: 16px 0px 16px 0px;\n  border-radius: 8px;\n}\n<\/style>\n\t<\/div>\n\n\t\n\n\t<div id=\"col-1902962627\" class=\"col medium-4 small-12 large-4\"  >\n\t\t\t\t<div class=\"col-inner box-shadow-1\"  >\n\t\t\t\n\t\t\t\n<div class=\"row row-collapse align-equal align-center\"  id=\"row-774186402\">\n\n\t<div id=\"col-346391766\" class=\"col small-12 large-12\"  >\n\t\t\t\t<div class=\"col-inner text-center dark\" style=\"background-color:#14b8a6;\" >\n\t\t\t\n\t<div class=\"is-border\"\n\t\tstyle=\"border-color:rgb(255, 255, 255);border-width:0px 0px 10px 0px;\">\n\t<\/div>\n\t\t\t\n<p>Zertifikat<\/p>\n<p>ENEC<\/p>\n\t\t<\/div>\n\t\t\t\t\n<style>\n#col-346391766 > .col-inner {\n  padding: 24px 0px 24px 0px;\n  border-radius: 8px;\n}\n<\/style>\n\t<\/div>\n\n\t\n<\/div>\n<div class=\"row row-collapse\"  id=\"row-248051231\">\n\n\t<div id=\"col-1497849229\" class=\"col small-12 large-12\"  >\n\t\t\t\t<div class=\"col-inner text-center\"  >\n\t\t\t\n\t\t\t\n<a class=\"button primary is-outline is-large expand\"  >\n    <span>Herunterladen<\/span>\n  <\/a>\n\n\t\t<\/div>\n\t\t\t\t\n<style>\n#col-1497849229 > .col-inner {\n  margin: 16px 0px 0px 0px;\n}\n<\/style>\n\t<\/div>\n\n\t\n\n<style>\n#row-248051231 > .col > .col-inner {\n  padding: 0px 30px 0px 30px;\n}\n@media (min-width:550px) {\n  #row-248051231 > .col > .col-inner {\n    padding: 0px 20px 0px 20px;\n  }\n}\n@media (min-width:850px) {\n  #row-248051231 > .col > .col-inner {\n    padding: 0px 40px 0px 40px;\n  }\n}\n<\/style>\n<\/div>\n\t\t<\/div>\n\t\t\t\t\n<style>\n#col-1902962627 > .col-inner {\n  margin: 16px 0px 16px 0px;\n  border-radius: 10px;\n}\n<\/style>\n\t<\/div>\n\n\t\n\n<style>\n#row-2047274791 > .col > .col-inner {\n  background-color: rgb(255,255,255);\n}\n<\/style>\n<\/div>\n\t\t<\/div>\n\n\t\t\n<style>\n#section_1842746674 {\n  padding-top: 48px;\n  padding-bottom: 48px;\n}\n#section_1842746674 .ux-shape-divider--top svg {\n  height: 150px;\n  --divider-top-width: 100%;\n}\n#section_1842746674 .ux-shape-divider--bottom svg {\n  height: 150px;\n  --divider-width: 100%;\n}\n<\/style>\n\t<\/section>\n\t\n\t<section class=\"section dark\" id=\"section_868620272\">\n\t\t<div class=\"bg section-bg fill bg-fill  bg-loaded\" >\n\n\t\t\t\n\t\t\t\n\t\t\t\n\n\t\t<\/div>\n\n\t\t\n\n\t\t<div class=\"section-content relative\">\n\t\t\t\n\n<div class=\"row row-small align-center\"  id=\"row-1465462172\">\n\n\n\t<div id=\"col-1904385587\" class=\"col small-12 large-12\"  >\n\t\t\t\t<div class=\"col-inner text-center dark\" style=\"background-color:rgb(250, 250, 249);\" >\n\t\t\t\n\t\t\t\n\n\t<div id=\"text-1851874541\" class=\"text\">\n\t\t\n\n<h3>Schnelle Anfrage<\/h3>\n<p>Bitte kontaktieren Sie uns f\u00fcr weitere Produktinformationen!<\/p>\n\t\t\n<style>\n#text-1851874541 {\n  color: rgb(23, 23, 23);\n}\n#text-1851874541 > * {\n  color: rgb(23, 23, 23);\n}\n<\/style>\n\t<\/div>\n\t\n<a href=\"#is-pop\" target=\"_self\" class=\"button primary\"  style=\"border-radius:8px;padding:4px 49px 4px 48px;\">\n    <span>Gehen Sie zu Kontakt<\/span>\n  <\/a>\n\n\n\n\t\t<\/div>\n\t\t\t\t\n<style>\n#col-1904385587 > .col-inner {\n  padding: 36px 0px 36px 0px;\n  border-radius: 16px;\n}\n<\/style>\n\t<\/div>\n\n\t\n\n<\/div>\n\n\t\t<\/div>\n\n\t\t\n<style>\n#section_868620272 {\n  padding-top: 30px;\n  padding-bottom: 30px;\n  background-color: rgb(255,255,255);\n}\n#section_868620272 .ux-shape-divider--top svg {\n  height: 150px;\n  --divider-top-width: 100%;\n}\n#section_868620272 .ux-shape-divider--bottom svg {\n  height: 150px;\n  --divider-width: 100%;\n}\n<\/style>\n\t<\/section>","protected":false},"excerpt":{"rendered":"<p>The Topaz series is a versatile and energy-efficient LED garden light. With a power range of 8W to 100W, it\u2019s perfect for pathways, garden borders, and outdoor seating areas. Luxific, a trusted LED garden lights manufacturer, ensures that the Topaz series combines durability, energy efficiency, and a timeless design. This makes it a reliable choice for any outdoor lighting project.<\/p>\n<p>Applications:<\/p>\n<ul>\n<li>Pathways and garden borders<\/li>\n<li>Outdoor seating and dining areas<\/li>\n<li>Residential and commercial landscapes<\/li>\n<\/ul>","protected":false},"featured_media":3249,"comment_status":"closed","ping_status":"closed","template":"","meta":[],"product_brand":[],"product_cat":[61],"product_tag":[],"class_list":{"0":"post-3064","1":"product","2":"type-product","3":"status-publish","4":"has-post-thumbnail","6":"product_cat-led-graden-light","8":"first","9":"instock","10":"shipping-taxable","11":"product-type-simple"},"yoast_head":"<!-- This site is optimized with the Yoast SEO plugin v25.3 - https:\/\/yoast.com\/wordpress\/plugins\/seo\/ -->\n<title>Topaz 8W-100W Outdoor Garden Light<\/title>\n<meta name=\"description\" content=\"Topaz outdoor garden lights illuminate your outdoor space with style and durability. Shop now and enhance your outdoor living experience!\" \/>\n<meta name=\"robots\" content=\"noindex, follow, max-snippet:-1, max-image-preview:large, max-video-preview:-1\" \/>\n<meta property=\"og:locale\" content=\"de_DE\" \/>\n<meta property=\"og:type\" content=\"article\" \/>\n<meta property=\"og:title\" content=\"Topaz 8W-100W Outdoor Garden Light\" \/>\n<meta property=\"og:description\" content=\"Topaz outdoor garden lights illuminate your outdoor space with style and durability. Shop now and enhance your outdoor living experience!\" \/>\n<meta property=\"og:url\" content=\"https:\/\/old.luxificlighting.com\/de\/produkt\/topaz\/\" \/>\n<meta property=\"og:site_name\" content=\"LUXIFIC\" \/>\n<meta property=\"article:modified_time\" content=\"2025-03-27T02:34:19+00:00\" \/>\n<meta property=\"og:image\" content=\"https:\/\/old.luxificlighting.com\/wp-content\/uploads\/2023\/04\/TOPAZ-3.png\" \/>\n\t<meta property=\"og:image:width\" content=\"800\" \/>\n\t<meta property=\"og:image:height\" content=\"600\" \/>\n\t<meta property=\"og:image:type\" content=\"image\/png\" \/>\n<meta name=\"twitter:card\" content=\"summary_large_image\" \/>\n<meta name=\"twitter:label1\" content=\"Gesch\u00e4tzte Lesezeit\" \/>\n\t<meta name=\"twitter:data1\" content=\"2\u00a0Minuten\" \/>\n<script type=\"application\/ld+json\" class=\"yoast-schema-graph\">{\"@context\":\"https:\/\/schema.org\",\"@graph\":[{\"@type\":\"WebPage\",\"@id\":\"https:\/\/old.luxificlighting.com\/product\/topaz\/\",\"url\":\"https:\/\/old.luxificlighting.com\/product\/topaz\/\",\"name\":\"Topaz 8W-100W Outdoor Garden Light\",\"isPartOf\":{\"@id\":\"https:\/\/old.luxificlighting.com\/#website\"},\"primaryImageOfPage\":{\"@id\":\"https:\/\/old.luxificlighting.com\/product\/topaz\/#primaryimage\"},\"image\":{\"@id\":\"https:\/\/old.luxificlighting.com\/product\/topaz\/#primaryimage\"},\"thumbnailUrl\":\"https:\/\/old.luxificlighting.com\/wp-content\/uploads\/2023\/04\/TOPAZ-3.png\",\"datePublished\":\"2023-04-13T07:24:32+00:00\",\"dateModified\":\"2025-03-27T02:34:19+00:00\",\"description\":\"Topaz outdoor garden lights illuminate your outdoor space with style and durability. Shop now and enhance your outdoor living experience!\",\"breadcrumb\":{\"@id\":\"https:\/\/old.luxificlighting.com\/product\/topaz\/#breadcrumb\"},\"inLanguage\":\"de\",\"potentialAction\":[{\"@type\":\"ReadAction\",\"target\":[\"https:\/\/old.luxificlighting.com\/product\/topaz\/\"]}]},{\"@type\":\"ImageObject\",\"inLanguage\":\"de\",\"@id\":\"https:\/\/old.luxificlighting.com\/product\/topaz\/#primaryimage\",\"url\":\"https:\/\/old.luxificlighting.com\/wp-content\/uploads\/2023\/04\/TOPAZ-3.png\",\"contentUrl\":\"https:\/\/old.luxificlighting.com\/wp-content\/uploads\/2023\/04\/TOPAZ-3.png\",\"width\":800,\"height\":600},{\"@type\":\"BreadcrumbList\",\"@id\":\"https:\/\/old.luxificlighting.com\/product\/topaz\/#breadcrumb\",\"itemListElement\":[{\"@type\":\"ListItem\",\"position\":1,\"name\":\"Home\",\"item\":\"https:\/\/old.luxificlighting.com\/\"},{\"@type\":\"ListItem\",\"position\":2,\"name\":\"Products\",\"item\":\"https:\/\/old.luxificlighting.com\/products\/\"},{\"@type\":\"ListItem\",\"position\":3,\"name\":\"Topaz 8W-100W\"}]},{\"@type\":\"WebSite\",\"@id\":\"https:\/\/old.luxificlighting.com\/#website\",\"url\":\"https:\/\/old.luxificlighting.com\/\",\"name\":\"LUXIFIC\",\"description\":\"\",\"potentialAction\":[{\"@type\":\"SearchAction\",\"target\":{\"@type\":\"EntryPoint\",\"urlTemplate\":\"https:\/\/old.luxificlighting.com\/?s={search_term_string}\"},\"query-input\":{\"@type\":\"PropertyValueSpecification\",\"valueRequired\":true,\"valueName\":\"search_term_string\"}}],\"inLanguage\":\"de\"}]}<\/script>\n<!-- \/ Yoast SEO plugin. -->","yoast_head_json":{"title":"Topaz 8W-100W Gartenleuchte f\u00fcr den Au\u00dfenbereich","description":"Topaz-Gartenleuchten f\u00fcr den Au\u00dfenbereich beleuchten Ihren Au\u00dfenbereich mit Stil und Langlebigkeit. Kaufen Sie jetzt ein und verbessern Sie Ihr Wohnerlebnis im Freien!","robots":{"index":"noindex","follow":"follow","max-snippet":"max-snippet:-1","max-image-preview":"max-image-preview:large","max-video-preview":"max-video-preview:-1"},"og_locale":"de_DE","og_type":"article","og_title":"Topaz 8W-100W Outdoor Garden Light","og_description":"Topaz outdoor garden lights illuminate your outdoor space with style and durability. Shop now and enhance your outdoor living experience!","og_url":"https:\/\/old.luxificlighting.com\/de\/produkt\/topaz\/","og_site_name":"LUXIFIC","article_modified_time":"2025-03-27T02:34:19+00:00","og_image":[{"width":800,"height":600,"url":"https:\/\/old.luxificlighting.com\/wp-content\/uploads\/2023\/04\/TOPAZ-3.png","type":"image\/png"}],"twitter_card":"summary_large_image","twitter_misc":{"Gesch\u00e4tzte Lesezeit":"2\u00a0Minuten"},"schema":{"@context":"https:\/\/schema.org","@graph":[{"@type":"WebPage","@id":"https:\/\/old.luxificlighting.com\/product\/topaz\/","url":"https:\/\/old.luxificlighting.com\/product\/topaz\/","name":"Topaz 8W-100W Gartenleuchte f\u00fcr den Au\u00dfenbereich","isPartOf":{"@id":"https:\/\/old.luxificlighting.com\/#website"},"primaryImageOfPage":{"@id":"https:\/\/old.luxificlighting.com\/product\/topaz\/#primaryimage"},"image":{"@id":"https:\/\/old.luxificlighting.com\/product\/topaz\/#primaryimage"},"thumbnailUrl":"https:\/\/old.luxificlighting.com\/wp-content\/uploads\/2023\/04\/TOPAZ-3.png","datePublished":"2023-04-13T07:24:32+00:00","dateModified":"2025-03-27T02:34:19+00:00","description":"Topaz-Gartenleuchten f\u00fcr den Au\u00dfenbereich beleuchten Ihren Au\u00dfenbereich mit Stil und Langlebigkeit. Kaufen Sie jetzt ein und verbessern Sie Ihr Wohnerlebnis im Freien!","breadcrumb":{"@id":"https:\/\/old.luxificlighting.com\/product\/topaz\/#breadcrumb"},"inLanguage":"de","potentialAction":[{"@type":"ReadAction","target":["https:\/\/old.luxificlighting.com\/product\/topaz\/"]}]},{"@type":"ImageObject","inLanguage":"de","@id":"https:\/\/old.luxificlighting.com\/product\/topaz\/#primaryimage","url":"https:\/\/old.luxificlighting.com\/wp-content\/uploads\/2023\/04\/TOPAZ-3.png","contentUrl":"https:\/\/old.luxificlighting.com\/wp-content\/uploads\/2023\/04\/TOPAZ-3.png","width":800,"height":600},{"@type":"BreadcrumbList","@id":"https:\/\/old.luxificlighting.com\/product\/topaz\/#breadcrumb","itemListElement":[{"@type":"ListItem","position":1,"name":"Home","item":"https:\/\/old.luxificlighting.com\/"},{"@type":"ListItem","position":2,"name":"Products","item":"https:\/\/old.luxificlighting.com\/products\/"},{"@type":"ListItem","position":3,"name":"Topaz 8W-100W"}]},{"@type":"WebSite","@id":"https:\/\/old.luxificlighting.com\/#website","url":"https:\/\/old.luxificlighting.com\/","name":"Luxuri\u00f6s","description":"","potentialAction":[{"@type":"SearchAction","target":{"@type":"EntryPoint","urlTemplate":"https:\/\/old.luxificlighting.com\/?s={search_term_string}"},"query-input":{"@type":"PropertyValueSpecification","valueRequired":true,"valueName":"search_term_string"}}],"inLanguage":"de"}]}},"_links":{"self":[{"href":"https:\/\/old.luxificlighting.com\/de\/wp-json\/wp\/v2\/product\/3064","targetHints":{"allow":["GET"]}}],"collection":[{"href":"https:\/\/old.luxificlighting.com\/de\/wp-json\/wp\/v2\/product"}],"about":[{"href":"https:\/\/old.luxificlighting.com\/de\/wp-json\/wp\/v2\/types\/product"}],"replies":[{"embeddable":true,"href":"https:\/\/old.luxificlighting.com\/de\/wp-json\/wp\/v2\/comments?post=3064"}],"wp:featuredmedia":[{"embeddable":true,"href":"https:\/\/old.luxificlighting.com\/de\/wp-json\/wp\/v2\/media\/3249"}],"wp:attachment":[{"href":"https:\/\/old.luxificlighting.com\/de\/wp-json\/wp\/v2\/media?parent=3064"}],"wp:term":[{"taxonomy":"product_brand","embeddable":true,"href":"https:\/\/old.luxificlighting.com\/de\/wp-json\/wp\/v2\/product_brand?post=3064"},{"taxonomy":"product_cat","embeddable":true,"href":"https:\/\/old.luxificlighting.com\/de\/wp-json\/wp\/v2\/product_cat?post=3064"},{"taxonomy":"product_tag","embeddable":true,"href":"https:\/\/old.luxificlighting.com\/de\/wp-json\/wp\/v2\/product_tag?post=3064"}],"curies":[{"name":"wp","href":"https:\/\/api.w.org\/{rel}","templated":true}]}}