{"id":3061,"date":"2023-04-13T15:23:08","date_gmt":"2023-04-13T07:23:08","guid":{"rendered":"https:\/\/luxific.seowaimao.com\/?post_type=product&#038;p=3061"},"modified":"2025-03-27T08:24:17","modified_gmt":"2025-03-27T00:24:17","slug":"keira","status":"publish","type":"product","link":"https:\/\/old.luxificlighting.com\/de\/produkt\/keira\/","title":{"rendered":"Keira 20W-100W"},"content":{"rendered":"<section class=\"section\" id=\"section_1268835767\">\n\t\t<div class=\"bg section-bg fill bg-fill  bg-loaded\" >\n\n\t\t\t\n\t\t\t\n\t\t\t\n\n\t\t<\/div>\n\n\t\t\n\n\t\t<div class=\"section-content relative\">\n\t\t\t\n<div class=\"row\"  id=\"row-72223065\">\n\n\t<div id=\"col-462751264\" class=\"col small-12 large-12\"  >\n\t\t\t\t<div class=\"col-inner\"  >\n\t\t\t\n\t\t\t\n<h2 style=\"text-align: center;\">Technologiespezifikationen<\/h2>\n<table class=\"aligncenter\" width=\"1212\">\n<tbody>\n<tr>\n<td width=\"168\">Modell<br \/>\nName<\/td>\n<td width=\"342\">LEDs<\/td>\n<td width=\"92\">Leistung<br \/>\n(W)<\/td>\n<td width=\"130\">PF<\/td>\n<td width=\"117\">Max. Wind<br \/>\nLadefl\u00e4che<\/td>\n<td width=\"129\">Paket Gr\u00f6\u00dfe<br \/>\n(mm)<\/td>\n<td width=\"72\">Gewicht<br \/>\n(kg)<\/td>\n<td width=\"90\">St\u00fcck\/40HQ<\/td>\n<td width=\"72\">Stk.\/20 Fu\u00df<\/td>\n<\/tr>\n<tr>\n<td rowspan=\"3\" width=\"168\">KERIA<\/td>\n<td width=\"342\">16<\/td>\n<td width=\"92\">20-50<\/td>\n<td width=\"130\">\u22650,95<\/td>\n<td width=\"117\">\u00a0 0.31<\/td>\n<td width=\"129\">620 x 620 x 550<\/td>\n<td width=\"72\">11.00<\/td>\n<td width=\"90\">340<\/td>\n<td width=\"72\">140<\/td>\n<\/tr>\n<tr>\n<td width=\"342\">24<\/td>\n<td width=\"92\">40-75<\/td>\n<td width=\"130\">\u22650,95<\/td>\n<td width=\"117\">\u00a0 0.31<\/td>\n<td width=\"129\">620 x 620 x 550<\/td>\n<td width=\"72\">11.00<\/td>\n<td width=\"90\">340<\/td>\n<td width=\"72\">140<\/td>\n<\/tr>\n<tr>\n<td width=\"342\">32<\/td>\n<td width=\"92\">50-100<\/td>\n<td width=\"130\">\u22650,95<\/td>\n<td width=\"117\">\u00a0 0.31<\/td>\n<td width=\"129\">620 x 620 x 550<\/td>\n<td width=\"72\">11.00<\/td>\n<td width=\"90\">340<\/td>\n<td width=\"72\">140<\/td>\n<\/tr>\n<\/tbody>\n<\/table>\n\t\t<\/div>\n\t\t\t\t\t<\/div>\n\n\t\n<\/div>\n\t\t<\/div>\n\n\t\t\n<style>\n#section_1268835767 {\n  padding-top: 30px;\n  padding-bottom: 30px;\n}\n#section_1268835767 .ux-shape-divider--top svg {\n  height: 150px;\n  --divider-top-width: 100%;\n}\n#section_1268835767 .ux-shape-divider--bottom svg {\n  height: 150px;\n  --divider-width: 100%;\n}\n<\/style>\n\t<\/section>\n\t\n\t<section class=\"section\" id=\"section_1622054466\">\n\t\t<div class=\"bg section-bg fill bg-fill  bg-loaded\" >\n\n\t\t\t\n\t\t\t\n\t\t\t\n\n\t\t<\/div>\n\n\t\t\n\n\t\t<div class=\"section-content relative\">\n\t\t\t\n<h2 style=\"text-align: center;\">Ma\u00dfe<\/h2>\n<div class=\"row\"  id=\"row-893011508\">\n\n\t<div id=\"col-941191421\" class=\"col small-12 large-12\"  >\n\t\t\t\t<div class=\"col-inner\"  >\n\t\t\t\n\t\t\t\n<div class=\"row\"  id=\"row-946562631\">\n\n\t<div id=\"col-1392644635\" class=\"col small-12 large-12\"  >\n\t\t\t\t<div class=\"col-inner text-center\"  >\n\t\t\t\n\t\t\t\n<div class=\"row\"  id=\"row-614025131\">\n\n\t<div id=\"col-1659895789\" class=\"col medium-4 small-12 large-4\"  >\n\t\t\t\t<div class=\"col-inner\"  >\n\t\t\t\n\t\t\t\n\t<div class=\"img has-hover x md-x lg-x y md-y lg-y\" id=\"image_1895136296\">\n\t\t\t\t\t\t\t\t<div class=\"img-inner dark\" >\n\t\t\t<img loading=\"lazy\" decoding=\"async\" width=\"225\" height=\"250\" src=\"https:\/\/old.luxificlighting.com\/wp-content\/uploads\/2023\/05\/KEIRA-D1.jpg\" class=\"attachment-large size-large\" alt=\"\" \/>\t\t\t\t\t\t\n\t\t\t\t\t<\/div>\n\t\t\t\t\t\t\t\t\n<style>\n#image_1895136296 {\n  width: 100%;\n}\n<\/style>\n\t<\/div>\n\t\n\t\t<\/div>\n\t\t\t\t\t<\/div>\n\n\t\n\n\t<div id=\"col-7935442\" class=\"col medium-4 small-12 large-4\"  >\n\t\t\t\t<div class=\"col-inner\"  >\n\t\t\t\n\t\t\t\n\t<div class=\"img has-hover x md-x lg-x y md-y lg-y\" id=\"image_1458216264\">\n\t\t\t\t\t\t\t\t<div class=\"img-inner dark\" >\n\t\t\t<img loading=\"lazy\" decoding=\"async\" width=\"225\" height=\"250\" src=\"https:\/\/old.luxificlighting.com\/wp-content\/uploads\/2023\/05\/KEIRA-D2.jpg\" class=\"attachment-large size-large\" alt=\"\" \/>\t\t\t\t\t\t\n\t\t\t\t\t<\/div>\n\t\t\t\t\t\t\t\t\n<style>\n#image_1458216264 {\n  width: 100%;\n}\n<\/style>\n\t<\/div>\n\t\n\t\t<\/div>\n\t\t\t\t\t<\/div>\n\n\t\n<\/div>\n\t\t<\/div>\n\t\t\t\t\t<\/div>\n\n\t\n<\/div>\n\t\t<\/div>\n\t\t\t\t\t<\/div>\n\n\t\n<\/div>\n\t\t<\/div>\n\n\t\t\n<style>\n#section_1622054466 {\n  padding-top: 30px;\n  padding-bottom: 30px;\n}\n#section_1622054466 .ux-shape-divider--top svg {\n  height: 150px;\n  --divider-top-width: 100%;\n}\n#section_1622054466 .ux-shape-divider--bottom svg {\n  height: 150px;\n  --divider-width: 100%;\n}\n<\/style>\n\t<\/section>\n\t\n\t<section class=\"section\" id=\"section_1920171362\">\n\t\t<div class=\"bg section-bg fill bg-fill  bg-loaded\" >\n\n\t\t\t\n\t\t\t\n\t\t\t\n\n\t\t<\/div>\n\n\t\t\n\n\t\t<div class=\"section-content relative\">\n\t\t\t\n<div class=\"row\"  id=\"row-1816854328\">\n\n\t<div id=\"col-1029186474\" class=\"col small-12 large-12\"  >\n\t\t\t\t<div class=\"col-inner\"  >\n\t\t\t\n\t\t\t\n<h2 style=\"text-align: center;\">Optische Anwendung<\/h2>\n<div class=\"row\"  id=\"row-1983890645\">\n\n\t<div id=\"col-1055363256\" class=\"col medium-3 small-6 large-3\"  >\n\t\t\t\t<div class=\"col-inner\"  >\n\t\t\t\n\t\t\t\n\t<div class=\"img has-hover x md-x lg-x y md-y lg-y\" id=\"image_1706060020\">\n\t\t\t\t\t\t\t\t<div class=\"img-inner dark\" >\n\t\t\t<img loading=\"lazy\" decoding=\"async\" width=\"390\" height=\"390\" src=\"https:\/\/old.luxificlighting.com\/wp-content\/uploads\/2023\/05\/LEIRA-T2.jpg\" class=\"attachment-large size-large\" alt=\"\" srcset=\"https:\/\/old.luxificlighting.com\/wp-content\/uploads\/2023\/05\/LEIRA-T2.jpg 390w, https:\/\/old.luxificlighting.com\/wp-content\/uploads\/2023\/05\/LEIRA-T2-300x300.jpg 300w, https:\/\/old.luxificlighting.com\/wp-content\/uploads\/2023\/05\/LEIRA-T2-80x80.jpg 80w, https:\/\/old.luxificlighting.com\/wp-content\/uploads\/2023\/05\/LEIRA-T2-100x100.jpg 100w\" sizes=\"auto, (max-width: 390px) 100vw, 390px\" \/>\t\t\t\t\t\t\n\t\t\t\t\t<\/div>\n\t\t\t\t\t\t\t\t\n<style>\n#image_1706060020 {\n  width: 100%;\n}\n<\/style>\n\t<\/div>\n\t\n\t\t<\/div>\n\t\t\t\t\t<\/div>\n\n\t\n\n\t<div id=\"col-1715842661\" class=\"col medium-3 small-6 large-3\"  >\n\t\t\t\t<div class=\"col-inner\"  >\n\t\t\t\n\t\t\t\n\t<div class=\"img has-hover x md-x lg-x y md-y lg-y\" id=\"image_734847009\">\n\t\t\t\t\t\t\t\t<div class=\"img-inner dark\" >\n\t\t\t<img loading=\"lazy\" decoding=\"async\" width=\"390\" height=\"390\" src=\"https:\/\/old.luxificlighting.com\/wp-content\/uploads\/2023\/05\/LEIRA-T3.jpg\" class=\"attachment-large size-large\" alt=\"\" srcset=\"https:\/\/old.luxificlighting.com\/wp-content\/uploads\/2023\/05\/LEIRA-T3.jpg 390w, https:\/\/old.luxificlighting.com\/wp-content\/uploads\/2023\/05\/LEIRA-T3-300x300.jpg 300w, https:\/\/old.luxificlighting.com\/wp-content\/uploads\/2023\/05\/LEIRA-T3-80x80.jpg 80w, https:\/\/old.luxificlighting.com\/wp-content\/uploads\/2023\/05\/LEIRA-T3-100x100.jpg 100w\" sizes=\"auto, (max-width: 390px) 100vw, 390px\" \/>\t\t\t\t\t\t\n\t\t\t\t\t<\/div>\n\t\t\t\t\t\t\t\t\n<style>\n#image_734847009 {\n  width: 100%;\n}\n<\/style>\n\t<\/div>\n\t\n\t\t<\/div>\n\t\t\t\t\t<\/div>\n\n\t\n\n\t<div id=\"col-1700415702\" class=\"col medium-3 small-6 large-3\"  >\n\t\t\t\t<div class=\"col-inner\"  >\n\t\t\t\n\t\t\t\n\t<div class=\"img has-hover x md-x lg-x y md-y lg-y\" id=\"image_735851195\">\n\t\t\t\t\t\t\t\t<div class=\"img-inner dark\" >\n\t\t\t<img loading=\"lazy\" decoding=\"async\" width=\"390\" height=\"390\" src=\"https:\/\/old.luxificlighting.com\/wp-content\/uploads\/2023\/05\/LEIRA-T4.jpg\" class=\"attachment-large size-large\" alt=\"\" srcset=\"https:\/\/old.luxificlighting.com\/wp-content\/uploads\/2023\/05\/LEIRA-T4.jpg 390w, https:\/\/old.luxificlighting.com\/wp-content\/uploads\/2023\/05\/LEIRA-T4-300x300.jpg 300w, https:\/\/old.luxificlighting.com\/wp-content\/uploads\/2023\/05\/LEIRA-T4-80x80.jpg 80w, https:\/\/old.luxificlighting.com\/wp-content\/uploads\/2023\/05\/LEIRA-T4-100x100.jpg 100w\" sizes=\"auto, (max-width: 390px) 100vw, 390px\" \/>\t\t\t\t\t\t\n\t\t\t\t\t<\/div>\n\t\t\t\t\t\t\t\t\n<style>\n#image_735851195 {\n  width: 100%;\n}\n<\/style>\n\t<\/div>\n\t\n\t\t<\/div>\n\t\t\t\t\t<\/div>\n\n\t\n\n\t<div id=\"col-598291793\" class=\"col medium-3 small-6 large-3\"  >\n\t\t\t\t<div class=\"col-inner\"  >\n\t\t\t\n\t\t\t\n\t<div class=\"img has-hover x md-x lg-x y md-y lg-y\" id=\"image_81041102\">\n\t\t\t\t\t\t\t\t<div class=\"img-inner dark\" >\n\t\t\t<img loading=\"lazy\" decoding=\"async\" width=\"390\" height=\"390\" src=\"https:\/\/old.luxificlighting.com\/wp-content\/uploads\/2023\/05\/LEIRA-T5.jpg\" class=\"attachment-large size-large\" alt=\"\" srcset=\"https:\/\/old.luxificlighting.com\/wp-content\/uploads\/2023\/05\/LEIRA-T5.jpg 390w, https:\/\/old.luxificlighting.com\/wp-content\/uploads\/2023\/05\/LEIRA-T5-300x300.jpg 300w, https:\/\/old.luxificlighting.com\/wp-content\/uploads\/2023\/05\/LEIRA-T5-80x80.jpg 80w, https:\/\/old.luxificlighting.com\/wp-content\/uploads\/2023\/05\/LEIRA-T5-100x100.jpg 100w\" sizes=\"auto, (max-width: 390px) 100vw, 390px\" \/>\t\t\t\t\t\t\n\t\t\t\t\t<\/div>\n\t\t\t\t\t\t\t\t\n<style>\n#image_81041102 {\n  width: 100%;\n}\n<\/style>\n\t<\/div>\n\t\n\t\t<\/div>\n\t\t\t\t\t<\/div>\n\n\t\n<\/div>\n\t\t<\/div>\n\t\t\t\t\t<\/div>\n\n\t\n<\/div>\n\t\t<\/div>\n\n\t\t\n<style>\n#section_1920171362 {\n  padding-top: 30px;\n  padding-bottom: 30px;\n}\n#section_1920171362 .ux-shape-divider--top svg {\n  height: 150px;\n  --divider-top-width: 100%;\n}\n#section_1920171362 .ux-shape-divider--bottom svg {\n  height: 150px;\n  --divider-width: 100%;\n}\n<\/style>\n\t<\/section>\n\t\n\t<section class=\"section\" id=\"section_412979116\">\n\t\t<div class=\"bg section-bg fill bg-fill  bg-loaded\" >\n\n\t\t\t\n\t\t\t\n\t\t\t\n\n\t\t<\/div>\n\n\t\t\n\n\t\t<div class=\"section-content relative\">\n\t\t\t\n<div class=\"row\"  id=\"row-1724092297\">\n\n\t<div id=\"col-1436947893\" class=\"col small-12 large-12\"  >\n\t\t\t\t<div class=\"col-inner\"  >\n\t\t\t\n\t\t\t\n\t<div id=\"text-2592425729\" class=\"text\">\n\t\t\n<h2 style=\"text-align: center;\">Dokumentationen<\/h2>\n\t\t\n<style>\n#text-2592425729 {\n  text-align: center;\n}\n<\/style>\n\t<\/div>\n\t\n\t<div id=\"gap-422614862\" class=\"gap-element clearfix\" style=\"display:block; height:auto;\">\n\t\t\n<style>\n#gap-422614862 {\n  padding-top: 36px;\n}\n<\/style>\n\t<\/div>\n\t\n\t\t<\/div>\n\t\t\t\t\t<\/div>\n\n\t\n<\/div>\n<div class=\"row align-equal align-center\"  id=\"row-144165407\">\n\n\t<div id=\"col-1341259110\" class=\"col medium-4 small-12 large-4\"  >\n\t\t\t\t<div class=\"col-inner box-shadow-1\"  >\n\t\t\t\n\t\t\t\n<div class=\"row row-collapse align-equal align-center\"  id=\"row-1516868547\">\n\n\t<div id=\"col-696861868\" class=\"col small-12 large-12\"  >\n\t\t\t\t<div class=\"col-inner text-center dark\" style=\"background-color:rgb(20, 184, 166);\" >\n\t\t\t\n\t<div class=\"is-border\"\n\t\tstyle=\"border-color:rgb(255, 255, 255);border-width:0px 0px 10px 0px;\">\n\t<\/div>\n\t\t\t\n<p>Anweisung<\/p>\n<p>Anleitung installieren<\/p>\n\t\t<\/div>\n\t\t\t\t\n<style>\n#col-696861868 > .col-inner {\n  padding: 24px 0px 24px 0px;\n  border-radius: 8px;\n}\n<\/style>\n\t<\/div>\n\n\t\n<\/div>\n<div class=\"row row-collapse\"  id=\"row-393941168\">\n\n\t<div id=\"col-950600382\" class=\"col small-12 large-12\"  >\n\t\t\t\t<div class=\"col-inner text-center\"  >\n\t\t\t\n\t\t\t\n<a class=\"button primary is-outline is-large expand\"  >\n    <span>Herunterladen<\/span>\n  <\/a>\n\n\t\t<\/div>\n\t\t\t\t\n<style>\n#col-950600382 > .col-inner {\n  margin: 16px 0px 16px 0px;\n}\n<\/style>\n\t<\/div>\n\n\t\n\n<style>\n#row-393941168 > .col > .col-inner {\n  padding: 0px 30px 0px 30px;\n}\n@media (min-width:550px) {\n  #row-393941168 > .col > .col-inner {\n    padding: 0px 20px 0px 20px;\n  }\n}\n@media (min-width:850px) {\n  #row-393941168 > .col > .col-inner {\n    padding: 0px 40px 0px 40px;\n  }\n}\n<\/style>\n<\/div>\n\t\t<\/div>\n\t\t\t\t\n<style>\n#col-1341259110 > .col-inner {\n  margin: 16px 0px 16px 0px;\n  border-radius: 10px;\n}\n<\/style>\n\t<\/div>\n\n\t\n\n\t<div id=\"col-761762447\" class=\"col medium-4 small-12 large-4\"  >\n\t\t\t\t<div class=\"col-inner box-shadow-1\"  >\n\t\t\t\n\t\t\t\n<div class=\"row row-collapse align-equal align-center\"  id=\"row-1248733690\">\n\n\t<div id=\"col-909077649\" class=\"col small-12 large-12\"  >\n\t\t\t\t<div class=\"col-inner text-center dark\" style=\"background-color:rgb(20, 184, 166);\" >\n\t\t\t\n\t<div class=\"is-border\"\n\t\tstyle=\"border-color:rgb(255, 255, 255);border-width:0px 0px 10px 0px;\">\n\t<\/div>\n\t\t\t\n<p>Zertifikat<\/p>\n<p>CB<\/p>\n\t\t<\/div>\n\t\t\t\t\n<style>\n#col-909077649 > .col-inner {\n  padding: 24px 0px 24px 0px;\n  border-radius: 10px;\n}\n<\/style>\n\t<\/div>\n\n\t\n<\/div>\n<div class=\"row row-collapse\"  id=\"row-1356103210\">\n\n\t<div id=\"col-124260145\" class=\"col small-12 large-12\"  >\n\t\t\t\t<div class=\"col-inner text-center\"  >\n\t\t\t\n\t\t\t\n<a class=\"button primary is-outline expand\"  >\n    <span>Herunterladen<\/span>\n  <\/a>\n\n\t\t<\/div>\n\t\t\t\t\n<style>\n#col-124260145 > .col-inner {\n  margin: 16px 0px 0px 0px;\n}\n<\/style>\n\t<\/div>\n\n\t\n\n<style>\n#row-1356103210 > .col > .col-inner {\n  padding: 0px 30px 0px 30px;\n}\n@media (min-width:550px) {\n  #row-1356103210 > .col > .col-inner {\n    padding: 0px 20px 0px 20px;\n  }\n}\n@media (min-width:850px) {\n  #row-1356103210 > .col > .col-inner {\n    padding: 0px 40px 0px 40px;\n  }\n}\n<\/style>\n<\/div>\n\t\t<\/div>\n\t\t\t\t\n<style>\n#col-761762447 > .col-inner {\n  margin: 16px 0px 16px 0px;\n  border-radius: 8px;\n}\n<\/style>\n\t<\/div>\n\n\t\n\n\t<div id=\"col-1044642945\" class=\"col medium-4 small-12 large-4\"  >\n\t\t\t\t<div class=\"col-inner box-shadow-1\"  >\n\t\t\t\n\t\t\t\n<div class=\"row row-collapse align-equal align-center\"  id=\"row-1786803580\">\n\n\t<div id=\"col-1407698697\" class=\"col small-12 large-12\"  >\n\t\t\t\t<div class=\"col-inner text-center dark\" style=\"background-color:#14b8a6;\" >\n\t\t\t\n\t<div class=\"is-border\"\n\t\tstyle=\"border-color:rgb(255, 255, 255);border-width:0px 0px 10px 0px;\">\n\t<\/div>\n\t\t\t\n<p>Zertifikat<\/p>\n<p>ENEC<\/p>\n\t\t<\/div>\n\t\t\t\t\n<style>\n#col-1407698697 > .col-inner {\n  padding: 24px 0px 24px 0px;\n  border-radius: 8px;\n}\n<\/style>\n\t<\/div>\n\n\t\n<\/div>\n<div class=\"row row-collapse\"  id=\"row-911401171\">\n\n\t<div id=\"col-1303145982\" class=\"col small-12 large-12\"  >\n\t\t\t\t<div class=\"col-inner text-center\"  >\n\t\t\t\n\t\t\t\n<a class=\"button primary is-outline is-large expand\"  >\n    <span>Herunterladen<\/span>\n  <\/a>\n\n\t\t<\/div>\n\t\t\t\t\n<style>\n#col-1303145982 > .col-inner {\n  margin: 16px 0px 0px 0px;\n}\n<\/style>\n\t<\/div>\n\n\t\n\n<style>\n#row-911401171 > .col > .col-inner {\n  padding: 0px 30px 0px 30px;\n}\n@media (min-width:550px) {\n  #row-911401171 > .col > .col-inner {\n    padding: 0px 20px 0px 20px;\n  }\n}\n@media (min-width:850px) {\n  #row-911401171 > .col > .col-inner {\n    padding: 0px 40px 0px 40px;\n  }\n}\n<\/style>\n<\/div>\n\t\t<\/div>\n\t\t\t\t\n<style>\n#col-1044642945 > .col-inner {\n  margin: 16px 0px 16px 0px;\n  border-radius: 10px;\n}\n<\/style>\n\t<\/div>\n\n\t\n\n<style>\n#row-144165407 > .col > .col-inner {\n  background-color: rgb(255,255,255);\n}\n<\/style>\n<\/div>\n\t\t<\/div>\n\n\t\t\n<style>\n#section_412979116 {\n  padding-top: 48px;\n  padding-bottom: 48px;\n}\n#section_412979116 .ux-shape-divider--top svg {\n  height: 150px;\n  --divider-top-width: 100%;\n}\n#section_412979116 .ux-shape-divider--bottom svg {\n  height: 150px;\n  --divider-width: 100%;\n}\n<\/style>\n\t<\/section>\n\t\n\t<section class=\"section dark\" id=\"section_1553257614\">\n\t\t<div class=\"bg section-bg fill bg-fill  bg-loaded\" >\n\n\t\t\t\n\t\t\t\n\t\t\t\n\n\t\t<\/div>\n\n\t\t\n\n\t\t<div class=\"section-content relative\">\n\t\t\t\n\n<div class=\"row row-small align-center\"  id=\"row-1042153016\">\n\n\n\t<div id=\"col-2044458442\" class=\"col small-12 large-12\"  >\n\t\t\t\t<div class=\"col-inner text-center dark\" style=\"background-color:rgb(250, 250, 249);\" >\n\t\t\t\n\t\t\t\n\n\t<div id=\"text-2307699719\" class=\"text\">\n\t\t\n\n<h3>Schnelle Anfrage<\/h3>\n<p>Bitte kontaktieren Sie uns f\u00fcr weitere Produktinformationen!<\/p>\n\t\t\n<style>\n#text-2307699719 {\n  color: rgb(23, 23, 23);\n}\n#text-2307699719 > * {\n  color: rgb(23, 23, 23);\n}\n<\/style>\n\t<\/div>\n\t\n<a href=\"#is-pop\" target=\"_self\" class=\"button primary\"  style=\"border-radius:8px;padding:4px 49px 4px 48px;\">\n    <span>Gehen Sie zu Kontakt<\/span>\n  <\/a>\n\n\n\n\t\t<\/div>\n\t\t\t\t\n<style>\n#col-2044458442 > .col-inner {\n  padding: 36px 0px 36px 0px;\n  border-radius: 16px;\n}\n<\/style>\n\t<\/div>\n\n\t\n\n<\/div>\n\n\t\t<\/div>\n\n\t\t\n<style>\n#section_1553257614 {\n  padding-top: 30px;\n  padding-bottom: 30px;\n  background-color: rgb(255,255,255);\n}\n#section_1553257614 .ux-shape-divider--top svg {\n  height: 150px;\n  --divider-top-width: 100%;\n}\n#section_1553257614 .ux-shape-divider--bottom svg {\n  height: 150px;\n  --divider-width: 100%;\n}\n<\/style>\n\t<\/section>","protected":false},"excerpt":{"rendered":"<p>The Keira series is an exceptional LED garden light that can serve both as a decorative and functional. It can power from 20W to 100W, which is ideal for the lighting of the walkways, garden features, and entrances. The Keira series is made by a reputable outdoor lighting supplier- Luxific. It is equipped with modern design features and high power durable LEDs to fit any outdoor space with style and provide maximum illumination.<\/p>\n<p>Ideal for:<\/p>\n<ul>\n<li>Walkways and entrances<\/li>\n<li>Garden features and focal points<\/li>\n<li>Commercial and residential landscapes<\/li>\n<\/ul>","protected":false},"featured_media":3082,"comment_status":"closed","ping_status":"closed","template":"","meta":[],"product_brand":[],"product_cat":[61],"product_tag":[],"class_list":{"0":"post-3061","1":"product","2":"type-product","3":"status-publish","4":"has-post-thumbnail","6":"product_cat-led-graden-light","8":"first","9":"instock","10":"shipping-taxable","11":"product-type-simple"},"yoast_head":"<!-- This site is optimized with the Yoast SEO plugin v25.3 - https:\/\/yoast.com\/wordpress\/plugins\/seo\/ -->\n<title>Keira 20W-100W Outdoor Garden fixtures<\/title>\n<meta name=\"description\" content=\"Outdoor garden light brings your garden to life. Keira adds a touch of elegance to any outdoor space. Shop now and transform your garden.\" \/>\n<meta name=\"robots\" content=\"noindex, follow, max-snippet:-1, max-image-preview:large, max-video-preview:-1\" \/>\n<meta property=\"og:locale\" content=\"de_DE\" \/>\n<meta property=\"og:type\" content=\"article\" \/>\n<meta property=\"og:title\" content=\"Keira 20W-100W Outdoor Garden fixtures\" \/>\n<meta property=\"og:description\" content=\"Outdoor garden light brings your garden to life. Keira adds a touch of elegance to any outdoor space. Shop now and transform your garden.\" \/>\n<meta property=\"og:url\" content=\"https:\/\/old.luxificlighting.com\/de\/produkt\/keira\/\" \/>\n<meta property=\"og:site_name\" content=\"LUXIFIC\" \/>\n<meta property=\"article:modified_time\" content=\"2025-03-27T00:24:17+00:00\" \/>\n<meta property=\"og:image\" content=\"https:\/\/old.luxificlighting.com\/wp-content\/uploads\/2023\/04\/Keria-1.png\" \/>\n\t<meta property=\"og:image:width\" content=\"800\" \/>\n\t<meta property=\"og:image:height\" content=\"600\" \/>\n\t<meta property=\"og:image:type\" content=\"image\/png\" \/>\n<meta name=\"twitter:card\" content=\"summary_large_image\" \/>\n<meta name=\"twitter:label1\" content=\"Gesch\u00e4tzte Lesezeit\" \/>\n\t<meta name=\"twitter:data1\" content=\"2\u00a0Minuten\" \/>\n<script type=\"application\/ld+json\" class=\"yoast-schema-graph\">{\"@context\":\"https:\/\/schema.org\",\"@graph\":[{\"@type\":\"WebPage\",\"@id\":\"https:\/\/old.luxificlighting.com\/product\/keira\/\",\"url\":\"https:\/\/old.luxificlighting.com\/product\/keira\/\",\"name\":\"Keira 20W-100W Outdoor Garden fixtures\",\"isPartOf\":{\"@id\":\"https:\/\/old.luxificlighting.com\/#website\"},\"primaryImageOfPage\":{\"@id\":\"https:\/\/old.luxificlighting.com\/product\/keira\/#primaryimage\"},\"image\":{\"@id\":\"https:\/\/old.luxificlighting.com\/product\/keira\/#primaryimage\"},\"thumbnailUrl\":\"https:\/\/old.luxificlighting.com\/wp-content\/uploads\/2023\/04\/Keria-1.png\",\"datePublished\":\"2023-04-13T07:23:08+00:00\",\"dateModified\":\"2025-03-27T00:24:17+00:00\",\"description\":\"Outdoor garden light brings your garden to life. Keira adds a touch of elegance to any outdoor space. Shop now and transform your garden.\",\"breadcrumb\":{\"@id\":\"https:\/\/old.luxificlighting.com\/product\/keira\/#breadcrumb\"},\"inLanguage\":\"de\",\"potentialAction\":[{\"@type\":\"ReadAction\",\"target\":[\"https:\/\/old.luxificlighting.com\/product\/keira\/\"]}]},{\"@type\":\"ImageObject\",\"inLanguage\":\"de\",\"@id\":\"https:\/\/old.luxificlighting.com\/product\/keira\/#primaryimage\",\"url\":\"https:\/\/old.luxificlighting.com\/wp-content\/uploads\/2023\/04\/Keria-1.png\",\"contentUrl\":\"https:\/\/old.luxificlighting.com\/wp-content\/uploads\/2023\/04\/Keria-1.png\",\"width\":800,\"height\":600},{\"@type\":\"BreadcrumbList\",\"@id\":\"https:\/\/old.luxificlighting.com\/product\/keira\/#breadcrumb\",\"itemListElement\":[{\"@type\":\"ListItem\",\"position\":1,\"name\":\"Home\",\"item\":\"https:\/\/old.luxificlighting.com\/\"},{\"@type\":\"ListItem\",\"position\":2,\"name\":\"Products\",\"item\":\"https:\/\/old.luxificlighting.com\/products\/\"},{\"@type\":\"ListItem\",\"position\":3,\"name\":\"Keira 20W-100W\"}]},{\"@type\":\"WebSite\",\"@id\":\"https:\/\/old.luxificlighting.com\/#website\",\"url\":\"https:\/\/old.luxificlighting.com\/\",\"name\":\"LUXIFIC\",\"description\":\"\",\"potentialAction\":[{\"@type\":\"SearchAction\",\"target\":{\"@type\":\"EntryPoint\",\"urlTemplate\":\"https:\/\/old.luxificlighting.com\/?s={search_term_string}\"},\"query-input\":{\"@type\":\"PropertyValueSpecification\",\"valueRequired\":true,\"valueName\":\"search_term_string\"}}],\"inLanguage\":\"de\"}]}<\/script>\n<!-- \/ Yoast SEO plugin. -->","yoast_head_json":{"title":"Keira 20W-100W Outdoor-Gartenleuchten","description":"Eine Gartenleuchte f\u00fcr den Au\u00dfenbereich erweckt Ihren Garten zum Leben. Keira verleiht jedem Au\u00dfenbereich einen Hauch von Eleganz. Kaufen Sie jetzt ein und verwandeln Sie Ihren Garten.","robots":{"index":"noindex","follow":"follow","max-snippet":"max-snippet:-1","max-image-preview":"max-image-preview:large","max-video-preview":"max-video-preview:-1"},"og_locale":"de_DE","og_type":"article","og_title":"Keira 20W-100W Outdoor Garden fixtures","og_description":"Outdoor garden light brings your garden to life. Keira adds a touch of elegance to any outdoor space. Shop now and transform your garden.","og_url":"https:\/\/old.luxificlighting.com\/de\/produkt\/keira\/","og_site_name":"LUXIFIC","article_modified_time":"2025-03-27T00:24:17+00:00","og_image":[{"width":800,"height":600,"url":"https:\/\/old.luxificlighting.com\/wp-content\/uploads\/2023\/04\/Keria-1.png","type":"image\/png"}],"twitter_card":"summary_large_image","twitter_misc":{"Gesch\u00e4tzte Lesezeit":"2\u00a0Minuten"},"schema":{"@context":"https:\/\/schema.org","@graph":[{"@type":"WebPage","@id":"https:\/\/old.luxificlighting.com\/product\/keira\/","url":"https:\/\/old.luxificlighting.com\/product\/keira\/","name":"Keira 20W-100W Outdoor-Gartenleuchten","isPartOf":{"@id":"https:\/\/old.luxificlighting.com\/#website"},"primaryImageOfPage":{"@id":"https:\/\/old.luxificlighting.com\/product\/keira\/#primaryimage"},"image":{"@id":"https:\/\/old.luxificlighting.com\/product\/keira\/#primaryimage"},"thumbnailUrl":"https:\/\/old.luxificlighting.com\/wp-content\/uploads\/2023\/04\/Keria-1.png","datePublished":"2023-04-13T07:23:08+00:00","dateModified":"2025-03-27T00:24:17+00:00","description":"Eine Gartenleuchte f\u00fcr den Au\u00dfenbereich erweckt Ihren Garten zum Leben. Keira verleiht jedem Au\u00dfenbereich einen Hauch von Eleganz. Kaufen Sie jetzt ein und verwandeln Sie Ihren Garten.","breadcrumb":{"@id":"https:\/\/old.luxificlighting.com\/product\/keira\/#breadcrumb"},"inLanguage":"de","potentialAction":[{"@type":"ReadAction","target":["https:\/\/old.luxificlighting.com\/product\/keira\/"]}]},{"@type":"ImageObject","inLanguage":"de","@id":"https:\/\/old.luxificlighting.com\/product\/keira\/#primaryimage","url":"https:\/\/old.luxificlighting.com\/wp-content\/uploads\/2023\/04\/Keria-1.png","contentUrl":"https:\/\/old.luxificlighting.com\/wp-content\/uploads\/2023\/04\/Keria-1.png","width":800,"height":600},{"@type":"BreadcrumbList","@id":"https:\/\/old.luxificlighting.com\/product\/keira\/#breadcrumb","itemListElement":[{"@type":"ListItem","position":1,"name":"Home","item":"https:\/\/old.luxificlighting.com\/"},{"@type":"ListItem","position":2,"name":"Products","item":"https:\/\/old.luxificlighting.com\/products\/"},{"@type":"ListItem","position":3,"name":"Keira 20W-100W"}]},{"@type":"WebSite","@id":"https:\/\/old.luxificlighting.com\/#website","url":"https:\/\/old.luxificlighting.com\/","name":"Luxuri\u00f6s","description":"","potentialAction":[{"@type":"SearchAction","target":{"@type":"EntryPoint","urlTemplate":"https:\/\/old.luxificlighting.com\/?s={search_term_string}"},"query-input":{"@type":"PropertyValueSpecification","valueRequired":true,"valueName":"search_term_string"}}],"inLanguage":"de"}]}},"_links":{"self":[{"href":"https:\/\/old.luxificlighting.com\/de\/wp-json\/wp\/v2\/product\/3061","targetHints":{"allow":["GET"]}}],"collection":[{"href":"https:\/\/old.luxificlighting.com\/de\/wp-json\/wp\/v2\/product"}],"about":[{"href":"https:\/\/old.luxificlighting.com\/de\/wp-json\/wp\/v2\/types\/product"}],"replies":[{"embeddable":true,"href":"https:\/\/old.luxificlighting.com\/de\/wp-json\/wp\/v2\/comments?post=3061"}],"wp:featuredmedia":[{"embeddable":true,"href":"https:\/\/old.luxificlighting.com\/de\/wp-json\/wp\/v2\/media\/3082"}],"wp:attachment":[{"href":"https:\/\/old.luxificlighting.com\/de\/wp-json\/wp\/v2\/media?parent=3061"}],"wp:term":[{"taxonomy":"product_brand","embeddable":true,"href":"https:\/\/old.luxificlighting.com\/de\/wp-json\/wp\/v2\/product_brand?post=3061"},{"taxonomy":"product_cat","embeddable":true,"href":"https:\/\/old.luxificlighting.com\/de\/wp-json\/wp\/v2\/product_cat?post=3061"},{"taxonomy":"product_tag","embeddable":true,"href":"https:\/\/old.luxificlighting.com\/de\/wp-json\/wp\/v2\/product_tag?post=3061"}],"curies":[{"name":"wp","href":"https:\/\/api.w.org\/{rel}","templated":true}]}}